{"id":3683,"date":"2025-02-03T16:31:06","date_gmt":"2025-02-03T16:31:06","guid":{"rendered":"https:\/\/qelizaesthetics.com\/?post_type=product&#038;p=3683"},"modified":"2025-09-02T15:55:44","modified_gmt":"2025-09-02T15:55:44","slug":"zinc-citrate-25-mg-60-caps","status":"publish","type":"product","link":"https:\/\/qelizaesthetics.com\/fr\/produit\/citrate-de-zinc-25-mg-60-gelules\/","title":{"rendered":"Citrate de Zinc 25 mg (60 g\u00e9lules)"},"content":{"rendered":"","protected":false},"excerpt":{"rendered":"<div class=\"border-section rte\">\n    <strong>Un min\u00e9ral essentiel pour la fonction immunitaire<\/strong>Le citrate de zinc est utilis\u00e9 pour am\u00e9liorer la qualit\u00e9 de vie, la sant\u00e9 de la peau et la cicatrisation des plaies. Le citrate de zinc offre une meilleure absorption, garantissant ainsi des avantages maximaux.\n<\/div>\n<p><\/p>\n<div class=\"border-section rte\">\n    <strong>Le saviez-vous ?<\/strong><br \/>\n    Le zinc joue un r\u00f4le crucial dans l'am\u00e9lioration de la <strong>l'efficacit\u00e9 et la long\u00e9vit\u00e9 du Botox<\/strong> en favorisant la r\u00e9gulation de l'ac\u00e9tylcholine et l'activit\u00e9 enzymatique \u00e0 la jonction neuromusculaire. Des \u00e9tudes sugg\u00e8rent que le zinc peut aider le Botox \u00e0 se lier plus efficacement aux terminaisons nerveuses, ce qui pourrait permettre aux r\u00e9sultats de durer plus longtemps et d'agir plus efficacement.\n<\/div>","protected":false},"featured_media":3744,"comment_status":"open","ping_status":"closed","template":"","meta":[],"product_brand":[],"product_cat":[29],"product_tag":[],"class_list":{"0":"post-3683","1":"product","2":"type-product","3":"status-publish","4":"has-post-thumbnail","6":"product_cat-supplements","8":"first","9":"instock","10":"shipping-taxable","11":"purchasable","12":"product-type-simple"},"_links":{"self":[{"href":"https:\/\/qelizaesthetics.com\/fr\/wp-json\/wp\/v2\/product\/3683","targetHints":{"allow":["GET"]}}],"collection":[{"href":"https:\/\/qelizaesthetics.com\/fr\/wp-json\/wp\/v2\/product"}],"about":[{"href":"https:\/\/qelizaesthetics.com\/fr\/wp-json\/wp\/v2\/types\/product"}],"replies":[{"embeddable":true,"href":"https:\/\/qelizaesthetics.com\/fr\/wp-json\/wp\/v2\/comments?post=3683"}],"wp:featuredmedia":[{"embeddable":true,"href":"https:\/\/qelizaesthetics.com\/fr\/wp-json\/wp\/v2\/media\/3744"}],"wp:attachment":[{"href":"https:\/\/qelizaesthetics.com\/fr\/wp-json\/wp\/v2\/media?parent=3683"}],"wp:term":[{"taxonomy":"product_brand","embeddable":true,"href":"https:\/\/qelizaesthetics.com\/fr\/wp-json\/wp\/v2\/product_brand?post=3683"},{"taxonomy":"product_cat","embeddable":true,"href":"https:\/\/qelizaesthetics.com\/fr\/wp-json\/wp\/v2\/product_cat?post=3683"},{"taxonomy":"product_tag","embeddable":true,"href":"https:\/\/qelizaesthetics.com\/fr\/wp-json\/wp\/v2\/product_tag?post=3683"}],"curies":[{"name":"wp","href":"https:\/\/api.w.org\/{rel}","templated":true}]}}