{"id":2760,"date":"2024-10-18T15:45:02","date_gmt":"2024-10-18T15:45:02","guid":{"rendered":"https:\/\/qelizaesthetics.com\/?post_type=product&#038;p=2760"},"modified":"2025-09-02T15:56:32","modified_gmt":"2025-09-02T15:56:32","slug":"bio-shield-spf-40","status":"publish","type":"product","link":"https:\/\/qelizaesthetics.com\/fr\/produit\/bio-shield-spf-40\/","title":{"rendered":"Bio-Shield SPF 40"},"content":{"rendered":"<h2 class=\"image-with-text__heading inline-richtext h2\">D\u00e9fendez votre peau contre l'ennemi invisible<\/h2>\n<div class=\"border-section rte\">\n<p><strong>100% min\u00e9ral<\/strong>\u00a0<strong>SPF 40<\/strong><\/p>\n<p>Offre une protection solide contre les rayons UVA et UVB, r\u00e9duisant ainsi le risque de dommages caus\u00e9s par le soleil.<\/p>\n<\/div>\n<div class=\"border-section rte\">\n<p><strong>D\u00e9fense contre la lumi\u00e8re bleue, les CEM et la pollution<\/strong><\/p>\n<p>Prot\u00e8ge la peau des polluants num\u00e9riques et environnementaux.<\/p>\n<\/div>\n<div class=\"border-section rte\">\n<p><strong>Hydratation et apaisement<\/strong><\/p>\n<p>Enrichi d'ingr\u00e9dients hydratants et apaisants pour un confort tout au long de la journ\u00e9e.<\/p>\n<\/div>","protected":false},"excerpt":{"rendered":"<p><strong>Protection \u00e0 360\u00b0 gr\u00e2ce \u00e0 notre bouclier environnemental avanc\u00e9<\/strong><br \/>\n100% mineral - Blue Light &amp; Pollution Defense - Hydratation &amp; Apaisement<\/p>\n<div class=\"stats\">\n<div class=\"metric\">\n<div class=\"circle-chart\">\n<div class=\"percentage\">\n<h2 class=\"center\">Ce qu'il vise<\/h2>\n<div class=\"stats\">\n<div class=\"metric\">\n<div class=\"circle-chart\">\n<div class=\"percentage\">65% Hydratation<\/div>\n<\/div>\n<\/div>\n<div class=\"metric\">\n<div class=\"circle-chart\">\n<div class=\"percentage\">85% Pigmentation<\/div>\n<\/div>\n<\/div>\n<div class=\"metric\">\n<div class=\"circle-chart\">\n<div class=\"percentage\">50% Fermet\u00e9<\/div>\n<\/div>\n<\/div>\n<div class=\"metric\">\n<div class=\"circle-chart\">\n<div class=\"percentage\">85% Rides<\/div>\n<\/div>\n<\/div>\n<div class=\"metric\">\n<div class=\"circle-chart\">\n<div class=\"percentage\">95% Dullness<\/div>\n<\/div>\n<\/div>\n<div class=\"metric\">\n<div class=\"circle-chart\">\n<div class=\"percentage\">100% R\u00e9silience<\/div>\n<\/div>\n<\/div>\n<\/div>\n<\/div>\n<\/div>\n<\/div>\n<\/div>","protected":false},"featured_media":2761,"comment_status":"open","ping_status":"closed","template":"","meta":[],"product_brand":[],"product_cat":[34,25],"product_tag":[],"class_list":{"0":"post-2760","1":"product","2":"type-product","3":"status-publish","4":"has-post-thumbnail","6":"product_cat-skincare","7":"product_cat-young-goose","9":"first","10":"instock","11":"shipping-taxable","12":"purchasable","13":"product-type-simple"},"_links":{"self":[{"href":"https:\/\/qelizaesthetics.com\/fr\/wp-json\/wp\/v2\/product\/2760","targetHints":{"allow":["GET"]}}],"collection":[{"href":"https:\/\/qelizaesthetics.com\/fr\/wp-json\/wp\/v2\/product"}],"about":[{"href":"https:\/\/qelizaesthetics.com\/fr\/wp-json\/wp\/v2\/types\/product"}],"replies":[{"embeddable":true,"href":"https:\/\/qelizaesthetics.com\/fr\/wp-json\/wp\/v2\/comments?post=2760"}],"wp:featuredmedia":[{"embeddable":true,"href":"https:\/\/qelizaesthetics.com\/fr\/wp-json\/wp\/v2\/media\/2761"}],"wp:attachment":[{"href":"https:\/\/qelizaesthetics.com\/fr\/wp-json\/wp\/v2\/media?parent=2760"}],"wp:term":[{"taxonomy":"product_brand","embeddable":true,"href":"https:\/\/qelizaesthetics.com\/fr\/wp-json\/wp\/v2\/product_brand?post=2760"},{"taxonomy":"product_cat","embeddable":true,"href":"https:\/\/qelizaesthetics.com\/fr\/wp-json\/wp\/v2\/product_cat?post=2760"},{"taxonomy":"product_tag","embeddable":true,"href":"https:\/\/qelizaesthetics.com\/fr\/wp-json\/wp\/v2\/product_tag?post=2760"}],"curies":[{"name":"wp","href":"https:\/\/api.w.org\/{rel}","templated":true}]}}