{"id":2756,"date":"2024-10-18T15:40:14","date_gmt":"2024-10-18T15:40:14","guid":{"rendered":"https:\/\/qelizaesthetics.com\/?post_type=product&#038;p=2756"},"modified":"2025-09-02T15:56:46","modified_gmt":"2025-09-02T15:56:46","slug":"c-a-r-e","status":"publish","type":"product","link":"https:\/\/qelizaesthetics.com\/fr\/produit\/c-a-r-e\/","title":{"rendered":"C.A.R.E."},"content":{"rendered":"<h2 class=\"image-with-text__heading inline-richtext h2\">Transformez votre peau gr\u00e2ce \u00e0 la puissance des pr\u00e9curseurs NAD<\/h2>\n<div class=\"border-section rte\">\n<p><strong>R\u00e9duit les ridules<\/strong><\/p>\n<p>Lib\u00e9rez la puissance des pr\u00e9curseurs NAD+ pour att\u00e9nuer visiblement l'apparence des rides et des ridules.<\/p>\n<\/div>\n<div class=\"border-section rte\">\n<p><strong>Am\u00e9liore l'\u00e9clat de la peau<\/strong><\/p>\n<p>Infus\u00e9e de resv\u00e9ratrol et d'actifs vitaux, notre formule \u00e9claircit et revitalise pour un \u00e9clat de jeunesse.<\/p>\n<\/div>\n<div class=\"border-section rte\">\n<p><strong>Am\u00e9liore la texture et les pores<\/strong><\/p>\n<p>La texture de la peau et la visibilit\u00e9 des pores sont transform\u00e9es pour un teint plus lisse et plus raffin\u00e9.<\/p>\n<\/div>","protected":false},"excerpt":{"rendered":"<p><strong>La cr\u00e8me hydratante anti-\u00e2ge par excellence<br \/>\n<\/strong>R\u00e9duit les ridules - Am\u00e9liore l'\u00e9clat de la peau - Am\u00e9liore la texture et les pores<\/p>\n<div class=\"stats\">\n<div class=\"metric\">\n<div class=\"circle-chart\">\n<div class=\"percentage\">\n<h2 class=\"center\">Ce qu'il vise<\/h2>\n<div class=\"stats\">\n<div class=\"metric\">\n<div class=\"circle-chart\">\n<div class=\"percentage\">100% Hydratation<\/div>\n<\/div>\n<\/div>\n<div class=\"metric\">\n<div class=\"circle-chart\">\n<div class=\"percentage\">50% Pigmentation<\/div>\n<\/div>\n<\/div>\n<div class=\"metric\">\n<div class=\"circle-chart\">\n<div class=\"percentage\">95% Fermet\u00e9<\/div>\n<\/div>\n<\/div>\n<div class=\"metric\">\n<div class=\"circle-chart\">\n<div class=\"percentage\">95% Rides<\/div>\n<\/div>\n<\/div>\n<div class=\"metric\">\n<div class=\"circle-chart\">\n<div class=\"percentage\">100% Dullness<\/div>\n<\/div>\n<\/div>\n<div class=\"metric\">\n<div class=\"circle-chart\">\n<div class=\"percentage\">60% R\u00e9silience<\/div>\n<\/div>\n<\/div>\n<\/div>\n<\/div>\n<\/div>\n<\/div>\n<\/div>","protected":false},"featured_media":2757,"comment_status":"open","ping_status":"closed","template":"","meta":[],"product_brand":[],"product_cat":[34,25],"product_tag":[],"class_list":{"0":"post-2756","1":"product","2":"type-product","3":"status-publish","4":"has-post-thumbnail","6":"product_cat-skincare","7":"product_cat-young-goose","9":"first","10":"instock","11":"shipping-taxable","12":"purchasable","13":"product-type-simple"},"_links":{"self":[{"href":"https:\/\/qelizaesthetics.com\/fr\/wp-json\/wp\/v2\/product\/2756","targetHints":{"allow":["GET"]}}],"collection":[{"href":"https:\/\/qelizaesthetics.com\/fr\/wp-json\/wp\/v2\/product"}],"about":[{"href":"https:\/\/qelizaesthetics.com\/fr\/wp-json\/wp\/v2\/types\/product"}],"replies":[{"embeddable":true,"href":"https:\/\/qelizaesthetics.com\/fr\/wp-json\/wp\/v2\/comments?post=2756"}],"wp:featuredmedia":[{"embeddable":true,"href":"https:\/\/qelizaesthetics.com\/fr\/wp-json\/wp\/v2\/media\/2757"}],"wp:attachment":[{"href":"https:\/\/qelizaesthetics.com\/fr\/wp-json\/wp\/v2\/media?parent=2756"}],"wp:term":[{"taxonomy":"product_brand","embeddable":true,"href":"https:\/\/qelizaesthetics.com\/fr\/wp-json\/wp\/v2\/product_brand?post=2756"},{"taxonomy":"product_cat","embeddable":true,"href":"https:\/\/qelizaesthetics.com\/fr\/wp-json\/wp\/v2\/product_cat?post=2756"},{"taxonomy":"product_tag","embeddable":true,"href":"https:\/\/qelizaesthetics.com\/fr\/wp-json\/wp\/v2\/product_tag?post=2756"}],"curies":[{"name":"wp","href":"https:\/\/api.w.org\/{rel}","templated":true}]}}