{"id":2723,"date":"2024-10-18T14:45:02","date_gmt":"2024-10-18T14:45:02","guid":{"rendered":"https:\/\/qelizaesthetics.com\/?post_type=product&#038;p=2723"},"modified":"2025-09-03T08:50:58","modified_gmt":"2025-09-03T08:50:58","slug":"hyperbaric-mask","status":"publish","type":"product","link":"https:\/\/qelizaesthetics.com\/fr\/produit\/masque-hyperbare\/","title":{"rendered":"Masque hyperbare"},"content":{"rendered":"<h2 class=\"image-with-text__heading inline-richtext h2\">Besoin d'un ascenseur ?<\/h2>\n<div class=\"border-section rte\">\n<p><strong>Hydratation instantan\u00e9e<\/strong><\/p>\n<p>Inondez votre peau d'une hydratation essentielle pour un fini ros\u00e9 et \u00e9clatant.<\/p>\n<\/div>\n<div class=\"border-section rte\">\n<p><strong>Fermet\u00e9 visible<\/strong><\/p>\n<p>Notre formule infus\u00e9e d'oxyg\u00e8ne, con\u00e7ue pour am\u00e9liorer l'\u00e9lasticit\u00e9 de la peau, procure une sensation de lift.<\/p>\n<\/div>\n<div class=\"border-section rte\">\n<p><strong>Lisser et revitaliser<\/strong><\/p>\n<p>Enrichi en algues marines et en peptides, il permet d'obtenir un teint plus lisse et plus jeune.<\/p>\n<\/div>","protected":false},"excerpt":{"rendered":"<p><strong>D\u00e9couvrez le pouvoir revitalisant de l'oxyg\u00e9noth\u00e9rapie<\/strong><br \/>\nHydratation instantan\u00e9e - Fermet\u00e9 visible - Lisse et revitalise<\/p>\n<h2 class=\"center\">Ce qu'il vise<\/h2>\n<div class=\"stats\">\n<div class=\"metric\">\n<div class=\"circle-chart\">\n<div class=\"percentage\">100% Hydratation<\/div>\n<\/div>\n<\/div>\n<div class=\"metric\">\n<div class=\"circle-chart\">\n<div class=\"percentage\">50% Pigmentation<\/div>\n<\/div>\n<\/div>\n<div class=\"metric\">\n<div class=\"circle-chart\">\n<div class=\"percentage\">95% Fermet\u00e9<\/div>\n<\/div>\n<\/div>\n<div class=\"metric\">\n<div class=\"circle-chart\">\n<div class=\"percentage\">95% Rides<\/div>\n<\/div>\n<\/div>\n<div class=\"metric\">\n<div class=\"circle-chart\">\n<div class=\"percentage\">100% Dullness<\/div>\n<\/div>\n<\/div>\n<div class=\"metric\">\n<div class=\"circle-chart\">\n<div class=\"percentage\">60% R\u00e9silience<\/div>\n<\/div>\n<\/div>\n<\/div>","protected":false},"featured_media":2725,"comment_status":"open","ping_status":"closed","template":"","meta":[],"product_brand":[],"product_cat":[34,25],"product_tag":[],"class_list":{"0":"post-2723","1":"product","2":"type-product","3":"status-publish","4":"has-post-thumbnail","6":"product_cat-skincare","7":"product_cat-young-goose","9":"first","10":"instock","11":"shipping-taxable","12":"purchasable","13":"product-type-simple"},"_links":{"self":[{"href":"https:\/\/qelizaesthetics.com\/fr\/wp-json\/wp\/v2\/product\/2723","targetHints":{"allow":["GET"]}}],"collection":[{"href":"https:\/\/qelizaesthetics.com\/fr\/wp-json\/wp\/v2\/product"}],"about":[{"href":"https:\/\/qelizaesthetics.com\/fr\/wp-json\/wp\/v2\/types\/product"}],"replies":[{"embeddable":true,"href":"https:\/\/qelizaesthetics.com\/fr\/wp-json\/wp\/v2\/comments?post=2723"}],"wp:featuredmedia":[{"embeddable":true,"href":"https:\/\/qelizaesthetics.com\/fr\/wp-json\/wp\/v2\/media\/2725"}],"wp:attachment":[{"href":"https:\/\/qelizaesthetics.com\/fr\/wp-json\/wp\/v2\/media?parent=2723"}],"wp:term":[{"taxonomy":"product_brand","embeddable":true,"href":"https:\/\/qelizaesthetics.com\/fr\/wp-json\/wp\/v2\/product_brand?post=2723"},{"taxonomy":"product_cat","embeddable":true,"href":"https:\/\/qelizaesthetics.com\/fr\/wp-json\/wp\/v2\/product_cat?post=2723"},{"taxonomy":"product_tag","embeddable":true,"href":"https:\/\/qelizaesthetics.com\/fr\/wp-json\/wp\/v2\/product_tag?post=2723"}],"curies":[{"name":"wp","href":"https:\/\/api.w.org\/{rel}","templated":true}]}}