{"id":2718,"date":"2024-10-18T14:39:35","date_gmt":"2024-10-18T14:39:35","guid":{"rendered":"https:\/\/qelizaesthetics.com\/?post_type=product&#038;p=2718"},"modified":"2025-09-03T08:50:38","modified_gmt":"2025-09-03T08:50:38","slug":"eye-c-a-r-e","status":"publish","type":"product","link":"https:\/\/qelizaesthetics.com\/fr\/produit\/c-a-r-e-d-e-s-o-i-n-s\/","title":{"rendered":"L'\u0153il C.A.R.E."},"content":{"rendered":"<p><!--more--><\/p>\n<h2 class=\"image-with-text__heading inline-richtext h2\">R\u00e9veillez vos yeux sur la jeunesse de demain<\/h2>\n<div class=\"border-section rte\">\n<p><strong>Att\u00e9nue les ridules<\/strong><\/p>\n<p>Les pr\u00e9curseurs NAD+ ciblent la zone d\u00e9licate du contour des yeux pour r\u00e9duire visiblement les rides et ridules.<\/p>\n<\/div>\n<div class=\"border-section rte\">\n<p><strong>R\u00e9duit les poches<\/strong><\/p>\n<p>Des ingr\u00e9dients de pointe agissent en synergie pour apaiser et d\u00e9gonfler les yeux fatigu\u00e9s.<\/p>\n<\/div>\n<div class=\"border-section rte\">\n<p><strong>Hydratation intense<\/strong><\/p>\n<p>Plongez dans une hydratation profonde gr\u00e2ce \u00e0 l'acide hyaluronique, laissant le contour de l'\u0153il repulp\u00e9 et rafra\u00eechi.<\/p>\n<\/div>","protected":false},"excerpt":{"rendered":"<p><strong>Th\u00e9rapie oculaire NAD+ r\u00e9volutionnaire pour une beaut\u00e9 sans \u00e2ge<\/strong><br \/>\nAtt\u00e9nue les ridules - R\u00e9duit les poches - Hydratation intense<\/p>\n<h2 class=\"center\">Ce qu'il vise<\/h2>\n<div class=\"stats\">\n<div class=\"metric\">\n<div class=\"circle-chart\">\n<div class=\"percentage\">90% Hydratation<\/div>\n<\/div>\n<\/div>\n<div class=\"metric\">\n<div class=\"circle-chart\">\n<div class=\"percentage\">30% Pigmentation<\/div>\n<\/div>\n<\/div>\n<div class=\"metric\">\n<div class=\"circle-chart\">\n<div class=\"percentage\">95% Fermet\u00e9<\/div>\n<\/div>\n<\/div>\n<div class=\"metric\">\n<div class=\"circle-chart\">\n<div class=\"percentage\">100% Rides<\/div>\n<\/div>\n<\/div>\n<div class=\"metric\">\n<div class=\"circle-chart\">\n<div class=\"percentage\">100% Dullness<\/div>\n<\/div>\n<\/div>\n<div class=\"metric\">\n<div class=\"circle-chart\">\n<div class=\"percentage\">80% R\u00e9silience<\/div>\n<\/div>\n<\/div>\n<\/div>","protected":false},"featured_media":2720,"comment_status":"open","ping_status":"closed","template":"","meta":[],"product_brand":[],"product_cat":[34,25],"product_tag":[],"class_list":{"0":"post-2718","1":"product","2":"type-product","3":"status-publish","4":"has-post-thumbnail","6":"product_cat-skincare","7":"product_cat-young-goose","9":"first","10":"instock","11":"shipping-taxable","12":"purchasable","13":"product-type-simple"},"_links":{"self":[{"href":"https:\/\/qelizaesthetics.com\/fr\/wp-json\/wp\/v2\/product\/2718","targetHints":{"allow":["GET"]}}],"collection":[{"href":"https:\/\/qelizaesthetics.com\/fr\/wp-json\/wp\/v2\/product"}],"about":[{"href":"https:\/\/qelizaesthetics.com\/fr\/wp-json\/wp\/v2\/types\/product"}],"replies":[{"embeddable":true,"href":"https:\/\/qelizaesthetics.com\/fr\/wp-json\/wp\/v2\/comments?post=2718"}],"wp:featuredmedia":[{"embeddable":true,"href":"https:\/\/qelizaesthetics.com\/fr\/wp-json\/wp\/v2\/media\/2720"}],"wp:attachment":[{"href":"https:\/\/qelizaesthetics.com\/fr\/wp-json\/wp\/v2\/media?parent=2718"}],"wp:term":[{"taxonomy":"product_brand","embeddable":true,"href":"https:\/\/qelizaesthetics.com\/fr\/wp-json\/wp\/v2\/product_brand?post=2718"},{"taxonomy":"product_cat","embeddable":true,"href":"https:\/\/qelizaesthetics.com\/fr\/wp-json\/wp\/v2\/product_cat?post=2718"},{"taxonomy":"product_tag","embeddable":true,"href":"https:\/\/qelizaesthetics.com\/fr\/wp-json\/wp\/v2\/product_tag?post=2718"}],"curies":[{"name":"wp","href":"https:\/\/api.w.org\/{rel}","templated":true}]}}