{"id":4798,"date":"2026-02-11T15:59:27","date_gmt":"2026-02-11T15:59:27","guid":{"rendered":"https:\/\/qelizaesthetics.com\/?post_type=product&#038;p=4798"},"modified":"2026-02-11T15:59:27","modified_gmt":"2026-02-11T15:59:27","slug":"ultimate-gi-repair-lvlup","status":"publish","type":"product","link":"https:\/\/qelizaesthetics.com\/es\/producto\/ultimate-gi-repair-lvlup\/","title":{"rendered":"\u00daltima reparaci\u00f3n GI LVLUP"},"content":{"rendered":"<h3 data-start=\"636\" data-end=\"687\">P\u00e9ptidos avanzados para la salud de la barrera intestinal<\/h3>\n<p data-start=\"689\" data-end=\"1083\">Ultimate GI Repair de LVLUP es una formulaci\u00f3n de nueva generaci\u00f3n creada para personas que buscan <strong data-start=\"782\" data-end=\"844\">soporte profundo y multicapa del revestimiento gastrointestinal<\/strong>. La mezcla combina cuatro p\u00e9ptidos biodisponibles por v\u00eda oral con nutrac\u00e9uticos de precisi\u00f3n para actuar sobre aspectos clave de la estructura de la barrera, la renovaci\u00f3n de los tejidos y el equilibrio inmunitario, ayudando al intestino a recuperarse de los factores estresantes de la dieta, el medio ambiente y el estilo de vida.<\/p>\n<h3 data-start=\"1085\" data-end=\"1111\">Enfoque multidireccional<\/h3>\n<p data-start=\"1113\" data-end=\"1345\"><strong data-start=\"1113\" data-end=\"1150\">Etapa 1 - Reforzar la barrera<\/strong><br data-start=\"1150\" data-end=\"1153\" \/>P\u00e9ptidos como <strong data-start=\"1170\" data-end=\"1201\">BPC-Arginato y Larazotida<\/strong> ayudan a mantener la integridad de las uniones estrechas, favoreciendo la permeabilidad normal y protegiendo el revestimiento intestinal durante los periodos de irritaci\u00f3n o desequilibrio.<\/p>\n<p data-start=\"1347\" data-end=\"1580\"><strong data-start=\"1347\" data-end=\"1386\">Etapa 2 - Apoyar la renovaci\u00f3n de los tejidos<\/strong><br data-start=\"1386\" data-end=\"1389\" \/><strong data-start=\"1389\" data-end=\"1399\">GHK-Cu<\/strong> contribuye a los procesos de reparaci\u00f3n celular, mientras que <strong data-start=\"1448\" data-end=\"1462\">Tributirina<\/strong> aporta butirato, un combustible esencial para las c\u00e9lulas del colon, que favorece la renovaci\u00f3n saludable y la resistencia de la pared intestinal.<\/p>\n<p data-start=\"1582\" data-end=\"1807\"><strong data-start=\"1582\" data-end=\"1629\">Etapa 3 - Modulaci\u00f3n del entorno inmunitario<\/strong><br data-start=\"1629\" data-end=\"1632\" \/><strong data-start=\"1632\" data-end=\"1645\">Quercetina<\/strong> ayuda a regular las respuestas inflamatorias locales, y <strong data-start=\"1695\" data-end=\"1715\">Zinc L-Carnosina<\/strong> favorece la recuperaci\u00f3n de la mucosa, creando un entorno equilibrado para el bienestar digestivo a largo plazo.<\/p>\n<h3 data-start=\"1809\" data-end=\"1828\">Ingredientes clave<\/h3>\n<p data-start=\"1832\" data-end=\"1935\"><strong data-start=\"1832\" data-end=\"1858\">BPC-Arginato (1000 mg):<\/strong> p\u00e9ptido derivado del revestimiento del est\u00f3mago para favorecer la recuperaci\u00f3n intestinal y tisular<\/p>\n<p data-start=\"1938\" data-end=\"2003\"><strong data-start=\"1938\" data-end=\"1961\">Larazotida (500 mg):<\/strong> ayuda a mantener la funci\u00f3n de barrera natural<\/p>\n<p data-start=\"2006\" data-end=\"2088\"><strong data-start=\"2006\" data-end=\"2022\">KPV (500 mg):<\/strong> apoyo inmunitario y tisular espec\u00edfico sin suprimir las defensas<\/p>\n<p data-start=\"2091\" data-end=\"2154\"><strong data-start=\"2091\" data-end=\"2110\">GHK-Cu (2,5 mg):<\/strong> favorece la reparaci\u00f3n y regeneraci\u00f3n celular<\/p>\n<p data-start=\"2157\" data-end=\"2223\"><strong data-start=\"2157\" data-end=\"2180\">Tributirina (400 mg):<\/strong> fuente de butirato para la salud de los colonocitos<\/p>\n<p data-start=\"2226\" data-end=\"2297\"><strong data-start=\"2226\" data-end=\"2248\">Quercetina (200 mg):<\/strong> compuesto vegetal para el equilibrio celular e inmunitario<\/p>\n<p data-start=\"2226\" data-end=\"2297\"><strong data-start=\"2300\" data-end=\"2329\">Zinc L-Carnosina (150mg):<\/strong> se adhiere al revestimiento intestinal para ayudar a la renovaci\u00f3n<\/p>\n<h3 data-start=\"2374\" data-end=\"2390\">A qui\u00e9n va dirigido<\/h3>\n<p data-start=\"2392\" data-end=\"2560\">Ideal para personas que experimentan sensibilidad digestiva continua, recuperaci\u00f3n post-irritaci\u00f3n, o aquellos que desean <strong data-start=\"2496\" data-end=\"2559\">apoyo proactivo de alto nivel para la integridad y el confort intestinales<\/strong>.<\/p>\n<h3 data-start=\"2562\" data-end=\"2577\">C\u00f3mo tomar<\/h3>\n<p data-start=\"2579\" data-end=\"2649\">Toma <strong data-start=\"2584\" data-end=\"2604\">2 c\u00e1psulas al d\u00eda<\/strong> o seg\u00fan las indicaciones de un profesional sanitario.<\/p>\n<p data-start=\"2651\" data-end=\"2689\"><strong data-start=\"2651\" data-end=\"2663\">Paquete:<\/strong> 60 c\u00e1psulas - 30 raciones<\/p>","protected":false},"excerpt":{"rendered":"<p data-start=\"142\" data-end=\"172\"><strong data-start=\"142\" data-end=\"172\">\u00daltima reparaci\u00f3n GI - LVLUP<\/strong><\/p>\n<p data-start=\"174\" data-end=\"587\">Una f\u00f3rmula completa a base de p\u00e9ptidos dise\u00f1ada para favorecer la integridad de la barrera intestinal y la resistencia digestiva. Combina p\u00e9ptidos bioactivos con nutrientes espec\u00edficos, entre ellos <strong data-start=\"342\" data-end=\"428\">BPC-Arginato, Larazotida, KPV, GHK-Cu, Tributirina, Quercetina y Zinc L-Carnosina<\/strong>-para ayudar a mantener la fortaleza de la mucosa, una actividad inmunitaria equilibrada y una funci\u00f3n intestinal saludable. Fabricado bajo GMP con pruebas de calidad y pureza realizadas por terceros.<\/p>","protected":false},"featured_media":4800,"comment_status":"open","ping_status":"closed","template":"","meta":[],"product_brand":[],"product_cat":[29],"product_tag":[],"class_list":{"0":"post-4798","1":"product","2":"type-product","3":"status-publish","4":"has-post-thumbnail","6":"product_cat-supplements","8":"first","9":"instock","10":"shipping-taxable","11":"purchasable","12":"product-type-simple"},"_links":{"self":[{"href":"https:\/\/qelizaesthetics.com\/es\/wp-json\/wp\/v2\/product\/4798","targetHints":{"allow":["GET"]}}],"collection":[{"href":"https:\/\/qelizaesthetics.com\/es\/wp-json\/wp\/v2\/product"}],"about":[{"href":"https:\/\/qelizaesthetics.com\/es\/wp-json\/wp\/v2\/types\/product"}],"replies":[{"embeddable":true,"href":"https:\/\/qelizaesthetics.com\/es\/wp-json\/wp\/v2\/comments?post=4798"}],"wp:featuredmedia":[{"embeddable":true,"href":"https:\/\/qelizaesthetics.com\/es\/wp-json\/wp\/v2\/media\/4800"}],"wp:attachment":[{"href":"https:\/\/qelizaesthetics.com\/es\/wp-json\/wp\/v2\/media?parent=4798"}],"wp:term":[{"taxonomy":"product_brand","embeddable":true,"href":"https:\/\/qelizaesthetics.com\/es\/wp-json\/wp\/v2\/product_brand?post=4798"},{"taxonomy":"product_cat","embeddable":true,"href":"https:\/\/qelizaesthetics.com\/es\/wp-json\/wp\/v2\/product_cat?post=4798"},{"taxonomy":"product_tag","embeddable":true,"href":"https:\/\/qelizaesthetics.com\/es\/wp-json\/wp\/v2\/product_tag?post=4798"}],"curies":[{"name":"wp","href":"https:\/\/api.w.org\/{rel}","templated":true}]}}