{"id":4783,"date":"2026-02-11T15:49:11","date_gmt":"2026-02-11T15:49:11","guid":{"rendered":"https:\/\/qelizaesthetics.com\/?post_type=product&#038;p=4783"},"modified":"2026-02-11T15:49:11","modified_gmt":"2026-02-11T15:49:11","slug":"liposomal-b-complex-altrient","status":"publish","type":"product","link":"https:\/\/qelizaesthetics.com\/es\/producto\/complejo-b-liposomal-altrient\/","title":{"rendered":"Complejo B liposomal Altrient"},"content":{"rendered":"<h3 data-start=\"794\" data-end=\"863\">Complejo B liposomal avanzado para la energ\u00eda, el estado de \u00e1nimo y el equilibrio metab\u00f3lico<\/h3>\n<p data-start=\"865\" data-end=\"1264\">Altrient B combina un <strong data-start=\"887\" data-end=\"922\">espectro completo de vitaminas B<\/strong>-incluido el folato bioactivo Quatrefolic\u00ae, con minerales esenciales <strong data-start=\"987\" data-end=\"1019\">zinc, selenio y cromo<\/strong>Todo ello a trav\u00e9s de la tecnolog\u00eda liposomal patentada de Altrient. Este sistema encapsula los nutrientes en nanoesferas ultraestables, protegi\u00e9ndolos de la descomposici\u00f3n digestiva y transport\u00e1ndolos directamente a las c\u00e9lulas para una biodisponibilidad excepcional.<\/p>\n<p data-start=\"1266\" data-end=\"1568\">Las vitaminas del grupo B son fundamentales para <strong data-start=\"1296\" data-end=\"1326\">producci\u00f3n de energ\u00eda celular<\/strong>, ayudando a convertir los alimentos en combustible utilizable a la vez que favorece la formaci\u00f3n de gl\u00f3bulos rojos y la funci\u00f3n mitocondrial. Los minerales a\u00f1adidos potencian este efecto favoreciendo el metabolismo normal, el rendimiento muscular y la protecci\u00f3n frente al estr\u00e9s oxidativo.<\/p>\n<h3 data-start=\"1570\" data-end=\"1611\">Apoyo para la mente, las hormonas y la vitalidad<\/h3>\n<p data-start=\"1613\" data-end=\"1884\">Esta f\u00f3rmula ayuda a mantener <strong data-start=\"1641\" data-end=\"1702\">funcionamiento saludable del sistema nervioso y equilibrio psicol\u00f3gico<\/strong>. Las vitaminas B1, B6, B12, biotina y folato contribuyen al rendimiento cognitivo normal y a la regulaci\u00f3n del estado de \u00e1nimo, mientras que el \u00e1cido pantot\u00e9nico favorece la resistencia mental durante periodos exigentes.<\/p>\n<p data-start=\"1886\" data-end=\"2132\">La vitamina B6 contribuye a <strong data-start=\"1908\" data-end=\"1931\">regulaci\u00f3n hormonal<\/strong>y, junto con el folato y la vitamina B12, contribuye a la formaci\u00f3n de una sangre sana y al bienestar reproductivo. El zinc y el selenio proporcionan una protecci\u00f3n antioxidante adicional importante para la fertilidad y la vitalidad en general.<\/p>\n<h3 data-start=\"2134\" data-end=\"2166\">Belleza y equilibrio del az\u00facar en sangre<\/h3>\n<p data-start=\"2168\" data-end=\"2452\">La biotina, la niacina y la riboflavina ayudan a mantener <strong data-start=\"2213\" data-end=\"2257\">piel, cabello y mucosas sanos<\/strong>mientras que el zinc contribuye a fortalecer el cabello y las u\u00f1as. El cromo contribuye a <strong data-start=\"2335\" data-end=\"2366\">niveles normales de glucosa en sangre<\/strong> y un metabolismo equilibrado de los macronutrientes, lo que ayuda a reducir los bajones de energ\u00eda a lo largo del d\u00eda.<\/p>\n<h3 data-start=\"2454\" data-end=\"2481\">F\u00f3rmula limpia y espec\u00edfica<\/h3>\n<p data-start=\"2483\" data-end=\"2691\">Altrient B no contiene az\u00facares, colorantes, gluten, productos l\u00e1cteos, ingredientes modificados gen\u00e9ticamente, levadura ni subproductos animales. Los sobres monodosis protegen la integridad de los liposomas, garantizando una administraci\u00f3n fiable en cada dosis.<\/p>\n<h3 data-start=\"2693\" data-end=\"2708\">C\u00f3mo tomar<\/h3>\n<p data-start=\"2710\" data-end=\"3018\">Toma <strong data-start=\"2715\" data-end=\"2745\">un sobre diario con la comida<\/strong> o despu\u00e9s de un ligero tentempi\u00e9. Exprimir en unos <strong data-start=\"2789\" data-end=\"2815\">20 ml de agua o zumo<\/strong> y agite suavemente; no remueva ni mezcle, ya que los liposomas no se disuelven como los polvos. Beber de una vez y esperar <strong data-start=\"2923\" data-end=\"2940\">15-20 minutos<\/strong> antes de las bebidas calientes. Los est\u00f3magos sensibles pueden dividir el sobre en dos dosis.<\/p>","protected":false},"excerpt":{"rendered":"<p data-start=\"194\" data-end=\"267\"><strong data-start=\"194\" data-end=\"267\">Altrient B Complex - Vitamina B Liposomal + Minerales con Quatrefolic<\/strong><\/p>\n<p data-start=\"269\" data-end=\"745\">Un espectro completo de vitaminas del grupo B, incluida la patentada <strong data-start=\"318\" data-end=\"334\">Quatrefolic<\/strong>Adem\u00e1s <strong data-start=\"341\" data-end=\"370\">250 mg de fosfatidilcolina<\/strong>zinc, selenio y cromo, suministrados mediante tecnolog\u00eda liposomal avanzada para una absorci\u00f3n superior. Favorece la producci\u00f3n de energ\u00eda, el funcionamiento del sistema nervioso, el equilibrio hormonal, la salud de la piel y el cabello y la estabilidad del az\u00facar en sangre. Vegano, sin az\u00facares, gluten, productos l\u00e1cteos, ingredientes OGM ni aditivos artificiales. Los sobres individuales garantizan una estabilidad \u00f3ptima de los liposomas y una potencia constante.<\/p>","protected":false},"featured_media":4785,"comment_status":"open","ping_status":"closed","template":"","meta":[],"product_brand":[],"product_cat":[29],"product_tag":[],"class_list":{"0":"post-4783","1":"product","2":"type-product","3":"status-publish","4":"has-post-thumbnail","6":"product_cat-supplements","8":"first","9":"instock","10":"shipping-taxable","11":"purchasable","12":"product-type-simple"},"_links":{"self":[{"href":"https:\/\/qelizaesthetics.com\/es\/wp-json\/wp\/v2\/product\/4783","targetHints":{"allow":["GET"]}}],"collection":[{"href":"https:\/\/qelizaesthetics.com\/es\/wp-json\/wp\/v2\/product"}],"about":[{"href":"https:\/\/qelizaesthetics.com\/es\/wp-json\/wp\/v2\/types\/product"}],"replies":[{"embeddable":true,"href":"https:\/\/qelizaesthetics.com\/es\/wp-json\/wp\/v2\/comments?post=4783"}],"wp:featuredmedia":[{"embeddable":true,"href":"https:\/\/qelizaesthetics.com\/es\/wp-json\/wp\/v2\/media\/4785"}],"wp:attachment":[{"href":"https:\/\/qelizaesthetics.com\/es\/wp-json\/wp\/v2\/media?parent=4783"}],"wp:term":[{"taxonomy":"product_brand","embeddable":true,"href":"https:\/\/qelizaesthetics.com\/es\/wp-json\/wp\/v2\/product_brand?post=4783"},{"taxonomy":"product_cat","embeddable":true,"href":"https:\/\/qelizaesthetics.com\/es\/wp-json\/wp\/v2\/product_cat?post=4783"},{"taxonomy":"product_tag","embeddable":true,"href":"https:\/\/qelizaesthetics.com\/es\/wp-json\/wp\/v2\/product_tag?post=4783"}],"curies":[{"name":"wp","href":"https:\/\/api.w.org\/{rel}","templated":true}]}}