{"id":4773,"date":"2026-02-11T15:43:27","date_gmt":"2026-02-11T15:43:27","guid":{"rendered":"https:\/\/qelizaesthetics.com\/?post_type=product&#038;p=4773"},"modified":"2026-02-11T15:43:27","modified_gmt":"2026-02-11T15:43:27","slug":"liposomal-glutathione-altrient","status":"publish","type":"product","link":"https:\/\/qelizaesthetics.com\/es\/producto\/altriente-glutation-liposomal\/","title":{"rendered":"Altriente glutati\u00f3n liposomal"},"content":{"rendered":"<h3 data-start=\"659\" data-end=\"717\">Glutati\u00f3n liposomal avanzado para la protecci\u00f3n celular<\/h3>\n<p data-start=\"719\" data-end=\"1059\">Altrient Glutathione proporciona <strong data-start=\"749\" data-end=\"855\">450 mg de Setria\u00ae, una forma patentada y muy estable de glutati\u00f3n, combinada con 500 mg de fosfatidilcolina.<\/strong> en un formato liposomal de \u00faltima generaci\u00f3n. Esta tecnolog\u00eda encapsula el glutati\u00f3n en nanoesferas ultraestables que lo protegen de la descomposici\u00f3n digestiva y lo transportan directamente a las c\u00e9lulas que m\u00e1s lo necesitan.<\/p>\n<p data-start=\"1061\" data-end=\"1397\">El glutati\u00f3n es el antioxidante maestro del organismo, se produce de forma natural en el h\u00edgado y es esencial para <strong data-start=\"1157\" data-end=\"1232\">desintoxicaci\u00f3n, apoyo inmunitario y protecci\u00f3n contra el estr\u00e9s oxidativo<\/strong>. Al ayudar a reciclar las vitaminas C y E en sus formas activas, refuerza la red antioxidante interna del organismo y favorece una funci\u00f3n celular sana.<\/p>\n<h3 data-start=\"1399\" data-end=\"1439\">Belleza, desintoxicaci\u00f3n y antioxidantes<\/h3>\n<p data-start=\"1441\" data-end=\"1764\">La investigaci\u00f3n cl\u00ednica ha demostrado que el glutati\u00f3n liposomal puede contribuir a <strong data-start=\"1514\" data-end=\"1547\">un tono de piel m\u00e1s luminoso y uniforme<\/strong>y ayuda a reducir la hiperpigmentaci\u00f3n y las rojeces con el paso del tiempo. Tambi\u00e9n desempe\u00f1a un papel fundamental en las v\u00edas naturales de limpieza del h\u00edgado, favoreciendo la resistencia diaria frente a los factores estresantes del entorno, la fatiga y el envejecimiento.<\/p>\n<h3 data-start=\"1766\" data-end=\"1792\">F\u00f3rmula limpia y minimalista<\/h3>\n<p data-start=\"1794\" data-end=\"2059\">Altrient Glutathione se elabora con <strong data-start=\"1828\" data-end=\"1853\">s\u00f3lo cinco ingredientes<\/strong> y no contiene az\u00facares, edulcorantes, colorantes, aromatizantes, gluten, productos l\u00e1cteos, frutos secos, ingredientes OGM ni subproductos animales. Los sobres monodosis garantizan una estabilidad \u00f3ptima de los liposomas y una dosificaci\u00f3n precisa en todo momento.<\/p>\n<h3 data-start=\"2061\" data-end=\"2076\">C\u00f3mo tomar<\/h3>\n<p data-start=\"2078\" data-end=\"2372\">Toma <strong data-start=\"2083\" data-end=\"2123\">un sobre al d\u00eda en ayunas<\/strong>Preferiblemente por la ma\u00f1ana. Exprima el gel en una peque\u00f1a cantidad (unos 20 ml) de agua o zumo y remu\u00e9valo suavemente, sin remover ni mezclar, ya que los liposomas no se disuelven como los polvos. B\u00e9balo de una vez y espere 15-20 minutos antes de tomar bebidas calientes.<\/p>","protected":false},"excerpt":{"rendered":"<p data-start=\"109\" data-end=\"170\"><strong data-start=\"109\" data-end=\"170\">Altrient Glutathione - Glutati\u00f3n liposomal con Setria<\/strong><\/p>\n<p data-start=\"172\" data-end=\"610\">450 mg de glutati\u00f3n Setria\u00ae con 500 mg de fosfatidilcolina por sobre, suministrados mediante tecnolog\u00eda liposomal patentada para una absorci\u00f3n superior. Favorece la defensa celular, la funci\u00f3n hep\u00e1tica, el equilibrio inmunitario y un tono de piel m\u00e1s luminoso. Sin saborizantes, sin edulcorantes, vegano y elaborado con s\u00f3lo 5 ingredientes limpios. Sin az\u00facares, gluten, productos l\u00e1cteos, ingredientes modificados gen\u00e9ticamente ni aditivos artificiales. Los sobres individuales conservan la estabilidad de los liposomas para una potencia constante.<\/p>","protected":false},"featured_media":4775,"comment_status":"open","ping_status":"closed","template":"","meta":[],"product_brand":[],"product_cat":[29],"product_tag":[],"class_list":{"0":"post-4773","1":"product","2":"type-product","3":"status-publish","4":"has-post-thumbnail","6":"product_cat-supplements","8":"first","9":"instock","10":"shipping-taxable","11":"purchasable","12":"product-type-simple"},"_links":{"self":[{"href":"https:\/\/qelizaesthetics.com\/es\/wp-json\/wp\/v2\/product\/4773","targetHints":{"allow":["GET"]}}],"collection":[{"href":"https:\/\/qelizaesthetics.com\/es\/wp-json\/wp\/v2\/product"}],"about":[{"href":"https:\/\/qelizaesthetics.com\/es\/wp-json\/wp\/v2\/types\/product"}],"replies":[{"embeddable":true,"href":"https:\/\/qelizaesthetics.com\/es\/wp-json\/wp\/v2\/comments?post=4773"}],"wp:featuredmedia":[{"embeddable":true,"href":"https:\/\/qelizaesthetics.com\/es\/wp-json\/wp\/v2\/media\/4775"}],"wp:attachment":[{"href":"https:\/\/qelizaesthetics.com\/es\/wp-json\/wp\/v2\/media?parent=4773"}],"wp:term":[{"taxonomy":"product_brand","embeddable":true,"href":"https:\/\/qelizaesthetics.com\/es\/wp-json\/wp\/v2\/product_brand?post=4773"},{"taxonomy":"product_cat","embeddable":true,"href":"https:\/\/qelizaesthetics.com\/es\/wp-json\/wp\/v2\/product_cat?post=4773"},{"taxonomy":"product_tag","embeddable":true,"href":"https:\/\/qelizaesthetics.com\/es\/wp-json\/wp\/v2\/product_tag?post=4773"}],"curies":[{"name":"wp","href":"https:\/\/api.w.org\/{rel}","templated":true}]}}