{"id":4672,"date":"2025-11-10T14:23:27","date_gmt":"2025-11-10T14:23:27","guid":{"rendered":"https:\/\/qelizaesthetics.com\/?post_type=product&#038;p=4672"},"modified":"2025-11-10T16:57:31","modified_gmt":"2025-11-10T16:57:31","slug":"ferro-compresse-liposomal","status":"publish","type":"product","link":"https:\/\/qelizaesthetics.com\/es\/producto\/ferro-compresse-liposomal\/","title":{"rendered":"Ferro Compresse Liposomal"},"content":{"rendered":"<h2 class=\"image-with-text__heading inline-richtext h2\">Apoyo optimizado de hierro y folato para la salud de la sangre<\/h2>\n<div class=\"border-section rte\">\n<p><strong>Hierro liposomal para una m\u00e1xima absorci\u00f3n<\/strong><\/p>\n<p>El hierro liposomal Sunactive\u00ae garantiza una mejor biodisponibilidad, una administraci\u00f3n suave y una menor irritaci\u00f3n gastrointestinal en comparaci\u00f3n con los suplementos de hierro tradicionales.<\/p>\n<\/div>\n<div class=\"border-section rte\">\n<p><strong>Sinergia del \u00e1cido f\u00f3lico<\/strong><\/p>\n<p>La combinaci\u00f3n de hierro con \u00e1cido f\u00f3lico estimula la multiplicaci\u00f3n celular y favorece la concentraci\u00f3n \u00f3ptima de eritrocitos en la sangre, ayudando a prevenir la anemia ferrop\u00e9nica.<\/p>\n<\/div>\n<div class=\"border-section rte\">\n<p><strong>Suave y c\u00f3modo<\/strong><\/p>\n<p>Los comprimidos oprosolubles proporcionan hierro de liberaci\u00f3n lenta sin sabor met\u00e1lico ni heces oscuras, por lo que la administraci\u00f3n diaria de suplementos resulta f\u00e1cil y c\u00f3moda.<\/p>\n<\/div>\n<p class=\"image-with-text__text image-with-text__text--caption caption-with-letter-spacing caption-with-letter-spacing--medium caption-with-letter-spacing\">A QUI\u00c9N VA DIRIGIDO<\/p>\n<h2 class=\"image-with-text__heading inline-richtext h2\">Ayuda diaria en hierro para una salud equilibrada<\/h2>\n<div class=\"label-section\">\n<div class=\"label-title\">BUENO PARA<\/div>\n<div class=\"label-text\">\n<p>Personas que desean mantener niveles saludables de hierro, prevenir la anemia ferrop\u00e9nica y favorecer la salud general de la sangre.<\/p>\n<\/div>\n<\/div>\n<div class=\"label-section\">\n<div class=\"label-title\">Forma y textura<\/div>\n<div class=\"label-text\">\n<p>Comprimidos osolubles, f\u00e1ciles de tomar, que se disuelven en la boca sin agua para una r\u00e1pida absorci\u00f3n y comodidad.<\/p>\n<\/div>\n<\/div>","protected":false},"excerpt":{"rendered":"<p><strong>Ferro Compresse Liposomal<\/strong><br \/>\nHierro suave y \u00e1cido f\u00f3lico - Absorci\u00f3n mejorada - Ayuda diaria a la sangre<\/p>\n<h2 class=\"center\">Principales ventajas<\/h2>\n<ul>\n<li>Administraci\u00f3n liposomal para mejorar la absorci\u00f3n y reducir la irritaci\u00f3n gastrointestinal.<\/li>\n<li>Favorece la producci\u00f3n de gl\u00f3bulos rojos sanos y la salud general de la sangre.<\/li>\n<li>C\u00f3modos comprimidos orosolubles que facilitan la administraci\u00f3n diaria de suplementos sin agua.<\/li>\n<\/ul>","protected":false},"featured_media":4674,"comment_status":"open","ping_status":"closed","template":"","meta":[],"product_brand":[],"product_cat":[29],"product_tag":[],"class_list":{"0":"post-4672","1":"product","2":"type-product","3":"status-publish","4":"has-post-thumbnail","6":"product_cat-supplements","8":"first","9":"instock","10":"shipping-taxable","11":"purchasable","12":"product-type-simple"},"_links":{"self":[{"href":"https:\/\/qelizaesthetics.com\/es\/wp-json\/wp\/v2\/product\/4672","targetHints":{"allow":["GET"]}}],"collection":[{"href":"https:\/\/qelizaesthetics.com\/es\/wp-json\/wp\/v2\/product"}],"about":[{"href":"https:\/\/qelizaesthetics.com\/es\/wp-json\/wp\/v2\/types\/product"}],"replies":[{"embeddable":true,"href":"https:\/\/qelizaesthetics.com\/es\/wp-json\/wp\/v2\/comments?post=4672"}],"wp:featuredmedia":[{"embeddable":true,"href":"https:\/\/qelizaesthetics.com\/es\/wp-json\/wp\/v2\/media\/4674"}],"wp:attachment":[{"href":"https:\/\/qelizaesthetics.com\/es\/wp-json\/wp\/v2\/media?parent=4672"}],"wp:term":[{"taxonomy":"product_brand","embeddable":true,"href":"https:\/\/qelizaesthetics.com\/es\/wp-json\/wp\/v2\/product_brand?post=4672"},{"taxonomy":"product_cat","embeddable":true,"href":"https:\/\/qelizaesthetics.com\/es\/wp-json\/wp\/v2\/product_cat?post=4672"},{"taxonomy":"product_tag","embeddable":true,"href":"https:\/\/qelizaesthetics.com\/es\/wp-json\/wp\/v2\/product_tag?post=4672"}],"curies":[{"name":"wp","href":"https:\/\/api.w.org\/{rel}","templated":true}]}}