{"id":4663,"date":"2025-11-10T14:18:09","date_gmt":"2025-11-10T14:18:09","guid":{"rendered":"https:\/\/qelizaesthetics.com\/?post_type=product&#038;p=4663"},"modified":"2025-11-10T14:18:09","modified_gmt":"2025-11-10T14:18:09","slug":"nootropept-lvlup","status":"publish","type":"product","link":"https:\/\/qelizaesthetics.com\/es\/producto\/nootropept-lvlup\/","title":{"rendered":"Nootropept LVLUP"},"content":{"rendered":"<h2 class=\"image-with-text__heading inline-richtext h2\">\nNootroPept - Apoyo cerebral multicapa para la claridad cognitiva<br \/>\n<\/h2>\n<div class=\"border-section rte\">\n  <strong>Apoyo Integral al Cerebro<\/strong><br \/>\n  NootroPept combina neurop\u00e9ptidos, cofactores colin\u00e9rgicos, amino\u00e1cidos y fosfol\u00edpidos adapt\u00f3genos.<br \/>\n  para fomentar el pensamiento claro, la concentraci\u00f3n y la resistencia mental en situaciones de estr\u00e9s o de gran exigencia cognitiva.\n<\/div>\n<div class=\"border-section rte\">\n  <strong>Concentraci\u00f3n r\u00e1pida y sostenida<\/strong><br \/>\n  Formulada con compuestos de acci\u00f3n r\u00e1pida y duradera, esta matriz proporciona una claridad inmediata<br \/>\n  seguido de una concentraci\u00f3n estable y no nerviosa a lo largo del d\u00eda.\n<\/div>\n<div class=\"border-section rte\">\n  <strong>Neurotransmisores y apoyo neuronal<\/strong><br \/>\n  Noopept y Alpha-GPC mejoran la s\u00edntesis de acetilcolina y la plasticidad neuronal, mientras que UMP y<br \/>\n  La fosfatidilserina ayuda a mantener la se\u00f1alizaci\u00f3n neuronal y la integridad de la membrana en buen estado.\n<\/div>\n<div class=\"border-section rte\">\n  <strong>Equilibrio Adaptog\u00e9nico y Calma Energ\u00e9tica<\/strong><br \/>\n  La teacrina proporciona energ\u00eda mental constante, mientras que la L-teanina atempera la estimulaci\u00f3n,<br \/>\n  creando calma concentrada. J-147 apoya las v\u00edas de energ\u00eda celular para la vitalidad cognitiva a largo plazo.\n<\/div>\n<div class=\"border-section rte\">\n  <strong>A qui\u00e9n va dirigido<\/strong><br \/>\n  Dise\u00f1ado para profesionales, estudiantes y personas de alto rendimiento que buscan una mayor concentraci\u00f3n,<br \/>\n  un mejor recuerdo y una energ\u00eda cognitiva equilibrada sin sobreestimulaci\u00f3n.\n<\/div>\n<div class=\"border-section rte\">\n  <strong>C\u00f3mo funciona<\/strong><br \/>\n  <em>Etapa 1 - Activaci\u00f3n r\u00e1pida de los neurotransmisores:<\/em><br \/>\n  El Noopept y el Alfa-GPC estimulan la s\u00edntesis de acetilcolina, favoreciendo una claridad mental inmediata.<br \/>\n  <em>Etapa 2 - Mantenimiento y se\u00f1alizaci\u00f3n sin\u00e1ptica:<\/em><br \/>\n  El UMP favorece la renovaci\u00f3n de la membrana neuronal, mientras que la fosfatidilserina estabiliza la comunicaci\u00f3n entre neuronas.<br \/>\n  <em>Etapa 3 - Energ\u00eda de adaptaci\u00f3n y respuesta al estr\u00e9s:<\/em><br \/>\n  La teacrina y la L-teanina mantienen un estado de alerta equilibrado, mientras que el J-147 apoya los sistemas energ\u00e9ticos bajo carga cognitiva.\n<\/div>","protected":false},"excerpt":{"rendered":"<p><strong>NootroPept - Apoyo cerebral multicapa para la claridad cognitiva<\/strong><br \/>\nRendimiento cognitivo - Concentraci\u00f3n y memoria - Protecci\u00f3n neuronal - Energ\u00eda de adaptaci\u00f3n<\/p>\n<div class=\"stats\">\n<div class=\"metric\">\n<div class=\"circle-chart\">\n<h2 class=\"center\">En qu\u00e9 consiste<\/h2>\n<div class=\"stats\">\n<div class=\"metric\">\n<div class=\"circle-chart\">\n<div class=\"percentage\">100% Claridad cognitiva<\/div>\n<\/p><\/div>\n<\/p><\/div>\n<div class=\"metric\">\n<div class=\"circle-chart\">\n<div class=\"percentage\">95% Concentraci\u00f3n y productividad<\/div>\n<\/p><\/div>\n<\/p><\/div>\n<div class=\"metric\">\n<div class=\"circle-chart\">\n<div class=\"percentage\">90% Memoria y recuperaci\u00f3n<\/div>\n<\/p><\/div>\n<\/p><\/div>\n<div class=\"metric\">\n<div class=\"circle-chart\">\n<div class=\"percentage\">85% Comunicaci\u00f3n neuronal<\/div>\n<\/p><\/div>\n<\/p><\/div>\n<div class=\"metric\">\n<div class=\"circle-chart\">\n<div class=\"percentage\">80% Resistencia al estr\u00e9s<\/div>\n<\/p><\/div>\n<\/p><\/div>\n<div class=\"metric\">\n<div class=\"circle-chart\">\n<div class=\"percentage\">95% Equilibrio cognitivo global<\/div>\n<\/p><\/div>\n<\/p><\/div>\n<\/p><\/div>\n<\/p><\/div>\n<\/p><\/div>\n<\/div>","protected":false},"featured_media":4665,"comment_status":"open","ping_status":"closed","template":"","meta":[],"product_brand":[],"product_cat":[29],"product_tag":[],"class_list":{"0":"post-4663","1":"product","2":"type-product","3":"status-publish","4":"has-post-thumbnail","6":"product_cat-supplements","8":"first","9":"instock","10":"shipping-taxable","11":"purchasable","12":"product-type-simple"},"_links":{"self":[{"href":"https:\/\/qelizaesthetics.com\/es\/wp-json\/wp\/v2\/product\/4663","targetHints":{"allow":["GET"]}}],"collection":[{"href":"https:\/\/qelizaesthetics.com\/es\/wp-json\/wp\/v2\/product"}],"about":[{"href":"https:\/\/qelizaesthetics.com\/es\/wp-json\/wp\/v2\/types\/product"}],"replies":[{"embeddable":true,"href":"https:\/\/qelizaesthetics.com\/es\/wp-json\/wp\/v2\/comments?post=4663"}],"wp:featuredmedia":[{"embeddable":true,"href":"https:\/\/qelizaesthetics.com\/es\/wp-json\/wp\/v2\/media\/4665"}],"wp:attachment":[{"href":"https:\/\/qelizaesthetics.com\/es\/wp-json\/wp\/v2\/media?parent=4663"}],"wp:term":[{"taxonomy":"product_brand","embeddable":true,"href":"https:\/\/qelizaesthetics.com\/es\/wp-json\/wp\/v2\/product_brand?post=4663"},{"taxonomy":"product_cat","embeddable":true,"href":"https:\/\/qelizaesthetics.com\/es\/wp-json\/wp\/v2\/product_cat?post=4663"},{"taxonomy":"product_tag","embeddable":true,"href":"https:\/\/qelizaesthetics.com\/es\/wp-json\/wp\/v2\/product_tag?post=4663"}],"curies":[{"name":"wp","href":"https:\/\/api.w.org\/{rel}","templated":true}]}}