{"id":4653,"date":"2025-11-10T13:26:50","date_gmt":"2025-11-10T13:26:50","guid":{"rendered":"https:\/\/qelizaesthetics.com\/?post_type=product&#038;p=4653"},"modified":"2025-11-10T13:29:55","modified_gmt":"2025-11-10T13:29:55","slug":"complete-liver-complex-lvlup","status":"publish","type":"product","link":"https:\/\/qelizaesthetics.com\/es\/producto\/complejo-hepatico-completo-lvlup\/","title":{"rendered":"Complejo hep\u00e1tico completo LVLUP"},"content":{"rendered":"<h2 class=\"image-with-text__heading inline-richtext h2\">Complejo hep\u00e1tico completo - Apoyo hep\u00e1tico completo de fase 2<\/h2>\n<div class=\"border-section rte\"><strong>Mezcla de NAC + NACET de m\u00e1xima absorci\u00f3n<\/strong><br \/>\nLos precursores de ciste\u00edna de doble forma impulsan la producci\u00f3n eficiente de glutati\u00f3n, mejorando la defensa antioxidante y promoviendo la resistencia del h\u00edgado bajo el estr\u00e9s diario.<\/div>\n<div class=\"border-section rte\"><strong>Apoyo a la bilis y la ves\u00edcula biliar<\/strong><br \/>\nLa fosfatidilcolina y el extracto de alcachofa fomentan un flujo biliar y un metabolismo de las grasas saludables, optimizando la digesti\u00f3n y la asimilaci\u00f3n de nutrientes.<\/div>\n<div class=\"border-section rte\"><strong>Eliminaci\u00f3n de metabolitos hormonales<\/strong><br \/>\nEl D-glucarato de calcio y el molibdeno act\u00faan de forma sin\u00e9rgica para neutralizar y eliminar los subproductos hormonales y los residuos metab\u00f3licos mediante una conjugaci\u00f3n eficaz de fase 2.<\/div>\n<div class=\"border-section rte\"><strong>Activaci\u00f3n de la v\u00eda de desintoxicaci\u00f3n de fase 2<\/strong><br \/>\nLos amino\u00e1cidos y cofactores como la glicina, la taurina, el GGC y el selenio energizan las v\u00edas del glutati\u00f3n y la sulfataci\u00f3n, favoreciendo la desintoxicaci\u00f3n celular completa.<\/div>\n<div class=\"border-section rte\"><strong>A qui\u00e9n va dirigido<\/strong><br \/>\nDise\u00f1ado para personas que buscan la optimizaci\u00f3n diaria del h\u00edgado, el equilibrio hormonal y la resistencia al estr\u00e9s ambiental o metab\u00f3lico, ideal para profesionales, atletas y estilos de vida centrados en el bienestar.<\/div>\n<div class=\"border-section rte\"><strong>C\u00f3mo funciona<\/strong><br \/>\n<em>Etapa 1 - Aumento del aporte de nutrientes:<\/em> NACET asegura el transporte celular profundo de ciste\u00edna, optimizando la s\u00edntesis de glutati\u00f3n en los tejidos hep\u00e1ticos.<br \/>\n<em>Etapa 2 - Activaci\u00f3n de m\u00faltiples v\u00edas:<\/em> Los amino\u00e1cidos y los oligoelementos activan los procesos de desintoxicaci\u00f3n de fase 2, neutralizando y fijando los compuestos nocivos.<br \/>\n<em>Fase 3 - Autorizaci\u00f3n simplificada:<\/em> Los extractos bot\u00e1nicos y los ingredientes de apoyo a la bilis aceleran la eliminaci\u00f3n, manteniendo el equilibrio metab\u00f3lico y un flujo de desintoxicaci\u00f3n constante.<\/div>","protected":false},"excerpt":{"rendered":"<p><strong>Complejo hep\u00e1tico completo - Apoyo hep\u00e1tico completo de fase 2<\/strong><br \/>\nMax-Uptake NAC - Depuraci\u00f3n Hormonal - Flujo Biliar - Fase-2 Detox<\/p>\n<div class=\"stats\">\n<div class=\"metric\">\n<div class=\"circle-chart\">\n<h2 class=\"center\">Objetivos<\/h2>\n<div class=\"stats\">\n<div class=\"metric\">\n<div class=\"circle-chart\">\n<div class=\"percentage\">100% Activaci\u00f3n de la fase 2 de desintoxicaci\u00f3n<\/div>\n<\/p><\/div>\n<\/p><\/div>\n<div class=\"metric\">\n<div class=\"circle-chart\">\n<div class=\"percentage\">95% Depuraci\u00f3n de metabolitos hormonales<\/div>\n<\/p><\/div>\n<\/p><\/div>\n<div class=\"metric\">\n<div class=\"circle-chart\">\n<div class=\"percentage\">90% Defensa antioxidante<\/div>\n<\/p><\/div>\n<\/p><\/div>\n<div class=\"metric\">\n<div class=\"circle-chart\">\n<div class=\"percentage\">85% Ayuda al flujo biliar y a la ves\u00edcula biliar<\/div>\n<\/p><\/div>\n<\/p><\/div>\n<div class=\"metric\">\n<div class=\"circle-chart\">\n<div class=\"percentage\">80% Energ\u00eda y recuperaci\u00f3n celular<\/div>\n<\/p><\/div>\n<\/p><\/div>\n<div class=\"metric\">\n<div class=\"circle-chart\">\n<div class=\"percentage\">95% Eficacia de la s\u00edntesis de glutati\u00f3n<\/div>\n<\/p><\/div>\n<\/p><\/div>\n<\/p><\/div>\n<\/p><\/div>\n<\/p><\/div>\n<\/div>","protected":false},"featured_media":4655,"comment_status":"open","ping_status":"closed","template":"","meta":[],"product_brand":[],"product_cat":[29],"product_tag":[],"class_list":{"0":"post-4653","1":"product","2":"type-product","3":"status-publish","4":"has-post-thumbnail","6":"product_cat-supplements","8":"first","9":"instock","10":"shipping-taxable","11":"purchasable","12":"product-type-simple"},"_links":{"self":[{"href":"https:\/\/qelizaesthetics.com\/es\/wp-json\/wp\/v2\/product\/4653","targetHints":{"allow":["GET"]}}],"collection":[{"href":"https:\/\/qelizaesthetics.com\/es\/wp-json\/wp\/v2\/product"}],"about":[{"href":"https:\/\/qelizaesthetics.com\/es\/wp-json\/wp\/v2\/types\/product"}],"replies":[{"embeddable":true,"href":"https:\/\/qelizaesthetics.com\/es\/wp-json\/wp\/v2\/comments?post=4653"}],"wp:featuredmedia":[{"embeddable":true,"href":"https:\/\/qelizaesthetics.com\/es\/wp-json\/wp\/v2\/media\/4655"}],"wp:attachment":[{"href":"https:\/\/qelizaesthetics.com\/es\/wp-json\/wp\/v2\/media?parent=4653"}],"wp:term":[{"taxonomy":"product_brand","embeddable":true,"href":"https:\/\/qelizaesthetics.com\/es\/wp-json\/wp\/v2\/product_brand?post=4653"},{"taxonomy":"product_cat","embeddable":true,"href":"https:\/\/qelizaesthetics.com\/es\/wp-json\/wp\/v2\/product_cat?post=4653"},{"taxonomy":"product_tag","embeddable":true,"href":"https:\/\/qelizaesthetics.com\/es\/wp-json\/wp\/v2\/product_tag?post=4653"}],"curies":[{"name":"wp","href":"https:\/\/api.w.org\/{rel}","templated":true}]}}