{"id":4532,"date":"2025-09-02T15:17:09","date_gmt":"2025-09-02T15:17:09","guid":{"rendered":"https:\/\/qelizaesthetics.com\/?post_type=product&#038;p=4532"},"modified":"2025-09-02T15:39:50","modified_gmt":"2025-09-02T15:39:50","slug":"youth-firming-neck-chest-50-ml","status":"publish","type":"product","link":"https:\/\/qelizaesthetics.com\/es\/producto\/reafirmante-juventud-cuello-pecho-50-ml\/","title":{"rendered":"Reafirmante Juventud Cuello y Pecho (50 ml)"},"content":{"rendered":"<h2 class=\"image-with-text__heading inline-richtext h2\">Mejore su cuidado de la piel m\u00e1s all\u00e1 del rostro<\/h2>\n<div class=\"border-section rte\">\n  <strong>Reafirmaci\u00f3n selectiva<\/strong><br \/>\n  Especialmente formulado para mejorar la firmeza de la delicada piel del cuello y el escote, restaurando los contornos juveniles.\n<\/div>\n<div class=\"border-section rte\">\n  <strong>Infusi\u00f3n de precursores de NAD<\/strong><br \/>\n  Aprovecha el poder del NAD+ para fortalecer y rejuvenecer la piel a nivel celular.\n<\/div>\n<div class=\"border-section rte\">\n  <strong>Mejora de la textura<\/strong><br \/>\n  Alisa y afina la piel para un escote visiblemente radiante y joven.\n<\/div>\n<div class=\"border-section rte\">\n  <strong>A qui\u00e9n va dirigido<\/strong><br \/>\n  Perfecto para cualquiera que desee ampliar su r\u00e9gimen de cuidado de la piel para incluir el cuidado del cuello y el escote.\n<\/div>\n<div class=\"border-section rte\">\n  <strong>C\u00f3mo solicitarlo<\/strong><br \/>\n  Aplicar ma\u00f1ana y noche con un suave masaje sobre el cuello y el escote limpios. Utilizar despu\u00e9s de los s\u00e9rums y antes de la protecci\u00f3n solar como parte de una rutina completa.\n<\/div>","protected":false},"excerpt":{"rendered":"<p><strong>YOUTH FIRMING NECK &amp; CHEST - Restauraci\u00f3n focalizada de cuello y escote<\/strong><br \/>\nReafirmaci\u00f3n espec\u00edfica - Infusi\u00f3n de precursores NAD+ - Mejora de la textura<\/p>\n<div class=\"stats\">\n<div class=\"metric\">\n<div class=\"circle-chart\">\n<div class=\"percentage\">\n<h2 class=\"center\">Sus objetivos<\/h2>\n<div class=\"stats\">\n<div class=\"metric\">\n<div class=\"circle-chart\">\n<div class=\"percentage\">100% Firmeza<\/div>\n<\/p><\/div>\n<\/p><\/div>\n<div class=\"metric\">\n<div class=\"circle-chart\">\n<div class=\"percentage\">95% Infusi\u00f3n de NAD<\/div>\n<\/p><\/div>\n<\/p><\/div>\n<div class=\"metric\">\n<div class=\"circle-chart\">\n<div class=\"percentage\">90% Mejora de la textura<\/div>\n<\/p><\/div>\n<\/p><\/div>\n<div class=\"metric\">\n<div class=\"circle-chart\">\n<div class=\"percentage\">85% Elasticidad<\/div>\n<\/p><\/div>\n<\/p><\/div>\n<div class=\"metric\">\n<div class=\"circle-chart\">\n<div class=\"percentage\">80% Hidrataci\u00f3n<\/div>\n<\/p><\/div>\n<\/p><\/div>\n<div class=\"metric\">\n<div class=\"circle-chart\">\n<div class=\"percentage\">95% Suavidad<\/div>\n<\/p><\/div>\n<\/p><\/div>\n<\/p><\/div>\n<\/p><\/div>\n<\/p><\/div>\n<\/p><\/div>\n<\/div>","protected":false},"featured_media":4531,"comment_status":"open","ping_status":"closed","template":"","meta":[],"product_brand":[],"product_cat":[25,34],"product_tag":[],"class_list":{"0":"post-4532","1":"product","2":"type-product","3":"status-publish","4":"has-post-thumbnail","6":"product_cat-young-goose","7":"product_cat-skincare","9":"first","10":"instock","11":"shipping-taxable","12":"purchasable","13":"product-type-simple"},"_links":{"self":[{"href":"https:\/\/qelizaesthetics.com\/es\/wp-json\/wp\/v2\/product\/4532","targetHints":{"allow":["GET"]}}],"collection":[{"href":"https:\/\/qelizaesthetics.com\/es\/wp-json\/wp\/v2\/product"}],"about":[{"href":"https:\/\/qelizaesthetics.com\/es\/wp-json\/wp\/v2\/types\/product"}],"replies":[{"embeddable":true,"href":"https:\/\/qelizaesthetics.com\/es\/wp-json\/wp\/v2\/comments?post=4532"}],"wp:featuredmedia":[{"embeddable":true,"href":"https:\/\/qelizaesthetics.com\/es\/wp-json\/wp\/v2\/media\/4531"}],"wp:attachment":[{"href":"https:\/\/qelizaesthetics.com\/es\/wp-json\/wp\/v2\/media?parent=4532"}],"wp:term":[{"taxonomy":"product_brand","embeddable":true,"href":"https:\/\/qelizaesthetics.com\/es\/wp-json\/wp\/v2\/product_brand?post=4532"},{"taxonomy":"product_cat","embeddable":true,"href":"https:\/\/qelizaesthetics.com\/es\/wp-json\/wp\/v2\/product_cat?post=4532"},{"taxonomy":"product_tag","embeddable":true,"href":"https:\/\/qelizaesthetics.com\/es\/wp-json\/wp\/v2\/product_tag?post=4532"}],"curies":[{"name":"wp","href":"https:\/\/api.w.org\/{rel}","templated":true}]}}