{"id":4513,"date":"2025-09-02T15:07:15","date_gmt":"2025-09-02T15:07:15","guid":{"rendered":"https:\/\/qelizaesthetics.com\/?post_type=product&#038;p=4513"},"modified":"2025-09-02T15:40:27","modified_gmt":"2025-09-02T15:40:27","slug":"4513","status":"publish","type":"product","link":"https:\/\/qelizaesthetics.com\/es\/producto\/4513\/","title":{"rendered":"Suero Bio Barrera"},"content":{"rendered":"<h2 class=\"image-with-text__heading inline-richtext h2\">M\u00e1xima protecci\u00f3n, m\u00e1xima luminosidad<\/h2>\n<div class=\"border-section rte\">\n  <strong>Barrera cut\u00e1nea mejorada<\/strong><br \/>\n  Refuerce las defensas naturales de su piel frente a los agresores medioambientales con glicol\u00edpidos bioid\u00e9nticos.\n<\/div>\n<div class=\"border-section rte\">\n  <strong>Potencia antioxidante<\/strong><br \/>\n  Repleto de vitaminas E, F y lipocroman-6 para combatir los factores estresantes del medio ambiente y proteger contra los radicales libres.\n<\/div>\n<div class=\"border-section rte\">\n  <strong>Resplandor y textura<\/strong><br \/>\n  Mejora la luminosidad y suavidad de la piel con cada aplicaci\u00f3n, dej\u00e1ndola hidratada pero nunca grasa.\n<\/div>\n<div class=\"border-section rte\">\n  <strong>A qui\u00e9n va dirigido<\/strong><br \/>\n  Perfecto para quienes buscan elasticidad, reducci\u00f3n de rojeces y luminosidad duradera.\n<\/div>\n<div class=\"border-section rte\">\n  <strong>C\u00f3mo solicitarlo<\/strong><br \/>\n  Aplicar ma\u00f1ana y noche despu\u00e9s de la limpieza y antes de la crema hidratante. Masajear suavemente con movimientos circulares para favorecer la absorci\u00f3n y estimular la circulaci\u00f3n.\n<\/div>","protected":false},"excerpt":{"rendered":"<p><strong>BIO-BARRIER Suero reparador reductor del enrojecimiento<\/strong><br \/>\nBarrera cut\u00e1nea mejorada - Potente antioxidante - Luminosidad y textura<\/p>\n<div class=\"stats\">\n<div class=\"metric\">\n<div class=\"circle-chart\">\n<div class=\"percentage\">\n<h2 class=\"center\">Sus objetivos<\/h2>\n<div class=\"stats\">\n<div class=\"metric\">\n<div class=\"circle-chart\">\n<div class=\"percentage\">100% Soporte de barrera cut\u00e1nea<\/div>\n<\/p><\/div>\n<\/p><\/div>\n<div class=\"metric\">\n<div class=\"circle-chart\">\n<div class=\"percentage\">95% Defensa antioxidante<\/div>\n<\/p><\/div>\n<\/p><\/div>\n<div class=\"metric\">\n<div class=\"circle-chart\">\n<div class=\"percentage\">90% Reducci\u00f3n de rojeces<\/div>\n<\/p><\/div>\n<\/p><\/div>\n<div class=\"metric\">\n<div class=\"circle-chart\">\n<div class=\"percentage\">85% Resplandor<\/div>\n<\/p><\/div>\n<\/p><\/div>\n<div class=\"metric\">\n<div class=\"circle-chart\">\n<div class=\"percentage\">80% Refinamiento de texturas<\/div>\n<\/p><\/div>\n<\/p><\/div>\n<div class=\"metric\">\n<div class=\"circle-chart\">\n<div class=\"percentage\">100% Alimentaci\u00f3n<\/div>\n<\/p><\/div>\n<\/p><\/div>\n<\/p><\/div>\n<\/p><\/div>\n<\/p><\/div>\n<\/p><\/div>\n<\/div>","protected":false},"featured_media":4515,"comment_status":"open","ping_status":"closed","template":"","meta":[],"product_brand":[],"product_cat":[25,34],"product_tag":[],"class_list":{"0":"post-4513","1":"product","2":"type-product","3":"status-publish","4":"has-post-thumbnail","6":"product_cat-young-goose","7":"product_cat-skincare","9":"first","10":"instock","11":"shipping-taxable","12":"purchasable","13":"product-type-simple"},"_links":{"self":[{"href":"https:\/\/qelizaesthetics.com\/es\/wp-json\/wp\/v2\/product\/4513","targetHints":{"allow":["GET"]}}],"collection":[{"href":"https:\/\/qelizaesthetics.com\/es\/wp-json\/wp\/v2\/product"}],"about":[{"href":"https:\/\/qelizaesthetics.com\/es\/wp-json\/wp\/v2\/types\/product"}],"replies":[{"embeddable":true,"href":"https:\/\/qelizaesthetics.com\/es\/wp-json\/wp\/v2\/comments?post=4513"}],"wp:featuredmedia":[{"embeddable":true,"href":"https:\/\/qelizaesthetics.com\/es\/wp-json\/wp\/v2\/media\/4515"}],"wp:attachment":[{"href":"https:\/\/qelizaesthetics.com\/es\/wp-json\/wp\/v2\/media?parent=4513"}],"wp:term":[{"taxonomy":"product_brand","embeddable":true,"href":"https:\/\/qelizaesthetics.com\/es\/wp-json\/wp\/v2\/product_brand?post=4513"},{"taxonomy":"product_cat","embeddable":true,"href":"https:\/\/qelizaesthetics.com\/es\/wp-json\/wp\/v2\/product_cat?post=4513"},{"taxonomy":"product_tag","embeddable":true,"href":"https:\/\/qelizaesthetics.com\/es\/wp-json\/wp\/v2\/product_tag?post=4513"}],"curies":[{"name":"wp","href":"https:\/\/api.w.org\/{rel}","templated":true}]}}