{"id":4123,"date":"2025-07-09T15:19:13","date_gmt":"2025-07-09T15:19:13","guid":{"rendered":"https:\/\/qelizaesthetics.com\/?post_type=product&#038;p=4123"},"modified":"2025-09-02T15:44:52","modified_gmt":"2025-09-02T15:44:52","slug":"lions-mane-myco","status":"publish","type":"product","link":"https:\/\/qelizaesthetics.com\/es\/producto\/lions-mane-myco\/","title":{"rendered":"Melena de Le\u00f3n - Myco"},"content":{"rendered":"<p>Conocido como \"el nutriente de la naturaleza para sus neuronas\", se ha demostrado que estimula la producci\u00f3n del Factor de Crecimiento Nervioso, esencial para la reparaci\u00f3n y el funcionamiento saludable del sistema nervioso.<\/p>\n<p>Hongo Melena de Le\u00f3n para mejorar la funci\u00f3n cerebral cognitiva en todas las \u00e1reas. Ayuda a tus niveles de concentraci\u00f3n hoy mismo con nuestra tintura de Melena de Le\u00f3n.<\/p>","protected":false},"excerpt":{"rendered":"<p>Known as &#8216;Nature&#8217;s nutrient for your neurons&#8217;, proven to stimulate the production of Nerve Growth Factor, essential to the repair and healthy function of the nervous system. Lions Mane mushroom to improve cognitive brain function in all areas. Aid your concentration levels today with our Lion\u2019s Mane tincture.<\/p>","protected":false},"featured_media":4125,"comment_status":"open","ping_status":"closed","template":"","meta":[],"product_brand":[],"product_cat":[32],"product_tag":[],"class_list":{"0":"post-4123","1":"product","2":"type-product","3":"status-publish","4":"has-post-thumbnail","6":"product_cat-myco","8":"first","9":"instock","10":"shipping-taxable","11":"purchasable","12":"product-type-simple"},"_links":{"self":[{"href":"https:\/\/qelizaesthetics.com\/es\/wp-json\/wp\/v2\/product\/4123","targetHints":{"allow":["GET"]}}],"collection":[{"href":"https:\/\/qelizaesthetics.com\/es\/wp-json\/wp\/v2\/product"}],"about":[{"href":"https:\/\/qelizaesthetics.com\/es\/wp-json\/wp\/v2\/types\/product"}],"replies":[{"embeddable":true,"href":"https:\/\/qelizaesthetics.com\/es\/wp-json\/wp\/v2\/comments?post=4123"}],"wp:featuredmedia":[{"embeddable":true,"href":"https:\/\/qelizaesthetics.com\/es\/wp-json\/wp\/v2\/media\/4125"}],"wp:attachment":[{"href":"https:\/\/qelizaesthetics.com\/es\/wp-json\/wp\/v2\/media?parent=4123"}],"wp:term":[{"taxonomy":"product_brand","embeddable":true,"href":"https:\/\/qelizaesthetics.com\/es\/wp-json\/wp\/v2\/product_brand?post=4123"},{"taxonomy":"product_cat","embeddable":true,"href":"https:\/\/qelizaesthetics.com\/es\/wp-json\/wp\/v2\/product_cat?post=4123"},{"taxonomy":"product_tag","embeddable":true,"href":"https:\/\/qelizaesthetics.com\/es\/wp-json\/wp\/v2\/product_tag?post=4123"}],"curies":[{"name":"wp","href":"https:\/\/api.w.org\/{rel}","templated":true}]}}