{"id":4120,"date":"2025-07-09T15:15:30","date_gmt":"2025-07-09T15:15:30","guid":{"rendered":"https:\/\/qelizaesthetics.com\/?post_type=product&#038;p=4120"},"modified":"2025-09-02T15:45:09","modified_gmt":"2025-09-02T15:45:09","slug":"tumeric-curcumin-hinnao","status":"publish","type":"product","link":"https:\/\/qelizaesthetics.com\/es\/producto\/curcuma-curcumina-hinnao\/","title":{"rendered":"Curcumina c\u00farcuma - HiNNAO"},"content":{"rendered":"<div id=\"div_block-434-19\" class=\"ct-div-block\">\n<h2 id=\"text_block-435-19\" class=\"ct-text-block\"><b>Por qu\u00e9 elegir la curcumina de c\u00farcuma HINNAO<\/b><\/h2>\n<p class=\"ct-text-block\">La curcumina es el principal ingrediente activo que se encuentra en la ra\u00edz de la c\u00farcuma. Durante miles de a\u00f1os, la medicina ayurv\u00e9dica ha recomendado la c\u00farcuma para enfermedades como el dolor cr\u00f3nico, los problemas digestivos, la salud del coraz\u00f3n, el c\u00e1ncer, la funci\u00f3n hep\u00e1tica y la inflamaci\u00f3n.<\/p>\n<\/div>\n<div >\n<div >\n<p>Existen m\u00e1s de 25.000 estudios cient\u00edficos y art\u00edculos de investigaci\u00f3n publicados sobre la curcumina que validan sus asombrosas propiedades antioxidantes y antiinflamatorias.<\/p>\n<p>*La c\u00farcuma contribuye al funcionamiento normal del sistema inmunitario y ayuda a mantener la salud de articulaciones y huesos<\/p>\n<\/div>\n<div>\n<p>Como potente antioxidante, la curcumina contribuye a mantener nuestras articulaciones sanas y sin dolor.<\/p>\n<h2>Absorci\u00f3n en segundos<\/h2>\n<p>Nuestra tecnolog\u00eda patentada HINNAO nos permite utilizar part\u00edculas lip\u00eddicas para absorber a trav\u00e9s de la mucosa, lo que significa que 85% de cada dosis se absorbe en 60 segundos.<\/p>\n<h2>Ingredientes de la curcumina c\u00farcuma<\/h2>\n<p>Aceite de almendras dulces, extracto de c\u00farcuma en polvo (Curcuma Longa), edulcorante: Gluc\u00f3sidos de esteviol, Aroma: Aceite de lim\u00f3n Para los al\u00e9rgenos, v\u00e9anse los ingredientes en negrita.<\/p>\n<div class=\"wp-block-group alignfull absorption-statement has-tertiary-background-color has-background has-global-padding is-layout-constrained wp-block-group-is-layout-constrained\">\n<h2 style=\"text-align: center;\">C\u00f3mo tomar HINNAO<\/h2>\n<\/div>\n<h3>PASO 1<\/h3>\n<p>Agitar en\u00e9rgicamente y mezclar bien durante 30 segundos para obtener una dosis homog\u00e9nea.<\/p>\n<h3>PASO 2<\/h3>\n<p>Apriete la pipeta para extraer la dosis recomendada.<\/p>\n<h3>PASO 3<\/h3>\n<p>Col\u00f3quese el producto en la boca.<\/p>\n<h3>PASO 4<\/h3>\n<p>Mant\u00e9ngalo en la boca de 60 a 90 segundos y luego trague.<\/p>\n<\/div>\n<\/div>","protected":false},"excerpt":{"rendered":"<p>Why Choose HINNAO Turmeric Curcumin Curcumin is the main active ingredient found in the turmeric root. A powerful Anti-Inflammatory and Antioxidant.For thousands of years Ayurvedic medicine has recommended turmeric for health conditions, such as; chronic pain, digestive issues, heart health, cancer, liver function, and inflammation. There are over 25,000 scientific studies and research articles published [&hellip;]<\/p>","protected":false},"featured_media":4122,"comment_status":"open","ping_status":"closed","template":"","meta":[],"product_brand":[],"product_cat":[31],"product_tag":[],"class_list":{"0":"post-4120","1":"product","2":"type-product","3":"status-publish","4":"has-post-thumbnail","6":"product_cat-hinnao","8":"first","9":"instock","10":"shipping-taxable","11":"purchasable","12":"product-type-simple"},"_links":{"self":[{"href":"https:\/\/qelizaesthetics.com\/es\/wp-json\/wp\/v2\/product\/4120","targetHints":{"allow":["GET"]}}],"collection":[{"href":"https:\/\/qelizaesthetics.com\/es\/wp-json\/wp\/v2\/product"}],"about":[{"href":"https:\/\/qelizaesthetics.com\/es\/wp-json\/wp\/v2\/types\/product"}],"replies":[{"embeddable":true,"href":"https:\/\/qelizaesthetics.com\/es\/wp-json\/wp\/v2\/comments?post=4120"}],"wp:featuredmedia":[{"embeddable":true,"href":"https:\/\/qelizaesthetics.com\/es\/wp-json\/wp\/v2\/media\/4122"}],"wp:attachment":[{"href":"https:\/\/qelizaesthetics.com\/es\/wp-json\/wp\/v2\/media?parent=4120"}],"wp:term":[{"taxonomy":"product_brand","embeddable":true,"href":"https:\/\/qelizaesthetics.com\/es\/wp-json\/wp\/v2\/product_brand?post=4120"},{"taxonomy":"product_cat","embeddable":true,"href":"https:\/\/qelizaesthetics.com\/es\/wp-json\/wp\/v2\/product_cat?post=4120"},{"taxonomy":"product_tag","embeddable":true,"href":"https:\/\/qelizaesthetics.com\/es\/wp-json\/wp\/v2\/product_tag?post=4120"}],"curies":[{"name":"wp","href":"https:\/\/api.w.org\/{rel}","templated":true}]}}