{"id":4096,"date":"2025-07-09T14:22:58","date_gmt":"2025-07-09T14:22:58","guid":{"rendered":"https:\/\/qelizaesthetics.com\/?post_type=product&#038;p=4096"},"modified":"2025-09-02T15:46:20","modified_gmt":"2025-09-02T15:46:20","slug":"radiantly-body-cream","status":"publish","type":"product","link":"https:\/\/qelizaesthetics.com\/es\/producto\/crema-corporal-radiante\/","title":{"rendered":"Crema Corporal Radiante"},"content":{"rendered":"<p>Loci\u00f3n corporal para mejorar la integridad y el aspecto del tono y la textura de la piel. Produce resultados r\u00e1pidos y duraderos. Renueva la piel con la m\u00e1xima nutrici\u00f3n reafirmante e hidratante. Ceramidas para aumentar la hidrataci\u00f3n de la piel, suavizarla y rellenarla. La cafe\u00edna ayuda a que la superficie de la piel sea m\u00e1s lisa, firme y menos irregular. Rico en antioxidantes avanzados que ayudan a proteger la piel. Las fuentes vegetales naturales estimulan la renovaci\u00f3n de la piel. Reduce la aparici\u00f3n de l\u00edneas y arrugas. Es beneficioso para todo tipo de pieles, pero especialmente para aquellas con problemas de envejecimiento.<\/p>\n<p><strong>C\u00f3mo llegar:<\/strong>\u00a0Extender por todo el cuerpo. Puede utilizarse 1-2 veces al d\u00eda.<\/p>\n<p><strong>Tipo de piel:<\/strong>\u00a0Bueno para todo tipo de pieles.<\/p>\n<p><strong>Tama\u00f1o:<\/strong>\u00a08 onzas<\/p>\n<p><strong>Ventajas:<\/strong><\/p>\n<ul>\n<li>Nutre e hidrata la piel<\/li>\n<li>Ceramidas para aumentar la hidrataci\u00f3n de la piel, suavizarla y rellenarla<\/li>\n<li>La cafe\u00edna ayuda a que la superficie de la piel sea m\u00e1s lisa, m\u00e1s firme y menos irregular<\/li>\n<li>Rico en antioxidantes avanzados para ayudar a la protecci\u00f3n de la piel<\/li>\n<li>Las fuentes vegetales naturales estimulan la renovaci\u00f3n de la piel<\/li>\n<\/ul>\n<ul>\n<li>Reduce la aparici\u00f3n de l\u00edneas y arrugas<\/li>\n<\/ul>\n<p><strong>Ingredientes:<\/strong>\u00a0Agua desionizada, lauril lactato, etil macadamiato, cocoglic\u00e9ridos, \u00e1cido este\u00e1rico, alcohol cetear\u00edlico, glicerina, estearato de glicerilo SE, propanodiol, manteca de cacao, fosfol\u00edpidos, Linoleato de tocoferilo, \u00c1cido hialur\u00f3nico, Feniletil Resorcinol, \u00c1cido hidroxifenoxipropi\u00f3nico, Colecalciferol, Cafe\u00edna, Linoleato de retinilo, Hialuronato de sodio, Linoleato de ascorbilo, Ceramida NP, Myristoyl Nonapeptide-3, Ceramide AP, Ceramide EOP, Phytosphinogosine, Citrus Aurantium Bergamia (Bergamota) Peel Oil, Lavandula Hybrida Oil, Lavandula Angustifolia (Lavender) Oil, Extracto de Plancton, Dimeticona, Citrato de Estearato de Glicerilo, Hidroxietil Celulosa, EDTA Dis\u00f3dico, Colestrol, Lauroil Lactilato de Sodio, Carb\u00f3mero, 1-2 Hexanodiol, Goma Xantana, Caprilil Glicol.<\/p>","protected":false},"excerpt":{"rendered":"<p>Loci\u00f3n corporal para mejorar la integridad y el aspecto del tono y la textura de la piel. Produce resultados r\u00e1pidos y duraderos. Renueva la piel con la m\u00e1xima nutrici\u00f3n reafirmante e hidratante. Ceramidas para aumentar la hidrataci\u00f3n de la piel, suavizarla y rellenarla. La cafe\u00edna ayuda a que la superficie de la piel sea m\u00e1s lisa, firme y menos irregular. Rico en antioxidantes avanzados para ayudar [...]<\/p>","protected":false},"featured_media":4098,"comment_status":"open","ping_status":"closed","template":"","meta":[],"product_brand":[],"product_cat":[30,34],"product_tag":[],"class_list":{"0":"post-4096","1":"product","2":"type-product","3":"status-publish","4":"has-post-thumbnail","6":"product_cat-societe","7":"product_cat-skincare","9":"first","10":"instock","11":"shipping-taxable","12":"purchasable","13":"product-type-simple"},"_links":{"self":[{"href":"https:\/\/qelizaesthetics.com\/es\/wp-json\/wp\/v2\/product\/4096","targetHints":{"allow":["GET"]}}],"collection":[{"href":"https:\/\/qelizaesthetics.com\/es\/wp-json\/wp\/v2\/product"}],"about":[{"href":"https:\/\/qelizaesthetics.com\/es\/wp-json\/wp\/v2\/types\/product"}],"replies":[{"embeddable":true,"href":"https:\/\/qelizaesthetics.com\/es\/wp-json\/wp\/v2\/comments?post=4096"}],"wp:featuredmedia":[{"embeddable":true,"href":"https:\/\/qelizaesthetics.com\/es\/wp-json\/wp\/v2\/media\/4098"}],"wp:attachment":[{"href":"https:\/\/qelizaesthetics.com\/es\/wp-json\/wp\/v2\/media?parent=4096"}],"wp:term":[{"taxonomy":"product_brand","embeddable":true,"href":"https:\/\/qelizaesthetics.com\/es\/wp-json\/wp\/v2\/product_brand?post=4096"},{"taxonomy":"product_cat","embeddable":true,"href":"https:\/\/qelizaesthetics.com\/es\/wp-json\/wp\/v2\/product_cat?post=4096"},{"taxonomy":"product_tag","embeddable":true,"href":"https:\/\/qelizaesthetics.com\/es\/wp-json\/wp\/v2\/product_tag?post=4096"}],"curies":[{"name":"wp","href":"https:\/\/api.w.org\/{rel}","templated":true}]}}