{"id":4093,"date":"2025-07-09T13:07:52","date_gmt":"2025-07-09T13:07:52","guid":{"rendered":"https:\/\/qelizaesthetics.com\/?post_type=product&#038;p=4093"},"modified":"2025-09-02T15:46:29","modified_gmt":"2025-09-02T15:46:29","slug":"societe-covershield-spf-27","status":"publish","type":"product","link":"https:\/\/qelizaesthetics.com\/es\/producto\/societe-covershield-spf-27\/","title":{"rendered":"Societe Covershield SPF 27"},"content":{"rendered":"<p><strong>Una crema hidratante ultra cremosa con SPF que proporciona una protecci\u00f3n de espectro completo con un filtro solar f\u00edsico SPF 27 que protege y suaviza la piel. Excelente para tipos de piel sensible, reactiva, con ros\u00e1cea y acn\u00e9ica, adem\u00e1s de para pacientes post-l\u00e1ser, peeling y quir\u00fargicos.\u00a0<\/strong><\/p>\n<p>&nbsp;<\/p>\n<p><strong>C\u00f3mo llegar:<br \/>\n<\/strong>Aplicar despu\u00e9s de la limpieza, la soluci\u00f3n preparadora y el tratamiento diario. Utilizar seg\u00fan sea necesario para una hidrataci\u00f3n adicional.<\/p>\n<p><strong>Tipo de piel:<\/strong>\u00a0Bueno para todo tipo de pieles.<\/p>\n<p><strong>pH:<\/strong>\u00a0Neutro<\/p>\n<p><strong>Tama\u00f1o:<\/strong>\u00a02.1oz<\/p>\n<p><strong>Ventajas:<\/strong><\/p>\n<ul>\n<li>Amplio espectro UVA\/UVB<\/li>\n<li>Combate y protege contra los radicales libres<\/li>\n<li>Eficaz protector medioambiental<\/li>\n<li>Impide la entrada de contaminantes ambientales<\/li>\n<li>Ligeramente tintado\/seca transparente<\/li>\n<li>Hidratante, no irritante y suavizante de la piel<\/li>\n<\/ul>\n<p><strong>Ingredientes:\u00a0<\/strong>Di\u00f3xido de titanio, \u00f3xido de cinc, agua, ciclopentasiloxano, ciclometicona, pol\u00edmero cruzado de dimeticona, caprilil meticona, butilenglicol, glicerina, meticona, dimeticona, alcohol cet\u00edlico, pol\u00edmero cruzado de dimeticona\/vinil dimeticona, estearato de glicerilo, estearato de PEG-75, ceteth-20. Linoleato de tocoferilo\/oleato, pentap\u00e9ptido-17 de miristoilo, nonap\u00e9ptido-3 de miristoilo, Linoleato\/Oleato de tocoferilo, Pentap\u00e9ptido-17 de miristoilo, Nonapeptido-3 de miristoilo, Linoleato de ascorbilo, \u00d3xidos de hierro, \u00c1cido polihidroxieste\u00e1rico, Acrilatos\/C10-30 Acrilato de alquilo Crosspolymer, Hialuronato de sodio, Extracto de hoja de Camellia Sinensis, S\u00edlice, Esteareth-20, Fenoxietanol, Etilhexilglicerina.<\/p>","protected":false},"excerpt":{"rendered":"<p>Una crema hidratante ultra cremosa con SPF que proporciona una protecci\u00f3n de espectro completo con un filtro solar f\u00edsico SPF 27 que protege y suaviza la piel. Excelente para tipos de piel sensible, reactiva, con ros\u00e1cea y acn\u00e9ica, adem\u00e1s de para pacientes post-l\u00e1ser, peeling y quir\u00fargicos.    Modo de empleo: Aplicar despu\u00e9s de la limpieza, la soluci\u00f3n preparadora y el tratamiento diario. Utilizar seg\u00fan sea necesario para una hidrataci\u00f3n adicional. Piel [...]<\/p>","protected":false},"featured_media":4095,"comment_status":"open","ping_status":"closed","template":"","meta":[],"product_brand":[],"product_cat":[30,34],"product_tag":[],"class_list":{"0":"post-4093","1":"product","2":"type-product","3":"status-publish","4":"has-post-thumbnail","6":"product_cat-societe","7":"product_cat-skincare","9":"first","10":"instock","11":"shipping-taxable","12":"purchasable","13":"product-type-simple"},"_links":{"self":[{"href":"https:\/\/qelizaesthetics.com\/es\/wp-json\/wp\/v2\/product\/4093","targetHints":{"allow":["GET"]}}],"collection":[{"href":"https:\/\/qelizaesthetics.com\/es\/wp-json\/wp\/v2\/product"}],"about":[{"href":"https:\/\/qelizaesthetics.com\/es\/wp-json\/wp\/v2\/types\/product"}],"replies":[{"embeddable":true,"href":"https:\/\/qelizaesthetics.com\/es\/wp-json\/wp\/v2\/comments?post=4093"}],"wp:featuredmedia":[{"embeddable":true,"href":"https:\/\/qelizaesthetics.com\/es\/wp-json\/wp\/v2\/media\/4095"}],"wp:attachment":[{"href":"https:\/\/qelizaesthetics.com\/es\/wp-json\/wp\/v2\/media?parent=4093"}],"wp:term":[{"taxonomy":"product_brand","embeddable":true,"href":"https:\/\/qelizaesthetics.com\/es\/wp-json\/wp\/v2\/product_brand?post=4093"},{"taxonomy":"product_cat","embeddable":true,"href":"https:\/\/qelizaesthetics.com\/es\/wp-json\/wp\/v2\/product_cat?post=4093"},{"taxonomy":"product_tag","embeddable":true,"href":"https:\/\/qelizaesthetics.com\/es\/wp-json\/wp\/v2\/product_tag?post=4093"}],"curies":[{"name":"wp","href":"https:\/\/api.w.org\/{rel}","templated":true}]}}