{"id":4077,"date":"2025-07-09T12:43:49","date_gmt":"2025-07-09T12:43:49","guid":{"rendered":"https:\/\/qelizaesthetics.com\/?post_type=product&#038;p=4077"},"modified":"2025-09-02T15:47:09","modified_gmt":"2025-09-02T15:47:09","slug":"peptide-mask","status":"publish","type":"product","link":"https:\/\/qelizaesthetics.com\/es\/producto\/mascarilla-de-peptidos\/","title":{"rendered":"Mascarilla pept\u00eddica"},"content":{"rendered":"<p><strong>USOS: \u00a0<\/strong><strong>Perfecto para usar despu\u00e9s de: Agujas D\u00e9rmicas, Microdermoabrasi\u00f3n, Modalidades Faciales, Cirug\u00eda Facial, Peelings, L\u00e1ser y m\u00e1s.<\/strong><br \/>\n<strong>La M\u00e1scara de Gel P\u00e9ptido Rejuvenecedor fue desarrollada para uso cosm\u00e9tico para calmar e hidratar la piel despu\u00e9s de micro-agujas, procedimientos quir\u00fargicos, post inyecci\u00f3n, y\/o cualquier tratamiento ablativo. Adem\u00e1s, tambi\u00e9n puede utilizarse durante tratamientos faciales y de microdermoabrasi\u00f3n.<\/strong><\/p>\n<p>&nbsp;<\/p>\n<p>Utilizando una formulaci\u00f3n \u00fanica de p\u00e9ptidos, c\u00e9lulas madre vegetales y grandes ingredientes antienvejecimiento, que ayudan al rejuvenecimiento de la piel, estas Hojas de Gel de P\u00e9ptidos incorporan una innovadora tecnolog\u00eda llamada TCD (Transdermal Cosmetic Delivery), que asegura que sus ingredientes clave se activen con la temperatura de la piel. Adem\u00e1s, minimiza r\u00e1pidamente la piel deshidratada y mejora la capacidad de autohidrataci\u00f3n de la piel.<\/p>\n<p class=\"p1\"><strong>C\u00f3mo llegar:<br \/>\n<\/strong>La Mascarilla de Gel con P\u00e9ptidos Rejuvenecedores puede utilizarse en el rostro y otras zonas del cuerpo seg\u00fan sea necesario para favorecer la cicatrizaci\u00f3n, la hidrataci\u00f3n profunda y reducir las rojeces, la hinchaz\u00f3n y la irritaci\u00f3n.<em>\u00a0CONSEJO: Refrigere las mascarillas para obtener un efecto refrescante adicional.<\/em><\/p>\n<p class=\"p1\"><strong>Ventajas:<\/strong><\/p>\n<ul>\n<li>Calma, refresca y suaviza la piel al instante<\/li>\n<li>Reduce las rojeces y las bolsas con un efecto refrescante y fr\u00edo<\/li>\n<li>Hidrata en profundidad la piel seca y estresada<\/li>\n<\/ul>\n<p class=\"p1\"><strong>Ingredientes:\u00a0<\/strong>Agua, extracto de flores de Chamomilla Recutita (Matricaria), col\u00e1geno hidrolizado, hialuronato s\u00f3dico, acetil hexap\u00e9ptido 8, glicerina, extracto de cultivos celulares de hojas de Rhododendron Ferrugineum, extracto de cultivos celulares de frutos de Malus Domestica, extracto de Portulaca Oleracea, manano, polisorbato 80, glicirrizato dipot\u00e1sico, EDTA dis\u00f3dico, goma Ceratonia Silique, hidr\u00f3xido pot\u00e1sico, fenoxietanol.<\/p>","protected":false},"excerpt":{"rendered":"<p>USES: \u00a0Perfect for use after: Dermal Needling, Microdermabrasion, Facial Modalities, Facial Surgery, Peels, Laser and more. The Rejuvenating Peptide Gel Mask was developed for cosmetic use to calm and moisturize the skin after micro-needling, surgical procedures, post injection, and\/or any ablative treatments. In addition, it can also be used during facials and microdermabrasion treatments. &nbsp; [&hellip;]<\/p>","protected":false},"featured_media":4079,"comment_status":"open","ping_status":"closed","template":"","meta":[],"product_brand":[],"product_cat":[33],"product_tag":[],"class_list":{"0":"post-4077","1":"product","2":"type-product","3":"status-publish","4":"has-post-thumbnail","6":"product_cat-peptide","8":"first","9":"instock","10":"shipping-taxable","11":"purchasable","12":"product-type-simple"},"_links":{"self":[{"href":"https:\/\/qelizaesthetics.com\/es\/wp-json\/wp\/v2\/product\/4077","targetHints":{"allow":["GET"]}}],"collection":[{"href":"https:\/\/qelizaesthetics.com\/es\/wp-json\/wp\/v2\/product"}],"about":[{"href":"https:\/\/qelizaesthetics.com\/es\/wp-json\/wp\/v2\/types\/product"}],"replies":[{"embeddable":true,"href":"https:\/\/qelizaesthetics.com\/es\/wp-json\/wp\/v2\/comments?post=4077"}],"wp:featuredmedia":[{"embeddable":true,"href":"https:\/\/qelizaesthetics.com\/es\/wp-json\/wp\/v2\/media\/4079"}],"wp:attachment":[{"href":"https:\/\/qelizaesthetics.com\/es\/wp-json\/wp\/v2\/media?parent=4077"}],"wp:term":[{"taxonomy":"product_brand","embeddable":true,"href":"https:\/\/qelizaesthetics.com\/es\/wp-json\/wp\/v2\/product_brand?post=4077"},{"taxonomy":"product_cat","embeddable":true,"href":"https:\/\/qelizaesthetics.com\/es\/wp-json\/wp\/v2\/product_cat?post=4077"},{"taxonomy":"product_tag","embeddable":true,"href":"https:\/\/qelizaesthetics.com\/es\/wp-json\/wp\/v2\/product_tag?post=4077"}],"curies":[{"name":"wp","href":"https:\/\/api.w.org\/{rel}","templated":true}]}}