{"id":4071,"date":"2025-07-09T12:38:54","date_gmt":"2025-07-09T12:38:54","guid":{"rendered":"https:\/\/qelizaesthetics.com\/?post_type=product&#038;p=4071"},"modified":"2025-09-02T15:47:28","modified_gmt":"2025-09-02T15:47:28","slug":"pads-for-acne","status":"publish","type":"product","link":"https:\/\/qelizaesthetics.com\/es\/producto\/almohadillas-para-el-acne\/","title":{"rendered":"Almohadillas para el acn\u00e9"},"content":{"rendered":"<p><strong>AM o PM<\/strong><\/p>\n<p><strong>Tratamiento antiacn\u00e9 de inspiraci\u00f3n m\u00e9dica.<\/strong><\/p>\n<p class=\"p1\"><strong>Potenciador de la piel antiacn\u00e9 y antigrasa dise\u00f1ado para aumentar los resultados de una piel clara. Ayuda a reducir los brotes de acn\u00e9 y el exceso de grasa, al tiempo que favorece la aparici\u00f3n de una piel sana y luminosa. Tambi\u00e9n puede ser utilizado por profesionales del cuidado de la piel en salas de tratamiento para mejorar los tratamientos faciales y contra el acn\u00e9.<\/strong><\/p>\n<p><strong>C\u00f3mo llegar:\u00a0<\/strong>Aplicar uniformemente sobre el rostro, evitando el contorno de los ojos. No aclarar. Dejar secar el rostro antes de aplicar cualquier otro producto. Tensar el p\u00e1rpado despu\u00e9s de su uso. Utilizar a diario.<\/p>\n<p><strong>Tipo de piel:<\/strong>\u00a0Bueno para todo tipo de pieles.<\/p>\n<p><strong>pH:<\/strong>\u00a03.5<\/p>\n<p><strong>Tama\u00f1o:<\/strong>\u00a02,5 onzas<\/p>\n<p><strong>Ventajas:<\/strong><\/p>\n<ul>\n<li>El \u00e1cido salic\u00edlico exfolia suavemente y ayuda a eliminar las c\u00e9lulas muertas de la piel para conseguir una piel visiblemente limpia y sin imperfecciones.<\/li>\n<li>Los activos mejorados ayudan a la integridad de la piel a combatir los brotes activos.<\/li>\n<li>Los agentes receptores sensoriales ayudan a calmar la piel reactiva.<\/li>\n<li>Ayuda a inhibir el crecimiento bacteriano del acn\u00e9 y a regular la producci\u00f3n de grasa en los poros.<\/li>\n<li>Ayuda a mejorar la textura de la piel y unifica la tez.<\/li>\n<\/ul>\n<p><strong>Ingredientes:\u00a0<\/strong>\u00c1cido Salic\u00edlico, Agua, Etanol, \u00c1cido Glic\u00f3lico, Dimetil Isosorbide, \u00c1cido L\u00e1ctico, Cocoyl Arginine Amide, Glicerina, Myristoyl Tetrapeptide-13, Lactobacillus\/Saccharomyces\/Rice\/Sucrose Ferment Filtrate, L-Mandelic Acid, \u00c1cido C\u00edtrico, Epilobium Fleischeri Extract, Syringa Vulgaris (Lilac) Extract, Extracto de Fruta Citrus Paradisi (Pomelo), Extracto de Mirabilis Jalapa, Mentol, Aceite de Mentha Piperita (Menta), Aceite Esencial de C\u00e1scara de Citrus Grandis (Pomelo), Butilenglicol, Maltodextrina, Polyquaternium-10, 1,2-Hexanediol, Propanediol, Hidr\u00f3xido de Potasio, Caprilil Glicol.<\/p>","protected":false},"excerpt":{"rendered":"<p>Tratamiento antiacn\u00e9 AM o PM inspirado por m\u00e9dicos. Tratamiento antiacn\u00e9 y antigrasa dise\u00f1ado para mejorar los resultados de una piel limpia. Ayuda a reducir los brotes de acn\u00e9 y el exceso de grasa, al tiempo que favorece la aparici\u00f3n de una piel sana y luminosa. Tambi\u00e9n puede ser utilizado por profesionales del cuidado de la piel en salas de tratamiento para mejorar los tratamientos faciales y contra el acn\u00e9. Modo de empleo: Aplicar uniformemente sobre el rostro, evitando las [...]<\/p>","protected":false},"featured_media":4073,"comment_status":"open","ping_status":"closed","template":"","meta":[],"product_brand":[],"product_cat":[30,34],"product_tag":[],"class_list":{"0":"post-4071","1":"product","2":"type-product","3":"status-publish","4":"has-post-thumbnail","6":"product_cat-societe","7":"product_cat-skincare","9":"first","10":"instock","11":"shipping-taxable","12":"purchasable","13":"product-type-simple"},"_links":{"self":[{"href":"https:\/\/qelizaesthetics.com\/es\/wp-json\/wp\/v2\/product\/4071","targetHints":{"allow":["GET"]}}],"collection":[{"href":"https:\/\/qelizaesthetics.com\/es\/wp-json\/wp\/v2\/product"}],"about":[{"href":"https:\/\/qelizaesthetics.com\/es\/wp-json\/wp\/v2\/types\/product"}],"replies":[{"embeddable":true,"href":"https:\/\/qelizaesthetics.com\/es\/wp-json\/wp\/v2\/comments?post=4071"}],"wp:featuredmedia":[{"embeddable":true,"href":"https:\/\/qelizaesthetics.com\/es\/wp-json\/wp\/v2\/media\/4073"}],"wp:attachment":[{"href":"https:\/\/qelizaesthetics.com\/es\/wp-json\/wp\/v2\/media?parent=4071"}],"wp:term":[{"taxonomy":"product_brand","embeddable":true,"href":"https:\/\/qelizaesthetics.com\/es\/wp-json\/wp\/v2\/product_brand?post=4071"},{"taxonomy":"product_cat","embeddable":true,"href":"https:\/\/qelizaesthetics.com\/es\/wp-json\/wp\/v2\/product_cat?post=4071"},{"taxonomy":"product_tag","embeddable":true,"href":"https:\/\/qelizaesthetics.com\/es\/wp-json\/wp\/v2\/product_tag?post=4071"}],"curies":[{"name":"wp","href":"https:\/\/api.w.org\/{rel}","templated":true}]}}