{"id":3727,"date":"2025-02-03T16:55:54","date_gmt":"2025-02-03T16:55:54","guid":{"rendered":"https:\/\/qelizaesthetics.com\/?post_type=product&#038;p=3727"},"modified":"2025-09-02T15:53:39","modified_gmt":"2025-09-02T15:53:39","slug":"ashwagandha-500-mg-60-caps","status":"publish","type":"product","link":"https:\/\/qelizaesthetics.com\/es\/producto\/ashwagandha-500-mg-60-caps\/","title":{"rendered":"Ashwagandha 500 mg (60 c\u00e1ps.)"},"content":{"rendered":"","protected":false},"excerpt":{"rendered":"<div class=\"border-section rte\"><strong>Una hierba adapt\u00f3gena<\/strong> conocido por reducir el estr\u00e9s, mejorar el estado de \u00e1nimo, potenciar la funci\u00f3n cognitiva y favorecer el equilibrio hormonal.<\/div>\n<p>&nbsp;<\/p>\n<div class=\"border-section rte\"><strong>\u00bfSab\u00edas que...?<\/strong><br \/>\nEmparejamiento <strong>Ashwagandha<\/strong> con <strong>Treonato de magnesio<\/strong> <em>(pr\u00f3ximamente en QelizA)<\/em> puede aumentar el alivio del estr\u00e9s, mejorar la funci\u00f3n cognitiva y promover una relajaci\u00f3n m\u00e1s profunda combinando las propiedades adaptog\u00e9nicas de la Ashwagandha con la capacidad del Treonato de Magnesio para atravesar la barrera hematoencef\u00e1lica y favorecer el equilibrio de los neurotransmisores.<\/div>","protected":false},"featured_media":3748,"comment_status":"open","ping_status":"closed","template":"","meta":[],"product_brand":[],"product_cat":[29],"product_tag":[],"class_list":{"0":"post-3727","1":"product","2":"type-product","3":"status-publish","4":"has-post-thumbnail","6":"product_cat-supplements","8":"first","9":"instock","10":"shipping-taxable","11":"purchasable","12":"product-type-simple"},"_links":{"self":[{"href":"https:\/\/qelizaesthetics.com\/es\/wp-json\/wp\/v2\/product\/3727","targetHints":{"allow":["GET"]}}],"collection":[{"href":"https:\/\/qelizaesthetics.com\/es\/wp-json\/wp\/v2\/product"}],"about":[{"href":"https:\/\/qelizaesthetics.com\/es\/wp-json\/wp\/v2\/types\/product"}],"replies":[{"embeddable":true,"href":"https:\/\/qelizaesthetics.com\/es\/wp-json\/wp\/v2\/comments?post=3727"}],"wp:featuredmedia":[{"embeddable":true,"href":"https:\/\/qelizaesthetics.com\/es\/wp-json\/wp\/v2\/media\/3748"}],"wp:attachment":[{"href":"https:\/\/qelizaesthetics.com\/es\/wp-json\/wp\/v2\/media?parent=3727"}],"wp:term":[{"taxonomy":"product_brand","embeddable":true,"href":"https:\/\/qelizaesthetics.com\/es\/wp-json\/wp\/v2\/product_brand?post=3727"},{"taxonomy":"product_cat","embeddable":true,"href":"https:\/\/qelizaesthetics.com\/es\/wp-json\/wp\/v2\/product_cat?post=3727"},{"taxonomy":"product_tag","embeddable":true,"href":"https:\/\/qelizaesthetics.com\/es\/wp-json\/wp\/v2\/product_tag?post=3727"}],"curies":[{"name":"wp","href":"https:\/\/api.w.org\/{rel}","templated":true}]}}