{"id":3712,"date":"2025-02-03T16:54:51","date_gmt":"2025-02-03T16:54:51","guid":{"rendered":"https:\/\/qelizaesthetics.com\/?post_type=product&#038;p=3712"},"modified":"2025-09-02T15:54:58","modified_gmt":"2025-09-02T15:54:58","slug":"nmn-nicotinamide-mononucleotide-500-mg-60-caps","status":"publish","type":"product","link":"https:\/\/qelizaesthetics.com\/es\/producto\/nmn-nicotinamida-mononucleotido-500-mg-60-caps\/","title":{"rendered":"NMN (nicotinamida mononucle\u00f3tido) - 500 mg (60 c\u00e1psulas)"},"content":{"rendered":"","protected":false},"excerpt":{"rendered":"<div class=\"border-section rte\">\n    <strong>Un suplemento de longevidad de vanguardia<\/strong> que aumenta los niveles de NAD+, mejorando la energ\u00eda celular, la reparaci\u00f3n del ADN y la funci\u00f3n metab\u00f3lica general.\n<\/div>\n<p><\/p>\n<div class=\"border-section rte\">\n    <strong>\u00bfSab\u00edas que...?<\/strong><br \/>\n    Asociar NMN con <strong><a href=\"https:\/\/qelizaesthetics.com\/es\/producto\/resveratrol-200-mg-60-caps\/\">Resveratrol<\/a><\/strong> puede amplificar la producci\u00f3n de NAD+ y activar las sirtuinas, mejorando la energ\u00eda celular, la reparaci\u00f3n del ADN y las v\u00edas de longevidad para obtener unos beneficios antienvejecimiento y metab\u00f3licos \u00f3ptimos.\n<\/div>","protected":false},"featured_media":3754,"comment_status":"open","ping_status":"closed","template":"","meta":[],"product_brand":[],"product_cat":[29],"product_tag":[],"class_list":{"0":"post-3712","1":"product","2":"type-product","3":"status-publish","4":"has-post-thumbnail","6":"product_cat-supplements","8":"first","9":"instock","10":"shipping-taxable","11":"purchasable","12":"product-type-simple"},"_links":{"self":[{"href":"https:\/\/qelizaesthetics.com\/es\/wp-json\/wp\/v2\/product\/3712","targetHints":{"allow":["GET"]}}],"collection":[{"href":"https:\/\/qelizaesthetics.com\/es\/wp-json\/wp\/v2\/product"}],"about":[{"href":"https:\/\/qelizaesthetics.com\/es\/wp-json\/wp\/v2\/types\/product"}],"replies":[{"embeddable":true,"href":"https:\/\/qelizaesthetics.com\/es\/wp-json\/wp\/v2\/comments?post=3712"}],"wp:featuredmedia":[{"embeddable":true,"href":"https:\/\/qelizaesthetics.com\/es\/wp-json\/wp\/v2\/media\/3754"}],"wp:attachment":[{"href":"https:\/\/qelizaesthetics.com\/es\/wp-json\/wp\/v2\/media?parent=3712"}],"wp:term":[{"taxonomy":"product_brand","embeddable":true,"href":"https:\/\/qelizaesthetics.com\/es\/wp-json\/wp\/v2\/product_brand?post=3712"},{"taxonomy":"product_cat","embeddable":true,"href":"https:\/\/qelizaesthetics.com\/es\/wp-json\/wp\/v2\/product_cat?post=3712"},{"taxonomy":"product_tag","embeddable":true,"href":"https:\/\/qelizaesthetics.com\/es\/wp-json\/wp\/v2\/product_tag?post=3712"}],"curies":[{"name":"wp","href":"https:\/\/api.w.org\/{rel}","templated":true}]}}