{"id":3677,"date":"2025-02-03T16:30:32","date_gmt":"2025-02-03T16:30:32","guid":{"rendered":"https:\/\/qelizaesthetics.com\/?post_type=product&#038;p=3677"},"modified":"2025-09-02T15:56:04","modified_gmt":"2025-09-02T15:56:04","slug":"inositol-500-mg-60-caps","status":"publish","type":"product","link":"https:\/\/qelizaesthetics.com\/es\/producto\/inositol-500-mg-60-caps\/","title":{"rendered":"Inositol 500 mg (60 c\u00e1psulas)"},"content":{"rendered":"","protected":false},"excerpt":{"rendered":"<div class=\"border-section rte\">\n    <strong>Favorece la sensibilidad a la insulina<\/strong>El tratamiento de la obesidad, el equilibrio hormonal y la funci\u00f3n cognitiva. A menudo se utiliza para el s\u00edndrome de ovario poliqu\u00edstico, la estabilizaci\u00f3n del estado de \u00e1nimo y la salud metab\u00f3lica.\n<\/div>\n<p><\/p>\n<div class=\"border-section rte\">\n    <strong>\u00bfSab\u00edas que...?<\/strong><br \/>\n    Emparejamiento <strong>Inositol<\/strong> con <strong>Mezcla metilada personalizada de Qeliza<\/strong> <em>(pr\u00f3ximamente en QelizA)<\/em> puede mejorar <strong>estado de \u00e1nimo, equilibrio hormonal<\/strong>y <strong>funci\u00f3n metab\u00f3lica<\/strong>, ya que el inositol apoya <strong>sensibilidad a la insulina<\/strong> y <strong>se\u00f1alizaci\u00f3n de neurotransmisores<\/strong>mientras que la mezcla metilada optimiza <strong>v\u00edas de metilaci\u00f3n<\/strong> crucial para la desintoxicaci\u00f3n, la producci\u00f3n de energ\u00eda y la salud neurol\u00f3gica.\n<\/div>\n<p><\/p>\n<div class=\"border-section rte\">\n    Esta combinaci\u00f3n es especialmente beneficiosa para las personas con <strong>Variaciones MTHFR, SOP, problemas de fertilidad<\/strong>o <strong>desequilibrios cognitivos<\/strong>.\n<\/div>\n<p><\/p>\n<div class=\"border-section rte\">\n    <strong>Es un hecho:<\/strong> Emparejamiento <strong><a href=\"https:\/\/qelizaesthetics.com\/es\/producto\/resveratrol-200-mg-60-caps\/\">Resveratrol<\/a><\/strong> con <strong><a href=\"https:\/\/qelizaesthetics.com\/es\/producto\/nmn-nicotinamida-mononucleotido-500-mg-60-caps\/\">NMN<\/a><\/strong> puede amplificar la producci\u00f3n de NAD+ y activar las sirtuinas, mejorando la energ\u00eda celular, la reparaci\u00f3n del ADN y las v\u00edas de longevidad para obtener unos beneficios antienvejecimiento y metab\u00f3licos \u00f3ptimos.\n<\/div>","protected":false},"featured_media":3741,"comment_status":"open","ping_status":"closed","template":"","meta":[],"product_brand":[],"product_cat":[29],"product_tag":[],"class_list":{"0":"post-3677","1":"product","2":"type-product","3":"status-publish","4":"has-post-thumbnail","6":"product_cat-supplements","8":"first","9":"instock","10":"shipping-taxable","11":"purchasable","12":"product-type-simple"},"_links":{"self":[{"href":"https:\/\/qelizaesthetics.com\/es\/wp-json\/wp\/v2\/product\/3677","targetHints":{"allow":["GET"]}}],"collection":[{"href":"https:\/\/qelizaesthetics.com\/es\/wp-json\/wp\/v2\/product"}],"about":[{"href":"https:\/\/qelizaesthetics.com\/es\/wp-json\/wp\/v2\/types\/product"}],"replies":[{"embeddable":true,"href":"https:\/\/qelizaesthetics.com\/es\/wp-json\/wp\/v2\/comments?post=3677"}],"wp:featuredmedia":[{"embeddable":true,"href":"https:\/\/qelizaesthetics.com\/es\/wp-json\/wp\/v2\/media\/3741"}],"wp:attachment":[{"href":"https:\/\/qelizaesthetics.com\/es\/wp-json\/wp\/v2\/media?parent=3677"}],"wp:term":[{"taxonomy":"product_brand","embeddable":true,"href":"https:\/\/qelizaesthetics.com\/es\/wp-json\/wp\/v2\/product_brand?post=3677"},{"taxonomy":"product_cat","embeddable":true,"href":"https:\/\/qelizaesthetics.com\/es\/wp-json\/wp\/v2\/product_cat?post=3677"},{"taxonomy":"product_tag","embeddable":true,"href":"https:\/\/qelizaesthetics.com\/es\/wp-json\/wp\/v2\/product_tag?post=3677"}],"curies":[{"name":"wp","href":"https:\/\/api.w.org\/{rel}","templated":true}]}}