{"id":2756,"date":"2024-10-18T15:40:14","date_gmt":"2024-10-18T15:40:14","guid":{"rendered":"https:\/\/qelizaesthetics.com\/?post_type=product&#038;p=2756"},"modified":"2025-09-02T15:56:46","modified_gmt":"2025-09-02T15:56:46","slug":"c-a-r-e","status":"publish","type":"product","link":"https:\/\/qelizaesthetics.com\/es\/producto\/c-a-r-a\/","title":{"rendered":"C.A.R.E."},"content":{"rendered":"<h2 class=\"image-with-text__heading inline-richtext h2\">Transforme su piel con el poder de los precursores NAD<\/h2>\n<div class=\"border-section rte\">\n<p><strong>Reduce las l\u00edneas de expresi\u00f3n<\/strong><\/p>\n<p>Libere el poder de los precursores de NAD+ para disminuir visiblemente la aparici\u00f3n de arrugas y l\u00edneas de expresi\u00f3n.<\/p>\n<\/div>\n<div class=\"border-section rte\">\n<p><strong>Mejora la luminosidad de la piel<\/strong><\/p>\n<p>Con una infusi\u00f3n de resveratrol y activos vitales, nuestra f\u00f3rmula ilumina y revitaliza para un resplandor juvenil.<\/p>\n<\/div>\n<div class=\"border-section rte\">\n<p><strong>Mejora la textura y los poros<\/strong><\/p>\n<p>Experimente una transformaci\u00f3n en la textura de la piel y la visibilidad de los poros para conseguir un cutis m\u00e1s suave y refinado.<\/p>\n<\/div>","protected":false},"excerpt":{"rendered":"<p><strong>La crema hidratante antiedad definitiva<br \/>\n<\/strong>Reduce las l\u00edneas de expresi\u00f3n - Aumenta la luminosidad de la piel - Mejora la textura y los poros<\/p>\n<div class=\"stats\">\n<div class=\"metric\">\n<div class=\"circle-chart\">\n<div class=\"percentage\">\n<h2 class=\"center\">Sus objetivos<\/h2>\n<div class=\"stats\">\n<div class=\"metric\">\n<div class=\"circle-chart\">\n<div class=\"percentage\">100% Hidrataci\u00f3n<\/div>\n<\/div>\n<\/div>\n<div class=\"metric\">\n<div class=\"circle-chart\">\n<div class=\"percentage\">50% Pigmentaci\u00f3n<\/div>\n<\/div>\n<\/div>\n<div class=\"metric\">\n<div class=\"circle-chart\">\n<div class=\"percentage\">95% Firmeza<\/div>\n<\/div>\n<\/div>\n<div class=\"metric\">\n<div class=\"circle-chart\">\n<div class=\"percentage\">95% Arrugas<\/div>\n<\/div>\n<\/div>\n<div class=\"metric\">\n<div class=\"circle-chart\">\n<div class=\"percentage\">100% Matidez<\/div>\n<\/div>\n<\/div>\n<div class=\"metric\">\n<div class=\"circle-chart\">\n<div class=\"percentage\">60% Resistencia<\/div>\n<\/div>\n<\/div>\n<\/div>\n<\/div>\n<\/div>\n<\/div>\n<\/div>","protected":false},"featured_media":2757,"comment_status":"open","ping_status":"closed","template":"","meta":[],"product_brand":[],"product_cat":[34,25],"product_tag":[],"class_list":{"0":"post-2756","1":"product","2":"type-product","3":"status-publish","4":"has-post-thumbnail","6":"product_cat-skincare","7":"product_cat-young-goose","9":"first","10":"instock","11":"shipping-taxable","12":"purchasable","13":"product-type-simple"},"_links":{"self":[{"href":"https:\/\/qelizaesthetics.com\/es\/wp-json\/wp\/v2\/product\/2756","targetHints":{"allow":["GET"]}}],"collection":[{"href":"https:\/\/qelizaesthetics.com\/es\/wp-json\/wp\/v2\/product"}],"about":[{"href":"https:\/\/qelizaesthetics.com\/es\/wp-json\/wp\/v2\/types\/product"}],"replies":[{"embeddable":true,"href":"https:\/\/qelizaesthetics.com\/es\/wp-json\/wp\/v2\/comments?post=2756"}],"wp:featuredmedia":[{"embeddable":true,"href":"https:\/\/qelizaesthetics.com\/es\/wp-json\/wp\/v2\/media\/2757"}],"wp:attachment":[{"href":"https:\/\/qelizaesthetics.com\/es\/wp-json\/wp\/v2\/media?parent=2756"}],"wp:term":[{"taxonomy":"product_brand","embeddable":true,"href":"https:\/\/qelizaesthetics.com\/es\/wp-json\/wp\/v2\/product_brand?post=2756"},{"taxonomy":"product_cat","embeddable":true,"href":"https:\/\/qelizaesthetics.com\/es\/wp-json\/wp\/v2\/product_cat?post=2756"},{"taxonomy":"product_tag","embeddable":true,"href":"https:\/\/qelizaesthetics.com\/es\/wp-json\/wp\/v2\/product_tag?post=2756"}],"curies":[{"name":"wp","href":"https:\/\/api.w.org\/{rel}","templated":true}]}}