{"id":2744,"date":"2024-10-18T15:13:00","date_gmt":"2024-10-18T15:13:00","guid":{"rendered":"https:\/\/qelizaesthetics.com\/?post_type=product&#038;p=2744"},"modified":"2025-09-02T15:57:41","modified_gmt":"2025-09-02T15:57:41","slug":"detox-ritual","status":"publish","type":"product","link":"https:\/\/qelizaesthetics.com\/es\/producto\/ritual-de-desintoxicacion\/","title":{"rendered":"Mascarilla de Arcilla Ritual Detox"},"content":{"rendered":"","protected":false},"excerpt":{"rendered":"<p>Sum\u00e9rjase en el coraz\u00f3n del rejuvenecimiento de la piel con \"Detox Ritual\". Esta mascarilla, una armoniosa mezcla de naturaleza y bioinnovaci\u00f3n, va m\u00e1s all\u00e1 del cuidado convencional de la piel, ya que act\u00faa no s\u00f3lo sobre los contaminantes, sino tambi\u00e9n sobre las toxinas que ocultan su resplandor inherente. Su piel no s\u00f3lo parecer\u00e1 libre de toxinas, sino que renacer\u00e1.<\/p>","protected":false},"featured_media":2746,"comment_status":"open","ping_status":"closed","template":"","meta":[],"product_brand":[],"product_cat":[34,25],"product_tag":[],"class_list":{"0":"post-2744","1":"product","2":"type-product","3":"status-publish","4":"has-post-thumbnail","6":"product_cat-skincare","7":"product_cat-young-goose","9":"first","10":"instock","11":"shipping-taxable","12":"purchasable","13":"product-type-simple"},"_links":{"self":[{"href":"https:\/\/qelizaesthetics.com\/es\/wp-json\/wp\/v2\/product\/2744","targetHints":{"allow":["GET"]}}],"collection":[{"href":"https:\/\/qelizaesthetics.com\/es\/wp-json\/wp\/v2\/product"}],"about":[{"href":"https:\/\/qelizaesthetics.com\/es\/wp-json\/wp\/v2\/types\/product"}],"replies":[{"embeddable":true,"href":"https:\/\/qelizaesthetics.com\/es\/wp-json\/wp\/v2\/comments?post=2744"}],"wp:featuredmedia":[{"embeddable":true,"href":"https:\/\/qelizaesthetics.com\/es\/wp-json\/wp\/v2\/media\/2746"}],"wp:attachment":[{"href":"https:\/\/qelizaesthetics.com\/es\/wp-json\/wp\/v2\/media?parent=2744"}],"wp:term":[{"taxonomy":"product_brand","embeddable":true,"href":"https:\/\/qelizaesthetics.com\/es\/wp-json\/wp\/v2\/product_brand?post=2744"},{"taxonomy":"product_cat","embeddable":true,"href":"https:\/\/qelizaesthetics.com\/es\/wp-json\/wp\/v2\/product_cat?post=2744"},{"taxonomy":"product_tag","embeddable":true,"href":"https:\/\/qelizaesthetics.com\/es\/wp-json\/wp\/v2\/product_tag?post=2744"}],"curies":[{"name":"wp","href":"https:\/\/api.w.org\/{rel}","templated":true}]}}