{"id":2740,"date":"2024-10-18T15:10:44","date_gmt":"2024-10-18T15:10:44","guid":{"rendered":"https:\/\/qelizaesthetics.com\/?post_type=product&#038;p=2740"},"modified":"2025-09-02T15:57:53","modified_gmt":"2025-09-02T15:57:53","slug":"amplifying-essence","status":"publish","type":"product","link":"https:\/\/qelizaesthetics.com\/es\/producto\/esencia-amplificadora\/","title":{"rendered":"Esencia amplificadora"},"content":{"rendered":"<h2 class=\"image-with-text__heading inline-richtext h2\">Imprima, revitalice y amplifique con cada gota<\/h2>\n<div class=\"border-section rte\">\n<p><strong>Cebado esencial<\/strong><\/p>\n<p>Prepara la piel para una absorci\u00f3n \u00f3ptima de los productos posteriores.<\/p>\n<\/div>\n<div class=\"border-section rte\">\n<p><strong>Revitalizaci\u00f3n celular<\/strong><\/p>\n<p>Contiene ingredientes que estimulan la actividad de las c\u00e9lulas de la piel para conseguir un brillo juvenil.<\/p>\n<\/div>\n<div class=\"border-section rte\">\n<p><strong>Hidrataci\u00f3n y apoyo a las barreras<\/strong><\/p>\n<p>Mejora la hidrataci\u00f3n de la piel y refuerza la barrera cut\u00e1nea.<\/p>\n<\/div>","protected":false},"excerpt":{"rendered":"<p><strong>Imprima, revitalice y amplifique con cada gota<\/strong><br \/>\nImprimaci\u00f3n esencial - Revitalizaci\u00f3n celular - Hidrataci\u00f3n y apoyo de barrera<\/p>\n<h2 class=\"center\">Sus objetivos<\/h2>\n<div class=\"stats\">\n<div class=\"metric\">\n<div class=\"circle-chart\">\n<div class=\"percentage\">80% Hidrataci\u00f3n<\/div>\n<\/div>\n<\/div>\n<div class=\"metric\">\n<div class=\"circle-chart\">\n<div class=\"percentage\">60% Pigmentaci\u00f3n<\/div>\n<\/div>\n<\/div>\n<div class=\"metric\">\n<div class=\"circle-chart\">\n<div class=\"percentage\">55% Firmeza<\/div>\n<\/div>\n<\/div>\n<div class=\"metric\">\n<div class=\"circle-chart\">\n<div class=\"percentage\">60% Arrugas<\/div>\n<\/div>\n<\/div>\n<div class=\"metric\">\n<div class=\"circle-chart\">\n<div class=\"percentage\">75% Matidez<\/div>\n<\/div>\n<\/div>\n<div class=\"metric\">\n<div class=\"circle-chart\">\n<div class=\"percentage\">60% Resistencia<\/div>\n<\/div>\n<\/div>\n<\/div>","protected":false},"featured_media":2741,"comment_status":"open","ping_status":"closed","template":"","meta":[],"product_brand":[],"product_cat":[25,34],"product_tag":[],"class_list":{"0":"post-2740","1":"product","2":"type-product","3":"status-publish","4":"has-post-thumbnail","6":"product_cat-young-goose","7":"product_cat-skincare","9":"first","10":"instock","11":"shipping-taxable","12":"purchasable","13":"product-type-simple"},"_links":{"self":[{"href":"https:\/\/qelizaesthetics.com\/es\/wp-json\/wp\/v2\/product\/2740","targetHints":{"allow":["GET"]}}],"collection":[{"href":"https:\/\/qelizaesthetics.com\/es\/wp-json\/wp\/v2\/product"}],"about":[{"href":"https:\/\/qelizaesthetics.com\/es\/wp-json\/wp\/v2\/types\/product"}],"replies":[{"embeddable":true,"href":"https:\/\/qelizaesthetics.com\/es\/wp-json\/wp\/v2\/comments?post=2740"}],"wp:featuredmedia":[{"embeddable":true,"href":"https:\/\/qelizaesthetics.com\/es\/wp-json\/wp\/v2\/media\/2741"}],"wp:attachment":[{"href":"https:\/\/qelizaesthetics.com\/es\/wp-json\/wp\/v2\/media?parent=2740"}],"wp:term":[{"taxonomy":"product_brand","embeddable":true,"href":"https:\/\/qelizaesthetics.com\/es\/wp-json\/wp\/v2\/product_brand?post=2740"},{"taxonomy":"product_cat","embeddable":true,"href":"https:\/\/qelizaesthetics.com\/es\/wp-json\/wp\/v2\/product_cat?post=2740"},{"taxonomy":"product_tag","embeddable":true,"href":"https:\/\/qelizaesthetics.com\/es\/wp-json\/wp\/v2\/product_tag?post=2740"}],"curies":[{"name":"wp","href":"https:\/\/api.w.org\/{rel}","templated":true}]}}