{"id":2723,"date":"2024-10-18T14:45:02","date_gmt":"2024-10-18T14:45:02","guid":{"rendered":"https:\/\/qelizaesthetics.com\/?post_type=product&#038;p=2723"},"modified":"2025-09-03T08:50:58","modified_gmt":"2025-09-03T08:50:58","slug":"hyperbaric-mask","status":"publish","type":"product","link":"https:\/\/qelizaesthetics.com\/es\/producto\/mascara-hiperbarica\/","title":{"rendered":"M\u00e1scara hiperb\u00e1rica"},"content":{"rendered":"<h2 class=\"image-with-text__heading inline-richtext h2\">\u00bfNecesita un ascensor?<\/h2>\n<div class=\"border-section rte\">\n<p><strong>Hidrataci\u00f3n instant\u00e1nea<\/strong><\/p>\n<p>Inunda tu piel con la hidrataci\u00f3n esencial para un acabado radiante.<\/p>\n<\/div>\n<div class=\"border-section rte\">\n<p><strong>Firmeza visible<\/strong><\/p>\n<p>Siente el estiramiento con nuestra f\u00f3rmula con ox\u00edgeno, dise\u00f1ada para mejorar la elasticidad de la piel.<\/p>\n<\/div>\n<div class=\"border-section rte\">\n<p><strong>Suavizar y revitalizar<\/strong><\/p>\n<p>Enriquecida con algas marinas y p\u00e9ptidos, es testigo de una tez m\u00e1s suave y rejuvenecida.<\/p>\n<\/div>","protected":false},"excerpt":{"rendered":"<p><strong>Experimente el poder revitalizante de la oxigenoterapia<\/strong><br \/>\nHidrataci\u00f3n Instant\u00e1nea - Firmeza Visible - Suaviza y Revitaliza<\/p>\n<h2 class=\"center\">Sus objetivos<\/h2>\n<div class=\"stats\">\n<div class=\"metric\">\n<div class=\"circle-chart\">\n<div class=\"percentage\">100% Hidrataci\u00f3n<\/div>\n<\/div>\n<\/div>\n<div class=\"metric\">\n<div class=\"circle-chart\">\n<div class=\"percentage\">50% Pigmentaci\u00f3n<\/div>\n<\/div>\n<\/div>\n<div class=\"metric\">\n<div class=\"circle-chart\">\n<div class=\"percentage\">95% Firmeza<\/div>\n<\/div>\n<\/div>\n<div class=\"metric\">\n<div class=\"circle-chart\">\n<div class=\"percentage\">95% Arrugas<\/div>\n<\/div>\n<\/div>\n<div class=\"metric\">\n<div class=\"circle-chart\">\n<div class=\"percentage\">100% Matidez<\/div>\n<\/div>\n<\/div>\n<div class=\"metric\">\n<div class=\"circle-chart\">\n<div class=\"percentage\">60% Resistencia<\/div>\n<\/div>\n<\/div>\n<\/div>","protected":false},"featured_media":2725,"comment_status":"open","ping_status":"closed","template":"","meta":[],"product_brand":[],"product_cat":[34,25],"product_tag":[],"class_list":{"0":"post-2723","1":"product","2":"type-product","3":"status-publish","4":"has-post-thumbnail","6":"product_cat-skincare","7":"product_cat-young-goose","9":"first","10":"instock","11":"shipping-taxable","12":"purchasable","13":"product-type-simple"},"_links":{"self":[{"href":"https:\/\/qelizaesthetics.com\/es\/wp-json\/wp\/v2\/product\/2723","targetHints":{"allow":["GET"]}}],"collection":[{"href":"https:\/\/qelizaesthetics.com\/es\/wp-json\/wp\/v2\/product"}],"about":[{"href":"https:\/\/qelizaesthetics.com\/es\/wp-json\/wp\/v2\/types\/product"}],"replies":[{"embeddable":true,"href":"https:\/\/qelizaesthetics.com\/es\/wp-json\/wp\/v2\/comments?post=2723"}],"wp:featuredmedia":[{"embeddable":true,"href":"https:\/\/qelizaesthetics.com\/es\/wp-json\/wp\/v2\/media\/2725"}],"wp:attachment":[{"href":"https:\/\/qelizaesthetics.com\/es\/wp-json\/wp\/v2\/media?parent=2723"}],"wp:term":[{"taxonomy":"product_brand","embeddable":true,"href":"https:\/\/qelizaesthetics.com\/es\/wp-json\/wp\/v2\/product_brand?post=2723"},{"taxonomy":"product_cat","embeddable":true,"href":"https:\/\/qelizaesthetics.com\/es\/wp-json\/wp\/v2\/product_cat?post=2723"},{"taxonomy":"product_tag","embeddable":true,"href":"https:\/\/qelizaesthetics.com\/es\/wp-json\/wp\/v2\/product_tag?post=2723"}],"curies":[{"name":"wp","href":"https:\/\/api.w.org\/{rel}","templated":true}]}}