{"id":2701,"date":"2024-10-18T11:19:01","date_gmt":"2024-10-18T11:19:01","guid":{"rendered":"https:\/\/qelizaesthetics.com\/?post_type=product&#038;p=2701"},"modified":"2025-09-02T15:58:42","modified_gmt":"2025-09-02T15:58:42","slug":"adaptogenic-cleanser","status":"publish","type":"product","link":"https:\/\/qelizaesthetics.com\/es\/producto\/limpiador-adaptogeno\/","title":{"rendered":"Limpiador Adaptog\u00e9nico"},"content":{"rendered":"<h2 class=\"image-with-text__heading inline-richtext h2\">El secreto mejor guardado de la naturaleza para una limpieza refrescante.<\/h2>\n<div class=\"border-section rte\">\n<p><strong>Suave pero eficaz<\/strong><\/p>\n<p>F\u00f3rmula sin jab\u00f3n que limpia en profundidad sin agredir la piel.<\/p>\n<\/div>\n<div class=\"border-section rte\">\n<p><strong>Infusi\u00f3n adapt\u00f3gena<\/strong><\/p>\n<p>Aprovecha el poder de los adapt\u00f3genos de la naturaleza para equilibrar y revitalizar la piel.<\/p>\n<\/div>\n<div class=\"border-section rte\">\n<p><strong>Aumento de NAD<\/strong><\/p>\n<p>Contiene ingredientes que refuerzan los niveles de NAD+ de la piel, favorecen los procesos de reparaci\u00f3n y mejoran la textura y la hidrataci\u00f3n.<\/p>\n<\/div>\n<div class=\"label-section\">\n<div class=\"apply-section\">\n<div class=\"apply-text\">\n<p>&nbsp;<\/p>\n<\/div>\n<\/div>\n<\/div>","protected":false},"excerpt":{"rendered":"<p><strong>El secreto mejor guardado de la naturaleza para una limpieza refrescante<\/strong><br \/>\nHidrataci\u00f3n Instant\u00e1nea - Infusi\u00f3n Adaptog\u00e9nica - Refuerzo NAD<\/p>\n<h2 class=\"center\">Sus objetivos<\/h2>\n<div class=\"stats\">\n<div class=\"metric\">\n<div class=\"circle-chart\">\n<div class=\"percentage\">60% Hidrataci\u00f3n<\/div>\n<\/div>\n<\/div>\n<div class=\"metric\">\n<div class=\"circle-chart\">\n<div class=\"percentage\">0% Pigmentaci\u00f3n<\/div>\n<\/div>\n<\/div>\n<div class=\"metric\">\n<div class=\"circle-chart\">\n<div class=\"percentage\">20% Firmeza<\/div>\n<\/div>\n<\/div>\n<div class=\"metric\">\n<div class=\"circle-chart\">\n<div class=\"percentage\">20% Arrugas<\/div>\n<\/div>\n<\/div>\n<div class=\"metric\">\n<div class=\"circle-chart\">\n<div class=\"percentage\">50% Matidez<\/div>\n<\/div>\n<\/div>\n<div class=\"metric\">\n<div class=\"circle-chart\">\n<div class=\"percentage\">90% Resistencia<\/div>\n<\/div>\n<\/div>\n<\/div>","protected":false},"featured_media":2702,"comment_status":"open","ping_status":"closed","template":"","meta":[],"product_brand":[],"product_cat":[34,25],"product_tag":[],"class_list":{"0":"post-2701","1":"product","2":"type-product","3":"status-publish","4":"has-post-thumbnail","6":"product_cat-skincare","7":"product_cat-young-goose","9":"first","10":"instock","11":"shipping-taxable","12":"purchasable","13":"product-type-simple"},"_links":{"self":[{"href":"https:\/\/qelizaesthetics.com\/es\/wp-json\/wp\/v2\/product\/2701","targetHints":{"allow":["GET"]}}],"collection":[{"href":"https:\/\/qelizaesthetics.com\/es\/wp-json\/wp\/v2\/product"}],"about":[{"href":"https:\/\/qelizaesthetics.com\/es\/wp-json\/wp\/v2\/types\/product"}],"replies":[{"embeddable":true,"href":"https:\/\/qelizaesthetics.com\/es\/wp-json\/wp\/v2\/comments?post=2701"}],"wp:featuredmedia":[{"embeddable":true,"href":"https:\/\/qelizaesthetics.com\/es\/wp-json\/wp\/v2\/media\/2702"}],"wp:attachment":[{"href":"https:\/\/qelizaesthetics.com\/es\/wp-json\/wp\/v2\/media?parent=2701"}],"wp:term":[{"taxonomy":"product_brand","embeddable":true,"href":"https:\/\/qelizaesthetics.com\/es\/wp-json\/wp\/v2\/product_brand?post=2701"},{"taxonomy":"product_cat","embeddable":true,"href":"https:\/\/qelizaesthetics.com\/es\/wp-json\/wp\/v2\/product_cat?post=2701"},{"taxonomy":"product_tag","embeddable":true,"href":"https:\/\/qelizaesthetics.com\/es\/wp-json\/wp\/v2\/product_tag?post=2701"}],"curies":[{"name":"wp","href":"https:\/\/api.w.org\/{rel}","templated":true}]}}