{"id":4941,"date":"2026-04-23T15:10:59","date_gmt":"2026-04-23T15:10:59","guid":{"rendered":"https:\/\/qelizaesthetics.com\/?post_type=product&#038;p=4941"},"modified":"2026-04-23T15:10:59","modified_gmt":"2026-04-23T15:10:59","slug":"limitless-rx-spray","status":"publish","type":"product","link":"https:\/\/qelizaesthetics.com\/de\/produkt\/grenzenloses-rx-spray\/","title":{"rendered":"Limitless RX Spray"},"content":{"rendered":"","protected":false},"excerpt":{"rendered":"<p>Limitless ist eine nootropische Formel, die entwickelt wurde, um Fokus, Ged\u00e4chtnis und geistige Klarheit zu verbessern. Sie hilft, die Konzentration zu steigern, Stress abzubauen und die kognitive Leistung in Situationen mit hoher geistiger Belastung zu unterst\u00fctzen. Ideal f\u00fcr Berufst\u00e4tige, Studenten und Personen, die im Alltag einen mentalen Vorteil suchen.<\/p>","protected":false},"featured_media":4943,"comment_status":"open","ping_status":"closed","template":"","meta":[],"product_brand":[],"product_cat":[33],"product_tag":[],"class_list":{"0":"post-4941","1":"product","2":"type-product","3":"status-publish","4":"has-post-thumbnail","6":"product_cat-peptide","8":"first","9":"instock","10":"shipping-taxable","11":"purchasable","12":"product-type-simple"},"_links":{"self":[{"href":"https:\/\/qelizaesthetics.com\/de\/wp-json\/wp\/v2\/product\/4941","targetHints":{"allow":["GET"]}}],"collection":[{"href":"https:\/\/qelizaesthetics.com\/de\/wp-json\/wp\/v2\/product"}],"about":[{"href":"https:\/\/qelizaesthetics.com\/de\/wp-json\/wp\/v2\/types\/product"}],"replies":[{"embeddable":true,"href":"https:\/\/qelizaesthetics.com\/de\/wp-json\/wp\/v2\/comments?post=4941"}],"wp:featuredmedia":[{"embeddable":true,"href":"https:\/\/qelizaesthetics.com\/de\/wp-json\/wp\/v2\/media\/4943"}],"wp:attachment":[{"href":"https:\/\/qelizaesthetics.com\/de\/wp-json\/wp\/v2\/media?parent=4941"}],"wp:term":[{"taxonomy":"product_brand","embeddable":true,"href":"https:\/\/qelizaesthetics.com\/de\/wp-json\/wp\/v2\/product_brand?post=4941"},{"taxonomy":"product_cat","embeddable":true,"href":"https:\/\/qelizaesthetics.com\/de\/wp-json\/wp\/v2\/product_cat?post=4941"},{"taxonomy":"product_tag","embeddable":true,"href":"https:\/\/qelizaesthetics.com\/de\/wp-json\/wp\/v2\/product_tag?post=4941"}],"curies":[{"name":"wp","href":"https:\/\/api.w.org\/{rel}","templated":true}]}}