{"id":4804,"date":"2026-02-11T16:01:58","date_gmt":"2026-02-11T16:01:58","guid":{"rendered":"https:\/\/qelizaesthetics.com\/?post_type=product&#038;p=4804"},"modified":"2026-02-11T16:01:59","modified_gmt":"2026-02-11T16:01:59","slug":"larazotide-lvlup","status":"publish","type":"product","link":"https:\/\/qelizaesthetics.com\/de\/produkt\/larazotid-lvlup\/","title":{"rendered":"Larazotid LVLUP"},"content":{"rendered":"<h3 data-start=\"604\" data-end=\"652\">Gezielte Unterst\u00fctzung f\u00fcr eine widerstandsf\u00e4hige Darmbarriere<\/h3>\n<p data-start=\"654\" data-end=\"1011\">Larazotid von LVLUP wurde f\u00fcr Personen entwickelt, die eine pr\u00e4zise, wissenschaftlich fundierte Unterst\u00fctzung f\u00fcr <strong data-start=\"748\" data-end=\"796\">Unversehrtheit des Darms und Wohlbefinden der Verdauung<\/strong>. Diese Mischung vereint das Larazotid-Peptid in bioaktiven Formen mit erg\u00e4nzenden Nahrungserg\u00e4nzungsmitteln, die auf die Schl\u00fcsselwege einwirken, die f\u00fcr die Regulierung der tight-junction, die Reparatur der Schleimh\u00e4ute und eine ausgewogene Immunsignalisierung verantwortlich sind.<\/p>\n<h3 data-start=\"1013\" data-end=\"1044\">Wie es funktioniert - Drei Stufen<\/h3>\n<p data-start=\"1046\" data-end=\"1278\"><strong data-start=\"1046\" data-end=\"1085\">Stufe 1 - Unmittelbare Unterst\u00fctzung der Barriere<\/strong><br data-start=\"1085\" data-end=\"1088\" \/>Larazotid wirkt auf die Zonulin-Signalwege in der Darmschleimhaut und tr\u00e4gt dazu bei <strong data-start=\"1165\" data-end=\"1200\">Optimierung der Dichtheit der Verbindung<\/strong> und die normale Permeabilit\u00e4t bei allt\u00e4glichem Ern\u00e4hrungs- oder Lebensstilstress zu erhalten.<\/p>\n<p data-start=\"1280\" data-end=\"1496\"><strong data-start=\"1280\" data-end=\"1314\">Stufe 2 - Entz\u00fcndungsgleichgewicht<\/strong><br data-start=\"1314\" data-end=\"1317\" \/><strong data-start=\"1317\" data-end=\"1338\">Quercetin (600mg)<\/strong> bietet eine antioxidative Wirkung im Darmgewebe und tr\u00e4gt dazu bei, lokale Entz\u00fcndungssignale zu d\u00e4mpfen, die die Stabilit\u00e4t des Epithels und den Verdauungskomfort st\u00f6ren k\u00f6nnen.<\/p>\n<p data-start=\"1498\" data-end=\"1716\"><strong data-start=\"1498\" data-end=\"1540\">Stufe 3 - Schleimhautreparatur und -pflege<\/strong><br data-start=\"1540\" data-end=\"1543\" \/><strong data-start=\"1543\" data-end=\"1585\">Fermentierte Aloe Vera Postbiotikum (200mg)<\/strong> liefert bioaktive Polysaccharide, die die nat\u00fcrliche Erneuerung der Schleimh\u00e4ute unterst\u00fctzen und dank der Fermentation besser aufgenommen werden.<\/p>\n<h3 data-start=\"1718\" data-end=\"1747\">Erg\u00e4nzende Inhaltsstoffe<\/h3>\n<p data-start=\"1751\" data-end=\"1825\"><strong data-start=\"1751\" data-end=\"1775\">Larazotid (500mcg):<\/strong> Peptid f\u00fcr die Tight-Junction- und Barrierefunktion<\/p>\n<p data-start=\"1828\" data-end=\"1872\"><strong data-start=\"1828\" data-end=\"1842\">Quercetin:<\/strong> zellul\u00e4res und immunologisches Gleichgewicht<\/p>\n<p data-start=\"1875\" data-end=\"1946\"><strong data-start=\"1875\" data-end=\"1899\">Fermentierte Aloe Vera:<\/strong> sanfte postbiotische Unterst\u00fctzung f\u00fcr die Gesundheit der Schleimh\u00e4ute<\/p>\n<p data-start=\"1949\" data-end=\"2033\"><strong data-start=\"1949\" data-end=\"1980\">Natriumbikarbonat (200mg):<\/strong> unterst\u00fctzt ein optimales Magenmilieu und die Absorption<\/p>\n<h3 data-start=\"2035\" data-end=\"2051\">F\u00fcr wen sie bestimmt ist<\/h3>\n<p data-start=\"2053\" data-end=\"2253\">Ideal f\u00fcr Menschen mit gelegentlicher Verdauungsempfindlichkeit, Reaktionen auf ern\u00e4hrungsbedingte Ausl\u00f6ser oder f\u00fcr alle, die <strong data-start=\"2165\" data-end=\"2222\">proaktive Aufrechterhaltung der Darmdurchl\u00e4ssigkeit und des Komforts<\/strong> ohne unn\u00f6tige Zusatzstoffe.<\/p>\n<h3 data-start=\"2255\" data-end=\"2270\">Wie man die<\/h3>\n<p data-start=\"2272\" data-end=\"2342\">Nehmen Sie <strong data-start=\"2277\" data-end=\"2297\">2 Kapseln t\u00e4glich<\/strong> oder wie von einem Arzt verordnet.<\/p>\n<p data-start=\"2344\" data-end=\"2382\"><strong data-start=\"2344\" data-end=\"2356\">Paket:<\/strong> 60 Kapseln - 30 Portionen<\/p>","protected":false},"excerpt":{"rendered":"<p data-start=\"136\" data-end=\"158\"><strong data-start=\"136\" data-end=\"158\">Larazotid - LVLUP<\/strong><\/p>\n<p data-start=\"160\" data-end=\"555\">Eine fortschrittliche Peptid-Nutrazeutika-Formel, die die Integrit\u00e4t der Darmbarriere und den Verdauungskomfort unterst\u00fctzt. Kombiniert <strong data-start=\"276\" data-end=\"298\">Larazotid-Peptid<\/strong>, <strong data-start=\"300\" data-end=\"313\">Quercetin<\/strong>, <strong data-start=\"315\" data-end=\"349\">Fermentierte Aloe Vera postbiotisch<\/strong>und <strong data-start=\"355\" data-end=\"377\">Natriumbikarbonat<\/strong> zur Regulierung der intestinalen Permeabilit\u00e4t, zur St\u00e4rkung der tight junctions und zur F\u00f6rderung einer ausgewogenen Entz\u00fcndungsreaktion. Saubere, wissenschaftlich fundierte Unterst\u00fctzung f\u00fcr die t\u00e4gliche Darmresilienz.<\/p>","protected":false},"featured_media":4806,"comment_status":"open","ping_status":"closed","template":"","meta":[],"product_brand":[],"product_cat":[29],"product_tag":[],"class_list":{"0":"post-4804","1":"product","2":"type-product","3":"status-publish","4":"has-post-thumbnail","6":"product_cat-supplements","8":"first","9":"instock","10":"shipping-taxable","11":"purchasable","12":"product-type-simple"},"_links":{"self":[{"href":"https:\/\/qelizaesthetics.com\/de\/wp-json\/wp\/v2\/product\/4804","targetHints":{"allow":["GET"]}}],"collection":[{"href":"https:\/\/qelizaesthetics.com\/de\/wp-json\/wp\/v2\/product"}],"about":[{"href":"https:\/\/qelizaesthetics.com\/de\/wp-json\/wp\/v2\/types\/product"}],"replies":[{"embeddable":true,"href":"https:\/\/qelizaesthetics.com\/de\/wp-json\/wp\/v2\/comments?post=4804"}],"wp:featuredmedia":[{"embeddable":true,"href":"https:\/\/qelizaesthetics.com\/de\/wp-json\/wp\/v2\/media\/4806"}],"wp:attachment":[{"href":"https:\/\/qelizaesthetics.com\/de\/wp-json\/wp\/v2\/media?parent=4804"}],"wp:term":[{"taxonomy":"product_brand","embeddable":true,"href":"https:\/\/qelizaesthetics.com\/de\/wp-json\/wp\/v2\/product_brand?post=4804"},{"taxonomy":"product_cat","embeddable":true,"href":"https:\/\/qelizaesthetics.com\/de\/wp-json\/wp\/v2\/product_cat?post=4804"},{"taxonomy":"product_tag","embeddable":true,"href":"https:\/\/qelizaesthetics.com\/de\/wp-json\/wp\/v2\/product_tag?post=4804"}],"curies":[{"name":"wp","href":"https:\/\/api.w.org\/{rel}","templated":true}]}}