{"id":4792,"date":"2026-02-11T15:56:43","date_gmt":"2026-02-11T15:56:43","guid":{"rendered":"https:\/\/qelizaesthetics.com\/?post_type=product&#038;p=4792"},"modified":"2026-02-11T15:56:43","modified_gmt":"2026-02-11T15:56:43","slug":"zinc-carnosine-lvlup","status":"publish","type":"product","link":"https:\/\/qelizaesthetics.com\/de\/produkt\/zink-carnosin-lvlup\/","title":{"rendered":"Zink Carnosin LVLUP"},"content":{"rendered":"<h3 data-start=\"662\" data-end=\"713\">Dreifache Unterst\u00fctzung f\u00fcr die Integrit\u00e4t der Darmbarriere<\/h3>\n<p data-start=\"715\" data-end=\"1052\">Zink-Carnosin + LVLUP wurde f\u00fcr diejenigen entwickelt, die eine gezielte Unterst\u00fctzung f\u00fcr die <strong data-start=\"792\" data-end=\"865\">Magen-Darm-Schleimhaut, Schleimhautschutz und ausgewogene Darm\u00f6kologie<\/strong>. Diese Formel vereint drei forschungsgest\u00fctzte Inhaltsstoffe.<strong data-start=\"921\" data-end=\"962\">Zink, L-Carnosin, DGL und Mastixgummi<\/strong>-Schl\u00fcsselwege anzusprechen, die an der Aufrechterhaltung einer starken und widerstandsf\u00e4higen Verdauungsbarriere beteiligt sind.<\/p>\n<h3 data-start=\"1054\" data-end=\"1095\">Sch\u00fctzt und beruhigt die Magenschleimhaut<\/h3>\n<p data-start=\"1097\" data-end=\"1393\"><strong data-start=\"1097\" data-end=\"1124\">Zink L-Carnosin (75mg)<\/strong> ist eine spezialisierte Verbindung, die am Darmepithel haftet und so die Gewebeerneuerung und den antioxidativen Schutz unterst\u00fctzt. Es wurde urspr\u00fcnglich in Japan entwickelt und ist weithin daf\u00fcr bekannt, gestresstes oder gereiztes Magengewebe zu unterst\u00fctzen und die langfristige Barrierest\u00e4rke zu f\u00f6rdern.<\/p>\n<p data-start=\"1395\" data-end=\"1669\"><strong data-start=\"1395\" data-end=\"1440\">DGL - Deglycyrrhizinated Licorice (300mg)<\/strong> regt die gesunde Schleimproduktion an und bildet eine sanfte Schutzschicht \u00fcber empfindlichen Stellen, ohne den Blutdruck zu beeintr\u00e4chtigen. Dies macht es ideal f\u00fcr Menschen, die gelegentlich unter Sodbrennen, Unwohlsein oder Verdauungsst\u00f6rungen leiden.<\/p>\n<h3 data-start=\"1671\" data-end=\"1712\">Unterst\u00fctzt eine ausgewogene Verdauungs\u00f6kologie<\/h3>\n<p data-start=\"1714\" data-end=\"1953\"><strong data-start=\"1714\" data-end=\"1736\">Mastixgummi (250mg)<\/strong>das aus dem Harz der mediterranen Pistazie gewonnen wird, wird traditionell zur Aufrechterhaltung eines gesunden mikrobiellen Gleichgewichts im Magen verwendet. Es unterst\u00fctzt ein stabiles inneres Milieu unter Ber\u00fccksichtigung der n\u00fctzlichen Darmbakterien.<\/p>\n<h3 data-start=\"1955\" data-end=\"1986\">Wie es funktioniert - Drei Stufen<\/h3>\n<p data-start=\"1990\" data-end=\"2104\"><strong data-start=\"1990\" data-end=\"2019\">Unmittelbare Abwehr der Schleimh\u00e4ute<\/strong> - DGL f\u00f6rdert die nat\u00fcrliche Schleimsekretion, um das empfindliche Gewebe w\u00e4hrend der Verdauung zu sch\u00fctzen<\/p>\n<p data-start=\"2107\" data-end=\"2207\"><strong data-start=\"2107\" data-end=\"2136\">Nachhaltige zellul\u00e4re Reparatur<\/strong> - Zink L-Carnosin unterst\u00fctzt die Erneuerung und Widerstandsf\u00e4higkeit der Darmschleimhaut<\/p>\n<p data-start=\"2210\" data-end=\"2317\"><strong data-start=\"2210\" data-end=\"2232\">Gleichgewicht des Mikrobioms<\/strong> - Mastixgummi hilft, nicht n\u00fctzliche Mikroben zu z\u00fcgeln und gleichzeitig die gesunde Flora zu erhalten<\/p>\n<h3 data-start=\"2319\" data-end=\"2335\">F\u00fcr wen sie bestimmt ist<\/h3>\n<p data-start=\"2337\" data-end=\"2530\">Ideal f\u00fcr Personen, die t\u00e4glich mit Verdauungsproblemen und sauren Beschwerden zu k\u00e4mpfen haben, oder f\u00fcr diejenigen, die eine proaktive Unterst\u00fctzung f\u00fcr <strong data-start=\"2460\" data-end=\"2529\">Darmgesundheit, Integrit\u00e4t der Barriere und langfristige Widerstandsf\u00e4higkeit des Verdauungssystems<\/strong>.<\/p>\n<h3 data-start=\"2532\" data-end=\"2547\">Wie man die<\/h3>\n<p data-start=\"2549\" data-end=\"2677\">Nehmen Sie <strong data-start=\"2554\" data-end=\"2573\">1 Kapsel t\u00e4glich<\/strong> oder auf Anweisung einer medizinischen Fachkraft. Geeignet f\u00fcr die fortlaufende Einnahme als Teil einer Routine zur Darmunterst\u00fctzung.<\/p>\n<p data-start=\"2679\" data-end=\"2717\"><strong data-start=\"2679\" data-end=\"2691\">Paket:<\/strong> 60 Kapseln - 60 Portionen<\/p>","protected":false},"excerpt":{"rendered":"<p data-start=\"195\" data-end=\"221\"><strong data-start=\"195\" data-end=\"221\">Zink Carnosin + LVLUP<\/strong><\/p>\n<p data-start=\"223\" data-end=\"613\">Eine dreifach wirksame Formel, die die Integrit\u00e4t der Darmbarriere und den t\u00e4glichen Verdauungskomfort unterst\u00fctzt. Kombiniert <strong data-start=\"327\" data-end=\"360\">bioverf\u00fcgbares Zink L-Carnosin<\/strong>, <strong data-start=\"362\" data-end=\"399\">Deglycyrrhiziniertes S\u00fc\u00dfholz (DGL)<\/strong>und <strong data-start=\"405\" data-end=\"419\">Mastixkautschuk<\/strong> zum Schutz der Magenschleimhaut, zur Beruhigung des empfindlichen Gewebes und zur F\u00f6rderung eines ausgewogenen Verdauungsmilieus. Auf pflanzlicher Basis, frei von Zusatzstoffen und f\u00fcr eine langfristige Magen-Darm-Belastung formuliert.<\/p>","protected":false},"featured_media":4794,"comment_status":"open","ping_status":"closed","template":"","meta":[],"product_brand":[],"product_cat":[29],"product_tag":[],"class_list":{"0":"post-4792","1":"product","2":"type-product","3":"status-publish","4":"has-post-thumbnail","6":"product_cat-supplements","8":"first","9":"instock","10":"shipping-taxable","11":"purchasable","12":"product-type-simple"},"_links":{"self":[{"href":"https:\/\/qelizaesthetics.com\/de\/wp-json\/wp\/v2\/product\/4792","targetHints":{"allow":["GET"]}}],"collection":[{"href":"https:\/\/qelizaesthetics.com\/de\/wp-json\/wp\/v2\/product"}],"about":[{"href":"https:\/\/qelizaesthetics.com\/de\/wp-json\/wp\/v2\/types\/product"}],"replies":[{"embeddable":true,"href":"https:\/\/qelizaesthetics.com\/de\/wp-json\/wp\/v2\/comments?post=4792"}],"wp:featuredmedia":[{"embeddable":true,"href":"https:\/\/qelizaesthetics.com\/de\/wp-json\/wp\/v2\/media\/4794"}],"wp:attachment":[{"href":"https:\/\/qelizaesthetics.com\/de\/wp-json\/wp\/v2\/media?parent=4792"}],"wp:term":[{"taxonomy":"product_brand","embeddable":true,"href":"https:\/\/qelizaesthetics.com\/de\/wp-json\/wp\/v2\/product_brand?post=4792"},{"taxonomy":"product_cat","embeddable":true,"href":"https:\/\/qelizaesthetics.com\/de\/wp-json\/wp\/v2\/product_cat?post=4792"},{"taxonomy":"product_tag","embeddable":true,"href":"https:\/\/qelizaesthetics.com\/de\/wp-json\/wp\/v2\/product_tag?post=4792"}],"curies":[{"name":"wp","href":"https:\/\/api.w.org\/{rel}","templated":true}]}}