{"id":4788,"date":"2026-02-11T15:51:46","date_gmt":"2026-02-11T15:51:46","guid":{"rendered":"https:\/\/qelizaesthetics.com\/?post_type=product&#038;p=4788"},"modified":"2026-02-11T15:51:46","modified_gmt":"2026-02-11T15:51:46","slug":"neutrient-d3k2-oral-spray","status":"publish","type":"product","link":"https:\/\/qelizaesthetics.com\/de\/produkt\/neutrient-d3k2-mundspray\/","title":{"rendered":"Neutrient D3+K2 Spray zum Einnehmen"},"content":{"rendered":"<h3 data-start=\"625\" data-end=\"684\">Fortgeschrittene D3 + K2 Synergie f\u00fcr Knochen, Immunit\u00e4t und Vitalit\u00e4t<\/h3>\n<p data-start=\"686\" data-end=\"1034\">Neutrient D3 + K2 ist ein vom Arzt formuliertes Spray zum Einnehmen, das <strong data-start=\"754\" data-end=\"796\">bioaktives Vitamin D3 (Cholecalciferol)<\/strong> mit <strong data-start=\"802\" data-end=\"824\">Vitamin K2 als MK-7<\/strong>zwei N\u00e4hrstoffe, die gemeinsam f\u00fcr starke Knochen, gesunde Muskeln und ein widerstandsf\u00e4higes Immunsystem sorgen. Nur <strong data-start=\"949\" data-end=\"969\">zwei Spr\u00fchst\u00f6\u00dfe t\u00e4glich<\/strong> liefern 2000 IU Vitamin D3, ausgeglichen mit 50mcg Vitamin K2.<\/p>\n<h3 data-start=\"1036\" data-end=\"1080\">Sublinguale Absorption f\u00fcr maximale Wirkung<\/h3>\n<p data-start=\"1082\" data-end=\"1395\">Die Formel lautet <strong data-start=\"1103\" data-end=\"1123\">unter der Zunge<\/strong>Dadurch k\u00f6nnen die N\u00e4hrstoffe direkt \u00fcber die Mundschleimhaut aufgenommen werden - ideal f\u00fcr Menschen, die Schwierigkeiten mit Tabletten haben oder eine schnelle und bequeme Nahrungserg\u00e4nzung f\u00fcr unterwegs w\u00fcnschen. Die sanfte <strong data-start=\"1298\" data-end=\"1314\">MCT-\u00d6l-Basis<\/strong> unterst\u00fctzt die Aufnahme dieser fettl\u00f6slichen Vitamine, ohne dass sie mit der Nahrung aufgenommen werden m\u00fcssen.<\/p>\n<h3 data-start=\"1397\" data-end=\"1423\">St\u00e4rkere Knochen und Z\u00e4hne<\/h3>\n<p data-start=\"1425\" data-end=\"1749\">Vitamin D unterst\u00fctzt die Aufnahme von Kalzium, w\u00e4hrend Vitamin K2 dazu beitr\u00e4gt, Kalzium zu den Knochen zu leiten, wo es am meisten ben\u00f6tigt wird. Gemeinsam tragen sie zur <strong data-start=\"1577\" data-end=\"1618\">Erhaltung normaler Knochen und Z\u00e4hne<\/strong>Damit ist diese Kombination ideal f\u00fcr alle, die sich Sorgen um ihre Knochendichte machen oder einen proaktiven Ansatz f\u00fcr die langfristige Gesundheit ihres Skeletts verfolgen.<\/p>\n<h3 data-start=\"1751\" data-end=\"1778\">Unterst\u00fctzung des Immunsystems und der Muskeln<\/h3>\n<p data-start=\"1780\" data-end=\"2021\">Vitamin D spielt eine wichtige Rolle bei <strong data-start=\"1812\" data-end=\"1838\">normale Immunfunktion<\/strong> und tr\u00e4gt zur Erhaltung einer gesunden Muskelleistung bei einem aktiven Lebensstil bei. Vitamin K tr\u00e4gt auch dazu bei <strong data-start=\"1940\" data-end=\"1965\">normale Blutgerinnung<\/strong>Sie unterst\u00fctzen wichtige physiologische Prozesse des Alltags.<\/p>\n<h3 data-start=\"2023\" data-end=\"2053\">Ultra-saubere, vegane Formel<\/h3>\n<p data-start=\"2055\" data-end=\"2241\">Neutrient D3 + K2 ist geschmacksneutral, unges\u00fc\u00dft und frei von Glycerin, Alkohol, k\u00fcnstlichen Aromen und tierischen Derivaten. Geeignet f\u00fcr Erwachsene und Kinder <strong data-start=\"2214\" data-end=\"2240\">ab 7 Jahren und dar\u00fcber<\/strong>.<\/p>\n<h3 data-start=\"2243\" data-end=\"2258\">Wie man die<\/h3>\n<p data-start=\"2260\" data-end=\"2482\">Verwenden Sie <strong data-start=\"2264\" data-end=\"2282\">2 Spr\u00fchst\u00f6\u00dfe t\u00e4glich<\/strong> unter die Zunge. Halten Sie f\u00fcr <strong data-start=\"2310\" data-end=\"2325\">2-5 Minuten<\/strong> vor dem Essen oder Trinken, um die Aufnahme zu maximieren. Kinder ab 7 Jahren k\u00f6nnen einnehmen <strong data-start=\"2397\" data-end=\"2414\">1 Spr\u00fchsto\u00df t\u00e4glich<\/strong>. F\u00fcr eine genaue Dosierung direkt verwenden und nicht dem Futter beif\u00fcgen.<\/p>","protected":false},"excerpt":{"rendered":"<p data-start=\"193\" data-end=\"225\"><strong data-start=\"193\" data-end=\"225\">Neutrient D3 + K2 Spray zum Einnehmen<\/strong><\/p>\n<p data-start=\"227\" data-end=\"576\">Ein veganes sublinguales Spray, das <strong data-start=\"263\" data-end=\"285\">2000 IU Vitamin D3<\/strong> und <strong data-start=\"290\" data-end=\"317\">50mcg Vitamin K2 (MK-7)<\/strong> pro Erwachsenenportion f\u00fcr eine optimale Unterst\u00fctzung der Knochen, Muskeln und des Immunsystems. Formuliert mit MCT-\u00d6l f\u00fcr eine verbesserte Absorption und einfache t\u00e4gliche Einnahme. Geeignet f\u00fcr Kinder ab 7 Jahren, ohne Geschmack und unges\u00fc\u00dft. Frei von Glycerin, Alkohol, S\u00fc\u00dfungsmitteln, Aromen und tierischen Bestandteilen.<\/p>","protected":false},"featured_media":4790,"comment_status":"open","ping_status":"closed","template":"","meta":[],"product_brand":[],"product_cat":[29],"product_tag":[],"class_list":{"0":"post-4788","1":"product","2":"type-product","3":"status-publish","4":"has-post-thumbnail","6":"product_cat-supplements","8":"first","9":"instock","10":"shipping-taxable","11":"purchasable","12":"product-type-simple"},"_links":{"self":[{"href":"https:\/\/qelizaesthetics.com\/de\/wp-json\/wp\/v2\/product\/4788","targetHints":{"allow":["GET"]}}],"collection":[{"href":"https:\/\/qelizaesthetics.com\/de\/wp-json\/wp\/v2\/product"}],"about":[{"href":"https:\/\/qelizaesthetics.com\/de\/wp-json\/wp\/v2\/types\/product"}],"replies":[{"embeddable":true,"href":"https:\/\/qelizaesthetics.com\/de\/wp-json\/wp\/v2\/comments?post=4788"}],"wp:featuredmedia":[{"embeddable":true,"href":"https:\/\/qelizaesthetics.com\/de\/wp-json\/wp\/v2\/media\/4790"}],"wp:attachment":[{"href":"https:\/\/qelizaesthetics.com\/de\/wp-json\/wp\/v2\/media?parent=4788"}],"wp:term":[{"taxonomy":"product_brand","embeddable":true,"href":"https:\/\/qelizaesthetics.com\/de\/wp-json\/wp\/v2\/product_brand?post=4788"},{"taxonomy":"product_cat","embeddable":true,"href":"https:\/\/qelizaesthetics.com\/de\/wp-json\/wp\/v2\/product_cat?post=4788"},{"taxonomy":"product_tag","embeddable":true,"href":"https:\/\/qelizaesthetics.com\/de\/wp-json\/wp\/v2\/product_tag?post=4788"}],"curies":[{"name":"wp","href":"https:\/\/api.w.org\/{rel}","templated":true}]}}