{"id":4783,"date":"2026-02-11T15:49:11","date_gmt":"2026-02-11T15:49:11","guid":{"rendered":"https:\/\/qelizaesthetics.com\/?post_type=product&#038;p=4783"},"modified":"2026-02-11T15:49:11","modified_gmt":"2026-02-11T15:49:11","slug":"liposomal-b-complex-altrient","status":"publish","type":"product","link":"https:\/\/qelizaesthetics.com\/de\/produkt\/liposomaler-b-komplex-altrient\/","title":{"rendered":"Liposomaler B-Komplex Altrient"},"content":{"rendered":"<h3 data-start=\"794\" data-end=\"863\">Hochentwickelter liposomaler B-Komplex f\u00fcr Energie, gute Laune und metabolisches Gleichgewicht<\/h3>\n<p data-start=\"865\" data-end=\"1264\">Altrient B kombiniert ein <strong data-start=\"887\" data-end=\"922\">komplettes Spektrum an B-Vitaminen<\/strong>-einschlie\u00dflich bioaktivem Quatrefolic\u00ae-Folat-mit wichtigen Mineralien <strong data-start=\"987\" data-end=\"1019\">Zink, Selen und Chrom<\/strong>die alle durch die patentierte liposomale Technologie von Altrient bereitgestellt werden. Dieses System kapselt die N\u00e4hrstoffe in ultrastabile Nanokugeln ein, die sie vor dem Abbau durch die Verdauung sch\u00fctzen und sie direkt in die Zellen transportieren, um eine au\u00dfergew\u00f6hnliche Bioverf\u00fcgbarkeit zu gew\u00e4hrleisten.<\/p>\n<p data-start=\"1266\" data-end=\"1568\">B-Vitamine sind von grundlegender Bedeutung f\u00fcr <strong data-start=\"1296\" data-end=\"1326\">zellul\u00e4re Energieproduktion<\/strong>Sie helfen bei der Umwandlung von Nahrung in verwertbaren Brennstoff und unterst\u00fctzen gleichzeitig die Bildung roter Blutk\u00f6rperchen und die Funktion der Mitochondrien. Die hinzugef\u00fcgten Mineralien verst\u00e4rken diesen Effekt, indem sie den normalen Stoffwechsel, die Muskelleistung und den Schutz vor oxidativem Stress unterst\u00fctzen.<\/p>\n<h3 data-start=\"1570\" data-end=\"1611\">Unterst\u00fctzung f\u00fcr Geist, Hormone und Vitalit\u00e4t<\/h3>\n<p data-start=\"1613\" data-end=\"1884\">Diese Formel hilft, die <strong data-start=\"1641\" data-end=\"1702\">gesunde Funktion des Nervensystems und psychisches Gleichgewicht<\/strong>. Die Vitamine B1, B6, B12, Biotin und Fols\u00e4ure tragen zu einer normalen kognitiven Leistung und Stimmungsregulierung bei, w\u00e4hrend Pantothens\u00e4ure die psychische Belastbarkeit in anspruchsvollen Phasen unterst\u00fctzt.<\/p>\n<p data-start=\"1886\" data-end=\"2132\">Vitamin B6 hilft bei <strong data-start=\"1908\" data-end=\"1931\">hormonelle Regulierung<\/strong>und unterst\u00fctzt zusammen mit Folat und B12 die gesunde Blutbildung und das reproduktive Wohlbefinden. Zink und Selen bieten zus\u00e4tzlichen antioxidativen Schutz, der f\u00fcr die Fruchtbarkeit und allgemeine Vitalit\u00e4t wichtig ist.<\/p>\n<h3 data-start=\"2134\" data-end=\"2166\">Sch\u00f6nheit &amp; Blutzucker-Balance<\/h3>\n<p data-start=\"2168\" data-end=\"2452\">Biotin, Niacin und Riboflavin tragen zur Erhaltung der <strong data-start=\"2213\" data-end=\"2257\">gesunde Haut, Haare und Schleimh\u00e4ute<\/strong>Zink tr\u00e4gt zur Festigkeit der Haare und N\u00e4gel bei. Chrom unterst\u00fctzt <strong data-start=\"2335\" data-end=\"2366\">normale Blutzuckerwerte<\/strong> und einen ausgewogenen Makron\u00e4hrstoff-Stoffwechsel, der dazu beitr\u00e4gt, Energieschwankungen w\u00e4hrend des Tages zu verringern.<\/p>\n<h3 data-start=\"2454\" data-end=\"2481\">Saubere, gezielte Formel<\/h3>\n<p data-start=\"2483\" data-end=\"2691\">Altrient B ist frei von Zucker, Farbstoffen, Gluten, Milchprodukten, GVO-Zutaten, Hefe und tierischen Nebenprodukten. Einzelportionsbeutel sch\u00fctzen die Unversehrtheit der Liposomen und gew\u00e4hrleisten eine zuverl\u00e4ssige Abgabe bei jeder Dosis.<\/p>\n<h3 data-start=\"2693\" data-end=\"2708\">Wie man die<\/h3>\n<p data-start=\"2710\" data-end=\"3018\">Nehmen Sie <strong data-start=\"2715\" data-end=\"2745\">ein Beutel t\u00e4glich mit dem Essen<\/strong> oder nach einem leichten Snack. Dr\u00fccken Sie in etwa <strong data-start=\"2789\" data-end=\"2815\">20 ml Wasser oder Saft<\/strong> und leicht durchschwenken - nicht r\u00fchren oder mischen, da sich Liposomen nicht wie Pulver aufl\u00f6sen. In einem Zug trinken und warten <strong data-start=\"2923\" data-end=\"2940\">15-20 Minuten<\/strong> vor hei\u00dfen Getr\u00e4nken. Bei empfindlichem Magen kann der Beutel in zwei Dosen aufgeteilt werden.<\/p>","protected":false},"excerpt":{"rendered":"<p data-start=\"194\" data-end=\"267\"><strong data-start=\"194\" data-end=\"267\">Altrient B Complex - Liposomales Vitamin B + Mineralien mit Quatrefolic\u00ae<\/strong><\/p>\n<p data-start=\"269\" data-end=\"745\">Ein komplettes Spektrum an B-Vitaminen einschlie\u00dflich patentierter <strong data-start=\"318\" data-end=\"334\">Quatrefolic\u00ae<\/strong>sowie <strong data-start=\"341\" data-end=\"370\">250mg Phosphatidylcholin<\/strong>Zink, Selen und Chrom, die mit Hilfe einer fortschrittlichen liposomalen Technologie f\u00fcr eine optimale Absorption bereitgestellt werden. Unterst\u00fctzt die Energieproduktion, die Funktion des Nervensystems, den Hormonhaushalt, gesunde Haut und Haare sowie einen stabilen Blutzuckerspiegel. Vegan, frei von Zucker, Gluten, Milchprodukten, GVO-Zutaten und k\u00fcnstlichen Zusatzstoffen. Einzelne Beutel gew\u00e4hrleisten eine optimale Liposomenstabilit\u00e4t und eine gleichbleibende Potenz.<\/p>","protected":false},"featured_media":4785,"comment_status":"open","ping_status":"closed","template":"","meta":[],"product_brand":[],"product_cat":[29],"product_tag":[],"class_list":{"0":"post-4783","1":"product","2":"type-product","3":"status-publish","4":"has-post-thumbnail","6":"product_cat-supplements","8":"first","9":"instock","10":"shipping-taxable","11":"purchasable","12":"product-type-simple"},"_links":{"self":[{"href":"https:\/\/qelizaesthetics.com\/de\/wp-json\/wp\/v2\/product\/4783","targetHints":{"allow":["GET"]}}],"collection":[{"href":"https:\/\/qelizaesthetics.com\/de\/wp-json\/wp\/v2\/product"}],"about":[{"href":"https:\/\/qelizaesthetics.com\/de\/wp-json\/wp\/v2\/types\/product"}],"replies":[{"embeddable":true,"href":"https:\/\/qelizaesthetics.com\/de\/wp-json\/wp\/v2\/comments?post=4783"}],"wp:featuredmedia":[{"embeddable":true,"href":"https:\/\/qelizaesthetics.com\/de\/wp-json\/wp\/v2\/media\/4785"}],"wp:attachment":[{"href":"https:\/\/qelizaesthetics.com\/de\/wp-json\/wp\/v2\/media?parent=4783"}],"wp:term":[{"taxonomy":"product_brand","embeddable":true,"href":"https:\/\/qelizaesthetics.com\/de\/wp-json\/wp\/v2\/product_brand?post=4783"},{"taxonomy":"product_cat","embeddable":true,"href":"https:\/\/qelizaesthetics.com\/de\/wp-json\/wp\/v2\/product_cat?post=4783"},{"taxonomy":"product_tag","embeddable":true,"href":"https:\/\/qelizaesthetics.com\/de\/wp-json\/wp\/v2\/product_tag?post=4783"}],"curies":[{"name":"wp","href":"https:\/\/api.w.org\/{rel}","templated":true}]}}