{"id":4778,"date":"2026-02-11T15:46:16","date_gmt":"2026-02-11T15:46:16","guid":{"rendered":"https:\/\/qelizaesthetics.com\/?post_type=product&#038;p=4778"},"modified":"2026-02-11T15:46:16","modified_gmt":"2026-02-11T15:46:16","slug":"liposomal-magnez-altrient","status":"publish","type":"product","link":"https:\/\/qelizaesthetics.com\/de\/produkt\/liposomaler-magnez-altrient\/","title":{"rendered":"Liposomaler Magnez Altrient"},"content":{"rendered":"<h3 data-start=\"799\" data-end=\"860\">Fortschrittliches liposomales Magnesium f\u00fcr Gehirn, Energie und Erholung<\/h3>\n<p data-start=\"862\" data-end=\"1242\">Altrient Magnesium kombiniert <strong data-start=\"890\" data-end=\"981\">1000 mg Magtein\u00ae - eine patentierte Form von Magnesium-L-Threonat - mit 500 mg Phosphatidylcholin<\/strong> in einem klinisch fortschrittlichen liposomalen Format. Dieses Verabreichungssystem verkapselt Magnesium in ultrastabilen Nanokugeln, die es durch die Verdauung sch\u00fctzen und direkt in die Zellen transportieren, wodurch die schlechte Absorption, die f\u00fcr Standard-Magnesiumpr\u00e4parate typisch ist, \u00fcberwunden wird.<\/p>\n<p data-start=\"1244\" data-end=\"1507\">Magtein\u00ae ist die einzige Form von Magnesium, die nachweislich <strong data-start=\"1292\" data-end=\"1325\">die Blut-Hirn-Schranke \u00fcberwinden<\/strong>Dort unterst\u00fctzt es die synaptische Dichte und die gesunde Kommunikation zwischen den Neuronen. Dies macht es einzigartig wirksam f\u00fcr <strong data-start=\"1442\" data-end=\"1506\">Ged\u00e4chtnis, Konzentration, Lernen und langfristige kognitive Leistung<\/strong>.<\/p>\n<h3 data-start=\"1509\" data-end=\"1536\">Balance f\u00fcr K\u00f6rper und Geist<\/h3>\n<p data-start=\"1538\" data-end=\"1879\">Magnesium spielt eine zentrale Rolle in Hunderten von enzymatischen Prozessen. Es hilft bei der Aufrechterhaltung <strong data-start=\"1623\" data-end=\"1659\">normale Muskel- und Nervenfunktion<\/strong>Es unterst\u00fctzt eine ruhige und ausgeglichene Stimmung und tr\u00e4gt zu einem guten Schlaf und einer neuromuskul\u00e4ren Entspannung bei. Durch die Unterst\u00fctzung der zellul\u00e4ren Energieproduktion hilft es au\u00dferdem, M\u00fcdigkeit zu verringern und die k\u00f6rperliche und geistige Leistungsf\u00e4higkeit zu erhalten.<\/p>\n<h3 data-start=\"1881\" data-end=\"1907\">Saubere, minimale Formel<\/h3>\n<p data-start=\"1909\" data-end=\"2193\">Altrient Magnesium wird hergestellt aus <strong data-start=\"1941\" data-end=\"1966\">nur f\u00fcnf Zutaten<\/strong> und enth\u00e4lt keinen Zucker, keine S\u00fc\u00dfstoffe, keine Farbstoffe, keine Aromen, kein Gluten, keine Milchprodukte, keine N\u00fcsse, keine GVO-Zutaten und keine tierischen Nebenprodukte. Die Einzelportionsbeutel sch\u00fctzen die Integrit\u00e4t der Liposomen und gew\u00e4hrleisten eine zuverl\u00e4ssige Absorption mit jeder Dosis.<\/p>\n<h3 data-start=\"2195\" data-end=\"2210\">Wie man die<\/h3>\n<p data-start=\"2212\" data-end=\"2550\">Nehmen Sie <strong data-start=\"2217\" data-end=\"2255\">zwei Beutel t\u00e4glich in geteilten Dosen<\/strong>-Eine morgens auf n\u00fcchternen Magen und eine abends etwa zwei Stunden vor dem Schlafengehen. Dr\u00fccken Sie das Gel in etwa <strong data-start=\"2376\" data-end=\"2402\">20 ml Wasser oder Saft<\/strong> nicht umr\u00fchren oder vermischen, da sich die Liposomen nicht wie Pulver aufl\u00f6sen. In einem Zug trinken und warten <strong data-start=\"2511\" data-end=\"2528\">15-20 Minuten<\/strong> vor hei\u00dfen Getr\u00e4nken.<\/p>","protected":false},"excerpt":{"rendered":"<p data-start=\"201\" data-end=\"259\"><strong data-start=\"201\" data-end=\"259\">Altrient Magnesium - Liposomales Magnesium mit Magtein\u00ae<\/strong><\/p>\n<p data-start=\"261\" data-end=\"750\">Jedes T\u00fctchen liefert <strong data-start=\"282\" data-end=\"323\">1000mg Magtein\u00ae Magnesium-L-Threonat<\/strong> mit <strong data-start=\"329\" data-end=\"358\">500mg Phosphatidylcholin<\/strong>Die patentierte liposomale Technologie sorgt f\u00fcr eine hervorragende Absorption. Unterst\u00fctzt die kognitive Funktion, das Ged\u00e4chtnis, das Gleichgewicht von Nerven und Muskeln, die Energieproduktion und die Erholung. Ungeschm\u00e4lert, unges\u00fc\u00dft, vegan und mit nur 5 reinen Zutaten hergestellt. Frei von Zucker, Gluten, Milchprodukten, GVO-Zutaten und k\u00fcnstlichen Zusatzstoffen. Einzelne Beutel bewahren die Liposomenstabilit\u00e4t f\u00fcr eine gleichbleibende Potenz.<\/p>","protected":false},"featured_media":4780,"comment_status":"open","ping_status":"closed","template":"","meta":[],"product_brand":[],"product_cat":[29],"product_tag":[],"class_list":{"0":"post-4778","1":"product","2":"type-product","3":"status-publish","4":"has-post-thumbnail","6":"product_cat-supplements","8":"first","9":"instock","10":"shipping-taxable","11":"purchasable","12":"product-type-simple"},"_links":{"self":[{"href":"https:\/\/qelizaesthetics.com\/de\/wp-json\/wp\/v2\/product\/4778","targetHints":{"allow":["GET"]}}],"collection":[{"href":"https:\/\/qelizaesthetics.com\/de\/wp-json\/wp\/v2\/product"}],"about":[{"href":"https:\/\/qelizaesthetics.com\/de\/wp-json\/wp\/v2\/types\/product"}],"replies":[{"embeddable":true,"href":"https:\/\/qelizaesthetics.com\/de\/wp-json\/wp\/v2\/comments?post=4778"}],"wp:featuredmedia":[{"embeddable":true,"href":"https:\/\/qelizaesthetics.com\/de\/wp-json\/wp\/v2\/media\/4780"}],"wp:attachment":[{"href":"https:\/\/qelizaesthetics.com\/de\/wp-json\/wp\/v2\/media?parent=4778"}],"wp:term":[{"taxonomy":"product_brand","embeddable":true,"href":"https:\/\/qelizaesthetics.com\/de\/wp-json\/wp\/v2\/product_brand?post=4778"},{"taxonomy":"product_cat","embeddable":true,"href":"https:\/\/qelizaesthetics.com\/de\/wp-json\/wp\/v2\/product_cat?post=4778"},{"taxonomy":"product_tag","embeddable":true,"href":"https:\/\/qelizaesthetics.com\/de\/wp-json\/wp\/v2\/product_tag?post=4778"}],"curies":[{"name":"wp","href":"https:\/\/api.w.org\/{rel}","templated":true}]}}