{"id":4773,"date":"2026-02-11T15:43:27","date_gmt":"2026-02-11T15:43:27","guid":{"rendered":"https:\/\/qelizaesthetics.com\/?post_type=product&#038;p=4773"},"modified":"2026-02-11T15:43:27","modified_gmt":"2026-02-11T15:43:27","slug":"liposomal-glutathione-altrient","status":"publish","type":"product","link":"https:\/\/qelizaesthetics.com\/de\/produkt\/liposomaler-glutathion-altrient\/","title":{"rendered":"Liposomales Glutathion - Altrient"},"content":{"rendered":"<h3 data-start=\"659\" data-end=\"717\">Fortschrittliches liposomales Glutathion f\u00fcr den Zellschutz<\/h3>\n<p data-start=\"719\" data-end=\"1059\">Altrient Glutathion liefert <strong data-start=\"749\" data-end=\"855\">450 mg Setria\u00ae - eine patentierte, hochstabile Form von Glutathion - in Kombination mit 500 mg Phosphatidylcholin<\/strong> in einem hochmodernen liposomalen Format. Diese Technologie verkapselt Glutathion in ultrastabile Nanok\u00fcgelchen, die es vor dem Abbau durch die Verdauung sch\u00fctzen und direkt zu den Zellen transportieren, die es am meisten ben\u00f6tigen.<\/p>\n<p data-start=\"1061\" data-end=\"1397\">Glutathion ist das wichtigste Antioxidans des K\u00f6rpers, das auf nat\u00fcrliche Weise in der Leber produziert wird und wesentlich ist f\u00fcr <strong data-start=\"1157\" data-end=\"1232\">Entgiftung, Unterst\u00fctzung des Immunsystems und Schutz vor oxidativem Stress<\/strong>. Indem es dazu beitr\u00e4gt, die Vitamine C und E in ihre aktiven Formen zur\u00fcckzuverwandeln, st\u00e4rkt es das k\u00f6rpereigene antioxidative Netzwerk und unterst\u00fctzt eine gesunde Zellfunktion.<\/p>\n<h3 data-start=\"1399\" data-end=\"1439\">Sch\u00f6nheit, Entgiftung und antioxidative Vorteile<\/h3>\n<p data-start=\"1441\" data-end=\"1764\">Die klinische Forschung hat gezeigt, dass liposomales Glutathion dazu beitragen kann <strong data-start=\"1514\" data-end=\"1547\">hellerer, gleichm\u00e4\u00dfigerer Hautton<\/strong>und tr\u00e4gt dazu bei, Hyperpigmentierung und R\u00f6tungen mit der Zeit zu reduzieren. Es spielt auch eine zentrale Rolle bei den nat\u00fcrlichen Reinigungsprozessen der Leber und unterst\u00fctzt die t\u00e4gliche Widerstandsf\u00e4higkeit gegen Umweltstress, M\u00fcdigkeit und Alterung.<\/p>\n<h3 data-start=\"1766\" data-end=\"1792\">Saubere, minimale Formel<\/h3>\n<p data-start=\"1794\" data-end=\"2059\">Altrient Glutathion wird hergestellt aus <strong data-start=\"1828\" data-end=\"1853\">nur f\u00fcnf Zutaten<\/strong> und enth\u00e4lt keinen Zucker, keine S\u00fc\u00dfstoffe, keine Farbstoffe, keine Aromen, kein Gluten, keine Milchprodukte, keine N\u00fcsse, keine GVO-Zutaten und keine tierischen Nebenprodukte. Die Einzelportionsbeutel gew\u00e4hrleisten eine optimale Liposomenstabilit\u00e4t und eine pr\u00e4zise Dosierung.<\/p>\n<h3 data-start=\"2061\" data-end=\"2076\">Wie man die<\/h3>\n<p data-start=\"2078\" data-end=\"2372\">Nehmen Sie <strong data-start=\"2083\" data-end=\"2123\">ein Beutel t\u00e4glich auf n\u00fcchternen Magen<\/strong>vorzugsweise am Morgen. Dr\u00fccken Sie das Gel in eine kleine Menge (ca. 20 ml) Wasser oder Saft und schwenken Sie es sanft - nicht r\u00fchren oder mischen, da sich Liposomen nicht wie Pulver aufl\u00f6sen. Trinken Sie das Gel in einem Zug und warten Sie 15-20 Minuten, bevor Sie ein hei\u00dfes Getr\u00e4nk zu sich nehmen.<\/p>","protected":false},"excerpt":{"rendered":"<p data-start=\"109\" data-end=\"170\"><strong data-start=\"109\" data-end=\"170\">Altrient Glutathion - Liposomales Glutathion mit Setria\u00ae<\/strong><\/p>\n<p data-start=\"172\" data-end=\"610\">450 mg Setria\u00ae-Glutathion mit 500 mg Phosphatidylcholin pro Beutel, geliefert durch eine patentierte liposomale Technologie f\u00fcr eine hervorragende Absorption. Unterst\u00fctzt die Zellabwehr, die Leberfunktion, das Gleichgewicht des Immunsystems und einen strahlenderen Hautton. Nicht aromatisiert, unges\u00fc\u00dft, vegan und mit nur 5 reinen Zutaten hergestellt. Frei von Zucker, Gluten, Milchprodukten, GVO-Zutaten und k\u00fcnstlichen Zusatzstoffen. Einzelne Beutel bewahren die Liposomenstabilit\u00e4t f\u00fcr eine gleichbleibende Wirksamkeit.<\/p>","protected":false},"featured_media":4775,"comment_status":"open","ping_status":"closed","template":"","meta":[],"product_brand":[],"product_cat":[29],"product_tag":[],"class_list":{"0":"post-4773","1":"product","2":"type-product","3":"status-publish","4":"has-post-thumbnail","6":"product_cat-supplements","8":"first","9":"instock","10":"shipping-taxable","11":"purchasable","12":"product-type-simple"},"_links":{"self":[{"href":"https:\/\/qelizaesthetics.com\/de\/wp-json\/wp\/v2\/product\/4773","targetHints":{"allow":["GET"]}}],"collection":[{"href":"https:\/\/qelizaesthetics.com\/de\/wp-json\/wp\/v2\/product"}],"about":[{"href":"https:\/\/qelizaesthetics.com\/de\/wp-json\/wp\/v2\/types\/product"}],"replies":[{"embeddable":true,"href":"https:\/\/qelizaesthetics.com\/de\/wp-json\/wp\/v2\/comments?post=4773"}],"wp:featuredmedia":[{"embeddable":true,"href":"https:\/\/qelizaesthetics.com\/de\/wp-json\/wp\/v2\/media\/4775"}],"wp:attachment":[{"href":"https:\/\/qelizaesthetics.com\/de\/wp-json\/wp\/v2\/media?parent=4773"}],"wp:term":[{"taxonomy":"product_brand","embeddable":true,"href":"https:\/\/qelizaesthetics.com\/de\/wp-json\/wp\/v2\/product_brand?post=4773"},{"taxonomy":"product_cat","embeddable":true,"href":"https:\/\/qelizaesthetics.com\/de\/wp-json\/wp\/v2\/product_cat?post=4773"},{"taxonomy":"product_tag","embeddable":true,"href":"https:\/\/qelizaesthetics.com\/de\/wp-json\/wp\/v2\/product_tag?post=4773"}],"curies":[{"name":"wp","href":"https:\/\/api.w.org\/{rel}","templated":true}]}}