{"id":4672,"date":"2025-11-10T14:23:27","date_gmt":"2025-11-10T14:23:27","guid":{"rendered":"https:\/\/qelizaesthetics.com\/?post_type=product&#038;p=4672"},"modified":"2025-11-10T16:57:31","modified_gmt":"2025-11-10T16:57:31","slug":"ferro-compresse-liposomal","status":"publish","type":"product","link":"https:\/\/qelizaesthetics.com\/de\/produkt\/ferro-compresse-liposomal\/","title":{"rendered":"Ferro Compresse Liposomal"},"content":{"rendered":"<h2 class=\"image-with-text__heading inline-richtext h2\">Optimierte Eisen- und Fols\u00e4ureunterst\u00fctzung f\u00fcr die Blutgesundheit<\/h2>\n<div class=\"border-section rte\">\n<p><strong>Liposomales Eisen f\u00fcr maximale Absorption<\/strong><\/p>\n<p>Sunactive\u00ae liposomales Eisen gew\u00e4hrleistet im Vergleich zu herk\u00f6mmlichen Eisenpr\u00e4paraten eine bessere Bioverf\u00fcgbarkeit, eine sanfte Verabreichung und eine geringere gastrointestinale Reizung.<\/p>\n<\/div>\n<div class=\"border-section rte\">\n<p><strong>Fols\u00e4ure-Synergie<\/strong><\/p>\n<p>Die Kombination von Eisen und Fols\u00e4ure stimuliert die Zellvermehrung und unterst\u00fctzt die optimale Konzentration der Erythrozyten im Blut, was zur Vorbeugung einer Eisenmangelan\u00e4mie beitr\u00e4gt.<\/p>\n<\/div>\n<div class=\"border-section rte\">\n<p><strong>Sanft und bequem<\/strong><\/p>\n<p>Orosoluble-Tabletten liefern langsam freigesetztes Eisen ohne metallischen Geschmack oder dunklen Stuhl, was die t\u00e4gliche Supplementierung einfach und bequem macht.<\/p>\n<\/div>\n<p class=\"image-with-text__text image-with-text__text--caption caption-with-letter-spacing caption-with-letter-spacing--medium caption-with-letter-spacing\">F\u00dcR WEN SIE IST<\/p>\n<h2 class=\"image-with-text__heading inline-richtext h2\">T\u00e4gliche Eisenunterst\u00fctzung f\u00fcr eine ausgeglichene Gesundheit<\/h2>\n<div class=\"label-section\">\n<div class=\"label-title\">GUT F\u00dcR<\/div>\n<div class=\"label-text\">\n<p>Personen, die einen gesunden Eisengehalt aufrechterhalten, einer Eisenmangelan\u00e4mie vorbeugen und die allgemeine Gesundheit des Blutes unterst\u00fctzen m\u00f6chten.<\/p>\n<\/div>\n<\/div>\n<div class=\"label-section\">\n<div class=\"label-title\">Form &amp; Textur<\/div>\n<div class=\"label-text\">\n<p>Orosoluble, leicht einzunehmende Tabletten, die sich im Mund ohne Wasser aufl\u00f6sen, um eine schnelle und bequeme Aufnahme zu erm\u00f6glichen.<\/p>\n<\/div>\n<\/div>","protected":false},"excerpt":{"rendered":"<p><strong>Ferro Compresse Liposomal<\/strong><br \/>\nSanftes Eisen &amp; Fols\u00e4ure - Verbesserte Aufnahme - T\u00e4gliche Unterst\u00fctzung des Blutes<\/p>\n<h2 class=\"center\">Wichtigste Vorteile<\/h2>\n<ul>\n<li>Liposomale Verabreichung f\u00fcr bessere Absorption und geringere Magen-Darm-Reizung.<\/li>\n<li>Unterst\u00fctzt die gesunde Produktion roter Blutk\u00f6rperchen und die allgemeine Gesundheit des Blutes.<\/li>\n<li>Praktische, wasserl\u00f6sliche Tabletten f\u00fcr eine einfache, t\u00e4gliche Supplementierung ohne Wasser.<\/li>\n<\/ul>","protected":false},"featured_media":4674,"comment_status":"open","ping_status":"closed","template":"","meta":[],"product_brand":[],"product_cat":[29],"product_tag":[],"class_list":{"0":"post-4672","1":"product","2":"type-product","3":"status-publish","4":"has-post-thumbnail","6":"product_cat-supplements","8":"first","9":"instock","10":"shipping-taxable","11":"purchasable","12":"product-type-simple"},"_links":{"self":[{"href":"https:\/\/qelizaesthetics.com\/de\/wp-json\/wp\/v2\/product\/4672","targetHints":{"allow":["GET"]}}],"collection":[{"href":"https:\/\/qelizaesthetics.com\/de\/wp-json\/wp\/v2\/product"}],"about":[{"href":"https:\/\/qelizaesthetics.com\/de\/wp-json\/wp\/v2\/types\/product"}],"replies":[{"embeddable":true,"href":"https:\/\/qelizaesthetics.com\/de\/wp-json\/wp\/v2\/comments?post=4672"}],"wp:featuredmedia":[{"embeddable":true,"href":"https:\/\/qelizaesthetics.com\/de\/wp-json\/wp\/v2\/media\/4674"}],"wp:attachment":[{"href":"https:\/\/qelizaesthetics.com\/de\/wp-json\/wp\/v2\/media?parent=4672"}],"wp:term":[{"taxonomy":"product_brand","embeddable":true,"href":"https:\/\/qelizaesthetics.com\/de\/wp-json\/wp\/v2\/product_brand?post=4672"},{"taxonomy":"product_cat","embeddable":true,"href":"https:\/\/qelizaesthetics.com\/de\/wp-json\/wp\/v2\/product_cat?post=4672"},{"taxonomy":"product_tag","embeddable":true,"href":"https:\/\/qelizaesthetics.com\/de\/wp-json\/wp\/v2\/product_tag?post=4672"}],"curies":[{"name":"wp","href":"https:\/\/api.w.org\/{rel}","templated":true}]}}