{"id":4650,"date":"2025-11-10T13:24:33","date_gmt":"2025-11-10T13:24:33","guid":{"rendered":"https:\/\/qelizaesthetics.com\/?post_type=product&#038;p=4650"},"modified":"2025-11-10T13:33:49","modified_gmt":"2025-11-10T13:33:49","slug":"mag-max-lvlup","status":"publish","type":"product","link":"https:\/\/qelizaesthetics.com\/de\/produkt\/mag-max-lvlup\/","title":{"rendered":"MAG - MAX LVLUP"},"content":{"rendered":"<h2 class=\"image-with-text__heading inline-richtext h2\">Mag Max - Gezielter Magnesium- und Pflanzenkomplex<\/h2>\n<div class=\"border-section rte\"><strong>Abdeckung mit Magnesium aus zwei Quellen<\/strong><br \/>\nHochentwickelte Formulierung, die Magnesium-L-Threonat und Sucrosomial\u00ae-Magnesium zur vollst\u00e4ndigen Unterst\u00fctzung des Nervensystems und des K\u00f6rpers kombiniert. Entwickelt, um die Aufnahme zu verbessern, Verdauungsbeschwerden zu minimieren und die Gehirn-, Nerven- und Muskelfunktion zu erhalten.<\/div>\n<div class=\"border-section rte\"><strong>Unterst\u00fctzt die kognitive Leistungsf\u00e4higkeit<\/strong><br \/>\nMagnesium-L-Threonat tr\u00e4gt dazu bei, den Magnesiumspiegel im Gehirn zu erh\u00f6hen, um geistige Klarheit, anhaltende Konzentration und Widerstandsf\u00e4higkeit bei kognitivem Stress zu f\u00f6rdern.<\/div>\n<div class=\"border-section rte\"><strong>F\u00f6rdert Entspannung und Gelassenheit<\/strong><br \/>\nL-Theanin und Apigenin sorgen f\u00fcr einen sanften Stressabbau, indem sie eine ausgewogene GABA-Aktivit\u00e4t unterst\u00fctzen und so mentale Anspannung ohne Schl\u00e4frigkeit reduzieren.<\/div>\n<div class=\"border-section rte\"><strong>Schlafzyklus-Ausrichtung<\/strong><br \/>\nApigenin interagiert mit den GABA-Rezeptoren, um ein nat\u00fcrliches Gef\u00fchl der Ruhe zu f\u00f6rdern, den zirkadianen Rhythmus auszugleichen und einen tieferen, erholsamen Schlaf zu unterst\u00fctzen.<\/div>\n<div class=\"border-section rte\"><strong>Wie es funktioniert<\/strong><br \/>\n<em>Stufe 1:<\/em> Gezielte Leistung - Magnesium-L-Threonat verbessert die kognitiven Funktionen, w\u00e4hrend Sucrosomial\u00ae Magnesium das Gleichgewicht des gesamten K\u00f6rpers unterst\u00fctzt.<br \/>\n<em>Stufe 2:<\/em> Verbesserte GABA-Signalisierung - L-Theanin f\u00f6rdert die Alphawellenaktivit\u00e4t f\u00fcr entspannte Wachsamkeit; Apigenin beruhigt sanft den Geist f\u00fcr sanftere Schlaf\u00fcberg\u00e4nge.<br \/>\n<em>Stufe 3:<\/em> Systemweite Erholung - F\u00fcllt die Elektrolyte auf und lockert die Muskeln f\u00fcr optimale Leistung und Erholung \u00fcber Nacht.<\/div>\n<div class=\"border-section rte\"><strong>Die wichtigsten Fakten<\/strong><br \/>\n30 Portionen - 120 Kapseln - 4 Kapseln pro Portion<br \/>\n600 mg Sucrosomial Magnesium - 2000 mg Magnesium L-Threonat - 150 mg L-Theanin - 50 mg Apigenin<\/div>\n<div class=\"border-section rte\"><strong>F\u00fcr wen sie bestimmt ist<\/strong><br \/>\nIdeal f\u00fcr Berufst\u00e4tige, Sportler und Hochleistungssportler, die nach ruhiger Konzentration, Stressresistenz und erholsamer Ruhe suchen, ohne dabei Energie oder Klarheit zu verlieren.<\/div>","protected":false},"excerpt":{"rendered":"<p><strong>Mag Max - Gezielter Magnesium- und Pflanzenkomplex<\/strong><br \/>\nMagnesium aus zwei Quellen - Kognitive Klarheit - Ruhiger Fokus - Erholsamer Schlaf<\/p>\n<div class=\"stats\">\n<div class=\"metric\">\n<div class=\"circle-chart\">\n<h2 class=\"center\">Worauf sie abzielt<\/h2>\n<div class=\"stats\">\n<div class=\"metric\">\n<div class=\"circle-chart\">\n<div class=\"percentage\">100% Neuronale und systemische Abdeckung<\/div>\n<\/div>\n<\/div>\n<div class=\"metric\">\n<div class=\"circle-chart\">\n<div class=\"percentage\">95% Kognitive Klarheit<\/div>\n<\/div>\n<\/div>\n<div class=\"metric\">\n<div class=\"circle-chart\">\n<div class=\"percentage\">90% Entspannung und Gelassenheit<\/div>\n<\/div>\n<\/div>\n<div class=\"metric\">\n<div class=\"circle-chart\">\n<div class=\"percentage\">85% Schlafzyklus-Ausrichtung<\/div>\n<\/div>\n<\/div>\n<div class=\"metric\">\n<div class=\"circle-chart\">\n<div class=\"percentage\">90% Stressresistenz<\/div>\n<\/div>\n<\/div>\n<div class=\"metric\">\n<div class=\"circle-chart\">\n<div class=\"percentage\">95% Systemische R\u00fcckgewinnung<\/div>\n<\/div>\n<\/div><\/div>\n<\/p><\/div>\n<\/p><\/div>\n<\/div>","protected":false},"featured_media":4652,"comment_status":"open","ping_status":"closed","template":"","meta":[],"product_brand":[],"product_cat":[29],"product_tag":[],"class_list":{"0":"post-4650","1":"product","2":"type-product","3":"status-publish","4":"has-post-thumbnail","6":"product_cat-supplements","8":"first","9":"instock","10":"shipping-taxable","11":"purchasable","12":"product-type-simple"},"_links":{"self":[{"href":"https:\/\/qelizaesthetics.com\/de\/wp-json\/wp\/v2\/product\/4650","targetHints":{"allow":["GET"]}}],"collection":[{"href":"https:\/\/qelizaesthetics.com\/de\/wp-json\/wp\/v2\/product"}],"about":[{"href":"https:\/\/qelizaesthetics.com\/de\/wp-json\/wp\/v2\/types\/product"}],"replies":[{"embeddable":true,"href":"https:\/\/qelizaesthetics.com\/de\/wp-json\/wp\/v2\/comments?post=4650"}],"wp:featuredmedia":[{"embeddable":true,"href":"https:\/\/qelizaesthetics.com\/de\/wp-json\/wp\/v2\/media\/4652"}],"wp:attachment":[{"href":"https:\/\/qelizaesthetics.com\/de\/wp-json\/wp\/v2\/media?parent=4650"}],"wp:term":[{"taxonomy":"product_brand","embeddable":true,"href":"https:\/\/qelizaesthetics.com\/de\/wp-json\/wp\/v2\/product_brand?post=4650"},{"taxonomy":"product_cat","embeddable":true,"href":"https:\/\/qelizaesthetics.com\/de\/wp-json\/wp\/v2\/product_cat?post=4650"},{"taxonomy":"product_tag","embeddable":true,"href":"https:\/\/qelizaesthetics.com\/de\/wp-json\/wp\/v2\/product_tag?post=4650"}],"curies":[{"name":"wp","href":"https:\/\/api.w.org\/{rel}","templated":true}]}}