{"id":4554,"date":"2025-09-03T08:56:09","date_gmt":"2025-09-03T08:56:09","guid":{"rendered":"https:\/\/qelizaesthetics.com\/?post_type=product&#038;p=4554"},"modified":"2025-09-03T08:56:09","modified_gmt":"2025-09-03T08:56:09","slug":"bio-c-peptide-spray","status":"publish","type":"product","link":"https:\/\/qelizaesthetics.com\/de\/produkt\/bio-c-peptid-spray\/","title":{"rendered":"BIO-C Peptid-Spray"},"content":{"rendered":"<h2 class=\"image-with-text__heading inline-richtext h2\">Erfrischen und sch\u00fctzen mit jedem Nebel<\/h2>\n<div class=\"border-section rte\">\n  <strong>Hydratation &amp; Tonus<\/strong><br \/>\n  Erfrischt sofort, spendet Feuchtigkeit und gleicht den pH-Wert der Haut aus - f\u00fcr einen gesunden, strahlenden Teint.\n<\/div>\n<div class=\"border-section rte\">\n  <strong>Blaues Licht und UV-Schutz<\/strong><br \/>\n  Sch\u00fctzt die Haut vor digitaler und solarer Lichtalterung und hilft, ihre jugendliche Spannkraft zu erhalten.\n<\/div>\n<div class=\"border-section rte\">\n  <strong>Starke Antioxidantien-Formel<\/strong><br \/>\n  Mit Magnesiumascorbylphosphat (Vitamin C), Peptiden, hawaiianischen Meeresalgen und energief\u00f6rdernden Pflanzenstoffen zur Bek\u00e4mpfung von oxidativem Stress angereichert.\n<\/div>\n<div class=\"border-section rte\">\n  <strong>F\u00fcr wen sie bestimmt ist<\/strong><br \/>\n  Perfekt f\u00fcr alle, die einen erfrischenden Feuchtigkeitsschub mit zus\u00e4tzlichem Schutz f\u00fcr die Umwelt suchen.\n<\/div>\n<div class=\"border-section rte\">\n  <strong>Wie zu verwenden<\/strong><br \/>\n  <em>Jederzeit auffrischen:<\/em> Den ganzen Tag \u00fcber bespr\u00fchen, auch \u00fcber dem Make-up.<br \/>\n  <em>Morgens und abends:<\/em> Nach der Reinigung aufspr\u00fchen, um vor Seren oder Cremes Feuchtigkeit zu spenden.<br \/>\n  <em>Nach der Exposition:<\/em> Nach dem Sonnenbad oder dem Sonnenschutz verwenden, um die Haut zu beruhigen und vor Lichtalterung zu sch\u00fctzen.\n<\/div>","protected":false},"excerpt":{"rendered":"<p><strong>BIO-C PEPTIDE SPRAY - Hydratisierender &amp; straffender Peptidnebel<\/strong><br \/>\nFeuchtigkeit &amp; Tonus - Schutz vor blauem Licht &amp; UV-Strahlung - wirksame Antioxidantien-Formel<\/p>\n<div class=\"stats\">\n<div class=\"metric\">\n<div class=\"circle-chart\">\n<div class=\"percentage\">\n<h2 class=\"center\">Worauf sie abzielt<\/h2>\n<div class=\"stats\">\n<div class=\"metric\">\n<div class=\"circle-chart\">\n<div class=\"percentage\">100% Hydratation<\/div>\n<\/p><\/div>\n<\/p><\/div>\n<div class=\"metric\">\n<div class=\"circle-chart\">\n<div class=\"percentage\">95% Blaulichtschutz<\/div>\n<\/p><\/div>\n<\/p><\/div>\n<div class=\"metric\">\n<div class=\"circle-chart\">\n<div class=\"percentage\">90% UV-Schutz<\/div>\n<\/p><\/div>\n<\/p><\/div>\n<div class=\"metric\">\n<div class=\"circle-chart\">\n<div class=\"percentage\">85% Antioxidative Wirkung<\/div>\n<\/p><\/div>\n<\/p><\/div>\n<div class=\"metric\">\n<div class=\"circle-chart\">\n<div class=\"percentage\">80% Ausstrahlung<\/div>\n<\/p><\/div>\n<\/p><\/div>\n<div class=\"metric\">\n<div class=\"circle-chart\">\n<div class=\"percentage\">95% Erfrischung<\/div>\n<\/p><\/div>\n<\/p><\/div>\n<\/p><\/div>\n<\/p><\/div>\n<\/p><\/div>\n<\/p><\/div>\n<\/div>","protected":false},"featured_media":4556,"comment_status":"open","ping_status":"closed","template":"","meta":[],"product_brand":[],"product_cat":[25,34],"product_tag":[],"class_list":{"0":"post-4554","1":"product","2":"type-product","3":"status-publish","4":"has-post-thumbnail","6":"product_cat-young-goose","7":"product_cat-skincare","9":"first","10":"instock","11":"shipping-taxable","12":"purchasable","13":"product-type-simple"},"_links":{"self":[{"href":"https:\/\/qelizaesthetics.com\/de\/wp-json\/wp\/v2\/product\/4554","targetHints":{"allow":["GET"]}}],"collection":[{"href":"https:\/\/qelizaesthetics.com\/de\/wp-json\/wp\/v2\/product"}],"about":[{"href":"https:\/\/qelizaesthetics.com\/de\/wp-json\/wp\/v2\/types\/product"}],"replies":[{"embeddable":true,"href":"https:\/\/qelizaesthetics.com\/de\/wp-json\/wp\/v2\/comments?post=4554"}],"wp:featuredmedia":[{"embeddable":true,"href":"https:\/\/qelizaesthetics.com\/de\/wp-json\/wp\/v2\/media\/4556"}],"wp:attachment":[{"href":"https:\/\/qelizaesthetics.com\/de\/wp-json\/wp\/v2\/media?parent=4554"}],"wp:term":[{"taxonomy":"product_brand","embeddable":true,"href":"https:\/\/qelizaesthetics.com\/de\/wp-json\/wp\/v2\/product_brand?post=4554"},{"taxonomy":"product_cat","embeddable":true,"href":"https:\/\/qelizaesthetics.com\/de\/wp-json\/wp\/v2\/product_cat?post=4554"},{"taxonomy":"product_tag","embeddable":true,"href":"https:\/\/qelizaesthetics.com\/de\/wp-json\/wp\/v2\/product_tag?post=4554"}],"curies":[{"name":"wp","href":"https:\/\/api.w.org\/{rel}","templated":true}]}}