{"id":4535,"date":"2025-09-02T15:22:23","date_gmt":"2025-09-02T15:22:23","guid":{"rendered":"https:\/\/qelizaesthetics.com\/?post_type=product&#038;p=4535"},"modified":"2025-09-02T15:39:39","modified_gmt":"2025-09-02T15:39:39","slug":"youth-firming-body-cream","status":"publish","type":"product","link":"https:\/\/qelizaesthetics.com\/de\/produkt\/jugendlich-straffende-korpercreme\/","title":{"rendered":"Youth Firming Body Cream"},"content":{"rendered":"<h2 class=\"image-with-text__heading inline-richtext h2\">NAD+ Powered Body Renewal<\/h2>\n<div class=\"border-section rte\">\n  <strong>Sichtbare Firmen<\/strong><br \/>\n  Aktivieren Sie von der ersten Anwendung an die zellul\u00e4ren Energiesysteme und Erneuerungswege f\u00fcr eine straffere und festere K\u00f6rperhaut.\n<\/div>\n<div class=\"border-section rte\">\n  <strong>Verbessert die Hydratation<\/strong><br \/>\n  Die samtige, schnell einziehende Textur spendet tiefgehende Feuchtigkeit ohne R\u00fcckst\u00e4nde und macht die Haut geschmeidig, glatt und erfrischt.\n<\/div>\n<div class=\"border-section rte\">\n  <strong>Unterst\u00fctzt die zellul\u00e4re Langlebigkeit<\/strong><br \/>\n  Der NAD+ Apex\u2122 Komplex, CelVio\u2122 Spermidin, LipoPeptide, Ergothionein und Langlebigkeitspilze treiben die Reparatursysteme an und st\u00e4rken Kollagen und Elastin f\u00fcr eine lang anhaltend jugendliche Haut.\n<\/div>\n<div class=\"border-section rte\">\n  <strong>F\u00fcr wen sie bestimmt ist<\/strong><br \/>\n  Ideal f\u00fcr alle, die eine sichtbare Straffung und Erneuerung der erschlafften oder kreppigen K\u00f6rperhaut w\u00fcnschen - perfekt f\u00fcr Arme, Oberschenkel, Brust, Knie, H\u00e4nde und Dekollet\u00e9.\n<\/div>\n<div class=\"border-section rte\">\n  <strong>Wie zu verwenden<\/strong><br \/>\n  <em>Neu anfangen:<\/em> Gro\u00dfz\u00fcgig auf die saubere, trockene Haut auftragen.<br \/>\n  <em>Aktivieren und absorbieren:<\/em> In kreisenden Bewegungen einmassieren, bis es vollst\u00e4ndig eingezogen ist.<br \/>\n  <em>Verpflichten Sie sich zur Konsistenz:<\/em> F\u00fcr optimale Ergebnisse morgens und abends anwenden.<br \/>\n  <em>Ziel mit Absicht:<\/em> Konzentrieren Sie sich auf die Bereiche, die eine Verbesserung der Textur und zus\u00e4tzliche Pflege ben\u00f6tigen.\n<\/div>","protected":false},"excerpt":{"rendered":"<p><strong>Youth Firming Body Cream - NAD+ Powered Body Renewal<\/strong><br \/>\nStrafft sichtbar - Verbessert die Hydratation - Unterst\u00fctzt die Langlebigkeit der Zellen<\/p>\n<div class=\"stats\">\n<div class=\"metric\">\n<div class=\"circle-chart\">\n<div class=\"percentage\">\n<h2 class=\"center\">Worauf sie abzielt<\/h2>\n<div class=\"stats\">\n<div class=\"metric\">\n<div class=\"circle-chart\">\n<div class=\"percentage\">100% Festigkeit<\/div>\n<\/p><\/div>\n<\/p><\/div>\n<div class=\"metric\">\n<div class=\"circle-chart\">\n<div class=\"percentage\">95% Hydratation<\/div>\n<\/p><\/div>\n<\/p><\/div>\n<div class=\"metric\">\n<div class=\"circle-chart\">\n<div class=\"percentage\">90% Zellul\u00e4re Langlebigkeit<\/div>\n<\/p><\/div>\n<\/p><\/div>\n<div class=\"metric\">\n<div class=\"circle-chart\">\n<div class=\"percentage\">85% Kollagen- und Elastin-Boost<\/div>\n<\/p><\/div>\n<\/p><\/div>\n<div class=\"metric\">\n<div class=\"circle-chart\">\n<div class=\"percentage\">80% Verfeinerung der Textur<\/div>\n<\/p><\/div>\n<\/p><\/div>\n<div class=\"metric\">\n<div class=\"circle-chart\">\n<div class=\"percentage\">95% Gl\u00e4tte<\/div>\n<\/p><\/div>\n<\/p><\/div>\n<\/p><\/div>\n<\/p><\/div>\n<\/p><\/div>\n<\/p><\/div>\n<\/div>","protected":false},"featured_media":4537,"comment_status":"open","ping_status":"closed","template":"","meta":[],"product_brand":[],"product_cat":[25,34],"product_tag":[],"class_list":{"0":"post-4535","1":"product","2":"type-product","3":"status-publish","4":"has-post-thumbnail","6":"product_cat-young-goose","7":"product_cat-skincare","9":"first","10":"instock","11":"shipping-taxable","12":"purchasable","13":"product-type-simple"},"_links":{"self":[{"href":"https:\/\/qelizaesthetics.com\/de\/wp-json\/wp\/v2\/product\/4535","targetHints":{"allow":["GET"]}}],"collection":[{"href":"https:\/\/qelizaesthetics.com\/de\/wp-json\/wp\/v2\/product"}],"about":[{"href":"https:\/\/qelizaesthetics.com\/de\/wp-json\/wp\/v2\/types\/product"}],"replies":[{"embeddable":true,"href":"https:\/\/qelizaesthetics.com\/de\/wp-json\/wp\/v2\/comments?post=4535"}],"wp:featuredmedia":[{"embeddable":true,"href":"https:\/\/qelizaesthetics.com\/de\/wp-json\/wp\/v2\/media\/4537"}],"wp:attachment":[{"href":"https:\/\/qelizaesthetics.com\/de\/wp-json\/wp\/v2\/media?parent=4535"}],"wp:term":[{"taxonomy":"product_brand","embeddable":true,"href":"https:\/\/qelizaesthetics.com\/de\/wp-json\/wp\/v2\/product_brand?post=4535"},{"taxonomy":"product_cat","embeddable":true,"href":"https:\/\/qelizaesthetics.com\/de\/wp-json\/wp\/v2\/product_cat?post=4535"},{"taxonomy":"product_tag","embeddable":true,"href":"https:\/\/qelizaesthetics.com\/de\/wp-json\/wp\/v2\/product_tag?post=4535"}],"curies":[{"name":"wp","href":"https:\/\/api.w.org\/{rel}","templated":true}]}}