{"id":4532,"date":"2025-09-02T15:17:09","date_gmt":"2025-09-02T15:17:09","guid":{"rendered":"https:\/\/qelizaesthetics.com\/?post_type=product&#038;p=4532"},"modified":"2025-09-02T15:39:50","modified_gmt":"2025-09-02T15:39:50","slug":"youth-firming-neck-chest-50-ml","status":"publish","type":"product","link":"https:\/\/qelizaesthetics.com\/de\/produkt\/jugend-straffende-hals-brust-50-ml\/","title":{"rendered":"Youth Firming Hals &amp; Brust (50 ml)"},"content":{"rendered":"<h2 class=\"image-with-text__heading inline-richtext h2\">Erweitern Sie Ihre Hautpflege \u00fcber das Gesicht hinaus<\/h2>\n<div class=\"border-section rte\">\n  <strong>Gezielte Straffung<\/strong><br \/>\n  Speziell formuliert, um die Festigkeit der empfindlichen Haut an Hals und Brust zu verbessern und die jugendlichen Konturen wiederherzustellen.\n<\/div>\n<div class=\"border-section rte\">\n  <strong>Infusion von NAD+-Vorl\u00e4ufern<\/strong><br \/>\n  Nutzt die Kraft von NAD+ zur St\u00e4rkung und Verj\u00fcngung der Haut auf zellul\u00e4rer Ebene.\n<\/div>\n<div class=\"border-section rte\">\n  <strong>Verbesserung der Textur<\/strong><br \/>\n  Gl\u00e4ttet und verfeinert die Haut f\u00fcr ein sichtbar strahlendes und jugendliches Dekollet\u00e9.\n<\/div>\n<div class=\"border-section rte\">\n  <strong>F\u00fcr wen sie bestimmt ist<\/strong><br \/>\n  Perfekt f\u00fcr alle, die ihr Hautpflegeprogramm um die Pflege von Hals und Brust erweitern m\u00f6chten.\n<\/div>\n<div class=\"border-section rte\">\n  <strong>Wie man sich bewirbt<\/strong><br \/>\n  Morgens und abends sanft in den gereinigten Hals und die Brust einmassieren. Verwenden Sie es nach den Seren und vor dem Sonnenschutz als Teil Ihrer umfassenden Routine.\n<\/div>","protected":false},"excerpt":{"rendered":"<p><strong>YOUTH FIRMING NECK &amp; CHEST - Gezielte Wiederherstellung von Hals und Dekollet\u00e9<\/strong><br \/>\nGezielte Straffung - Infusion von NAD+-Vorl\u00e4ufern - Verbesserung der Textur<\/p>\n<div class=\"stats\">\n<div class=\"metric\">\n<div class=\"circle-chart\">\n<div class=\"percentage\">\n<h2 class=\"center\">Worauf sie abzielt<\/h2>\n<div class=\"stats\">\n<div class=\"metric\">\n<div class=\"circle-chart\">\n<div class=\"percentage\">100% Festigkeit<\/div>\n<\/p><\/div>\n<\/p><\/div>\n<div class=\"metric\">\n<div class=\"circle-chart\">\n<div class=\"percentage\">95% NAD+-Infusion<\/div>\n<\/p><\/div>\n<\/p><\/div>\n<div class=\"metric\">\n<div class=\"circle-chart\">\n<div class=\"percentage\">90% Texturverbesserung<\/div>\n<\/p><\/div>\n<\/p><\/div>\n<div class=\"metric\">\n<div class=\"circle-chart\">\n<div class=\"percentage\">85% Elastizit\u00e4t<\/div>\n<\/p><\/div>\n<\/p><\/div>\n<div class=\"metric\">\n<div class=\"circle-chart\">\n<div class=\"percentage\">80% Hydratation<\/div>\n<\/p><\/div>\n<\/p><\/div>\n<div class=\"metric\">\n<div class=\"circle-chart\">\n<div class=\"percentage\">95% Gl\u00e4tte<\/div>\n<\/p><\/div>\n<\/p><\/div>\n<\/p><\/div>\n<\/p><\/div>\n<\/p><\/div>\n<\/p><\/div>\n<\/div>","protected":false},"featured_media":4531,"comment_status":"open","ping_status":"closed","template":"","meta":[],"product_brand":[],"product_cat":[25,34],"product_tag":[],"class_list":{"0":"post-4532","1":"product","2":"type-product","3":"status-publish","4":"has-post-thumbnail","6":"product_cat-young-goose","7":"product_cat-skincare","9":"first","10":"instock","11":"shipping-taxable","12":"purchasable","13":"product-type-simple"},"_links":{"self":[{"href":"https:\/\/qelizaesthetics.com\/de\/wp-json\/wp\/v2\/product\/4532","targetHints":{"allow":["GET"]}}],"collection":[{"href":"https:\/\/qelizaesthetics.com\/de\/wp-json\/wp\/v2\/product"}],"about":[{"href":"https:\/\/qelizaesthetics.com\/de\/wp-json\/wp\/v2\/types\/product"}],"replies":[{"embeddable":true,"href":"https:\/\/qelizaesthetics.com\/de\/wp-json\/wp\/v2\/comments?post=4532"}],"wp:featuredmedia":[{"embeddable":true,"href":"https:\/\/qelizaesthetics.com\/de\/wp-json\/wp\/v2\/media\/4531"}],"wp:attachment":[{"href":"https:\/\/qelizaesthetics.com\/de\/wp-json\/wp\/v2\/media?parent=4532"}],"wp:term":[{"taxonomy":"product_brand","embeddable":true,"href":"https:\/\/qelizaesthetics.com\/de\/wp-json\/wp\/v2\/product_brand?post=4532"},{"taxonomy":"product_cat","embeddable":true,"href":"https:\/\/qelizaesthetics.com\/de\/wp-json\/wp\/v2\/product_cat?post=4532"},{"taxonomy":"product_tag","embeddable":true,"href":"https:\/\/qelizaesthetics.com\/de\/wp-json\/wp\/v2\/product_tag?post=4532"}],"curies":[{"name":"wp","href":"https:\/\/api.w.org\/{rel}","templated":true}]}}