{"id":4518,"date":"2025-09-02T15:10:53","date_gmt":"2025-09-02T15:10:53","guid":{"rendered":"https:\/\/qelizaesthetics.com\/?post_type=product&#038;p=4518"},"modified":"2025-09-02T15:40:15","modified_gmt":"2025-09-02T15:40:15","slug":"l-a-d-r-serum","status":"publish","type":"product","link":"https:\/\/qelizaesthetics.com\/de\/produkt\/l-a-d-r-serum\/","title":{"rendered":"L.A.D.R.-Serum"},"content":{"rendered":"<h2 class=\"image-with-text__heading inline-richtext h2\">Das erste Serum zur Verst\u00e4rkung der Rot- und NIR-Lichttherapie<\/h2>\n<div class=\"border-section rte\">\n  <strong>Amplifizierte DNA-Reparatur<\/strong><br \/>\n  Aus dem Meer stammende Photosomen und lichtaktivierte Enzyme kehren UV-induzierte DNA-Sch\u00e4den auf molekularer Ebene um.\n<\/div>\n<div class=\"border-section rte\">\n  <strong>Verbesserte zellul\u00e4re Energie<\/strong><br \/>\n  NAD+ Apex\u2122 Complex und Spiruline AP\u2122 f\u00f6rdern die Funktion der Mitochondrien und unterst\u00fctzen die Reparatur und Erneuerung f\u00fcr eine widerstandsf\u00e4hige Haut.\n<\/div>\n<div class=\"border-section rte\">\n  <strong>Strahlende Widerstandskraft<\/strong><br \/>\n  Pro-Kollagen-Peptide, Spermidin und Ergothionein f\u00f6rdern die Elastizit\u00e4t, reduzieren F\u00e4ltchen und geben jugendliche Vitalit\u00e4t zur\u00fcck.\n<\/div>\n<div class=\"border-section rte\">\n  <strong>F\u00fcr wen sie bestimmt ist<\/strong><br \/>\n  Ideal f\u00fcr alle, die eine Rot-\/NIR-Lichttherapie anwenden oder eine fortschrittliche, lichtbetriebene Hautreparatur w\u00fcnschen.\n<\/div>\n<div class=\"border-section rte\">\n  <strong>Wie zu verwenden<\/strong><br \/>\n  <em>Vorbereiten:<\/em> Reinigen und eine d\u00fcnne Schicht L.A.D.R. Serum auftragen.<br \/>\n  <em>W\u00e4hrend der Therapie:<\/em> Aktivieren Sie Ihr Rotlichtger\u00e4t wie vorgeschrieben.<br \/>\n  <em>Post-Therapie:<\/em> Anschlie\u00dfend Youth Daily oder Ihre bevorzugte Feuchtigkeitscreme auftragen und f\u00fcr einen dauerhaften Schutz mit LSF abschlie\u00dfen.\n<\/div>","protected":false},"excerpt":{"rendered":"<p><strong>L.A.D.R. Serum - Rotlicht-aktiviertes Antioxidantien-Serum<\/strong><br \/>\nVerst\u00e4rkte DNA-Reparatur - Verbesserte Zellenergie - Strahlende Widerstandskraft<\/p>\n<div class=\"stats\">\n<div class=\"metric\">\n<div class=\"circle-chart\">\n<div class=\"percentage\">\n<h2 class=\"center\">Worauf sie abzielt<\/h2>\n<div class=\"stats\">\n<div class=\"metric\">\n<div class=\"circle-chart\">\n<div class=\"percentage\">100% DNA-Reparatur<\/div>\n<\/p><\/div>\n<\/p><\/div>\n<div class=\"metric\">\n<div class=\"circle-chart\">\n<div class=\"percentage\">95% UV-Schadensumkehrung<\/div>\n<\/p><\/div>\n<\/p><\/div>\n<div class=\"metric\">\n<div class=\"circle-chart\">\n<div class=\"percentage\">90% Zellul\u00e4re Energie<\/div>\n<\/p><\/div>\n<\/p><\/div>\n<div class=\"metric\">\n<div class=\"circle-chart\">\n<div class=\"percentage\">85% Ausstrahlung<\/div>\n<\/p><\/div>\n<\/p><\/div>\n<div class=\"metric\">\n<div class=\"circle-chart\">\n<div class=\"percentage\">80% Elastizit\u00e4t<\/div>\n<\/p><\/div>\n<\/p><\/div>\n<div class=\"metric\">\n<div class=\"circle-chart\">\n<div class=\"percentage\">95% Feinlinienreduzierung<\/div>\n<\/p><\/div>\n<\/p><\/div>\n<\/p><\/div>\n<\/p><\/div>\n<\/p><\/div>\n<\/p><\/div>\n<\/div>","protected":false},"featured_media":4520,"comment_status":"open","ping_status":"closed","template":"","meta":[],"product_brand":[],"product_cat":[25,34],"product_tag":[],"class_list":{"0":"post-4518","1":"product","2":"type-product","3":"status-publish","4":"has-post-thumbnail","6":"product_cat-young-goose","7":"product_cat-skincare","9":"first","10":"instock","11":"shipping-taxable","12":"purchasable","13":"product-type-simple"},"_links":{"self":[{"href":"https:\/\/qelizaesthetics.com\/de\/wp-json\/wp\/v2\/product\/4518","targetHints":{"allow":["GET"]}}],"collection":[{"href":"https:\/\/qelizaesthetics.com\/de\/wp-json\/wp\/v2\/product"}],"about":[{"href":"https:\/\/qelizaesthetics.com\/de\/wp-json\/wp\/v2\/types\/product"}],"replies":[{"embeddable":true,"href":"https:\/\/qelizaesthetics.com\/de\/wp-json\/wp\/v2\/comments?post=4518"}],"wp:featuredmedia":[{"embeddable":true,"href":"https:\/\/qelizaesthetics.com\/de\/wp-json\/wp\/v2\/media\/4520"}],"wp:attachment":[{"href":"https:\/\/qelizaesthetics.com\/de\/wp-json\/wp\/v2\/media?parent=4518"}],"wp:term":[{"taxonomy":"product_brand","embeddable":true,"href":"https:\/\/qelizaesthetics.com\/de\/wp-json\/wp\/v2\/product_brand?post=4518"},{"taxonomy":"product_cat","embeddable":true,"href":"https:\/\/qelizaesthetics.com\/de\/wp-json\/wp\/v2\/product_cat?post=4518"},{"taxonomy":"product_tag","embeddable":true,"href":"https:\/\/qelizaesthetics.com\/de\/wp-json\/wp\/v2\/product_tag?post=4518"}],"curies":[{"name":"wp","href":"https:\/\/api.w.org\/{rel}","templated":true}]}}