{"id":4513,"date":"2025-09-02T15:07:15","date_gmt":"2025-09-02T15:07:15","guid":{"rendered":"https:\/\/qelizaesthetics.com\/?post_type=product&#038;p=4513"},"modified":"2025-09-02T15:40:27","modified_gmt":"2025-09-02T15:40:27","slug":"4513","status":"publish","type":"product","link":"https:\/\/qelizaesthetics.com\/de\/produkt\/4513\/","title":{"rendered":"Bio-Barriere-Serum"},"content":{"rendered":"<h2 class=\"image-with-text__heading inline-richtext h2\">Ultimativer Schutz, ultimative Ausstrahlung<\/h2>\n<div class=\"border-section rte\">\n  <strong>Verbesserte Hautbarriere<\/strong><br \/>\n  St\u00e4rken Sie die nat\u00fcrlichen Abwehrkr\u00e4fte Ihrer Haut gegen Umwelteinfl\u00fcsse mit bioidentischen Glykolipiden.\n<\/div>\n<div class=\"border-section rte\">\n  <strong>Antioxidantien-Kraftpaket<\/strong><br \/>\n  Vollgepackt mit den Vitaminen E, F und Lipochroman-6 zur Bek\u00e4mpfung von Umweltstressoren und zum Schutz vor freien Radikalen.\n<\/div>\n<div class=\"border-section rte\">\n  <strong>Ausstrahlung und Textur<\/strong><br \/>\n  Verbessert mit jeder Anwendung die Leuchtkraft und Gl\u00e4tte der Haut und spendet ihr Feuchtigkeit, ohne sie zu fetten.\n<\/div>\n<div class=\"border-section rte\">\n  <strong>F\u00fcr wen sie bestimmt ist<\/strong><br \/>\n  Perfekt f\u00fcr alle, die nach Elastizit\u00e4t, weniger R\u00f6tungen und lang anhaltender Ausstrahlung suchen.\n<\/div>\n<div class=\"border-section rte\">\n  <strong>Wie man sich bewirbt<\/strong><br \/>\n  Morgens und abends nach der Reinigung und vor der Feuchtigkeitscreme auftragen. Sanft in kreisenden Bewegungen einmassieren, um die Aufnahme zu f\u00f6rdern und die Durchblutung anzuregen.\n<\/div>","protected":false},"excerpt":{"rendered":"<p><strong>BIO-BARRIER R\u00f6tungen minderndes Reparaturserum<\/strong><br \/>\nVerbesserte Hautbarriere - Antioxidantien-Kraftpaket - Strahlkraft und Textur<\/p>\n<div class=\"stats\">\n<div class=\"metric\">\n<div class=\"circle-chart\">\n<div class=\"percentage\">\n<h2 class=\"center\">Worauf sie abzielt<\/h2>\n<div class=\"stats\">\n<div class=\"metric\">\n<div class=\"circle-chart\">\n<div class=\"percentage\">100% Unterst\u00fctzung der Hautbarriere<\/div>\n<\/p><\/div>\n<\/p><\/div>\n<div class=\"metric\">\n<div class=\"circle-chart\">\n<div class=\"percentage\">95% Antioxidantien-Schutz<\/div>\n<\/p><\/div>\n<\/p><\/div>\n<div class=\"metric\">\n<div class=\"circle-chart\">\n<div class=\"percentage\">90% Reduzierung von R\u00f6tungen<\/div>\n<\/p><\/div>\n<\/p><\/div>\n<div class=\"metric\">\n<div class=\"circle-chart\">\n<div class=\"percentage\">85% Ausstrahlung<\/div>\n<\/p><\/div>\n<\/p><\/div>\n<div class=\"metric\">\n<div class=\"circle-chart\">\n<div class=\"percentage\">80% Verfeinerung der Textur<\/div>\n<\/p><\/div>\n<\/p><\/div>\n<div class=\"metric\">\n<div class=\"circle-chart\">\n<div class=\"percentage\">100% N\u00e4hrstoffversorgung<\/div>\n<\/p><\/div>\n<\/p><\/div>\n<\/p><\/div>\n<\/p><\/div>\n<\/p><\/div>\n<\/p><\/div>\n<\/div>","protected":false},"featured_media":4515,"comment_status":"open","ping_status":"closed","template":"","meta":[],"product_brand":[],"product_cat":[25,34],"product_tag":[],"class_list":{"0":"post-4513","1":"product","2":"type-product","3":"status-publish","4":"has-post-thumbnail","6":"product_cat-young-goose","7":"product_cat-skincare","9":"first","10":"instock","11":"shipping-taxable","12":"purchasable","13":"product-type-simple"},"_links":{"self":[{"href":"https:\/\/qelizaesthetics.com\/de\/wp-json\/wp\/v2\/product\/4513","targetHints":{"allow":["GET"]}}],"collection":[{"href":"https:\/\/qelizaesthetics.com\/de\/wp-json\/wp\/v2\/product"}],"about":[{"href":"https:\/\/qelizaesthetics.com\/de\/wp-json\/wp\/v2\/types\/product"}],"replies":[{"embeddable":true,"href":"https:\/\/qelizaesthetics.com\/de\/wp-json\/wp\/v2\/comments?post=4513"}],"wp:featuredmedia":[{"embeddable":true,"href":"https:\/\/qelizaesthetics.com\/de\/wp-json\/wp\/v2\/media\/4515"}],"wp:attachment":[{"href":"https:\/\/qelizaesthetics.com\/de\/wp-json\/wp\/v2\/media?parent=4513"}],"wp:term":[{"taxonomy":"product_brand","embeddable":true,"href":"https:\/\/qelizaesthetics.com\/de\/wp-json\/wp\/v2\/product_brand?post=4513"},{"taxonomy":"product_cat","embeddable":true,"href":"https:\/\/qelizaesthetics.com\/de\/wp-json\/wp\/v2\/product_cat?post=4513"},{"taxonomy":"product_tag","embeddable":true,"href":"https:\/\/qelizaesthetics.com\/de\/wp-json\/wp\/v2\/product_tag?post=4513"}],"curies":[{"name":"wp","href":"https:\/\/api.w.org\/{rel}","templated":true}]}}