{"id":4511,"date":"2025-09-02T15:00:33","date_gmt":"2025-09-02T15:00:33","guid":{"rendered":"https:\/\/qelizaesthetics.com\/?post_type=product&#038;p=4511"},"modified":"2025-09-02T15:40:37","modified_gmt":"2025-09-02T15:40:37","slug":"acetyl-l-carnitine-1000-mg-60-caps","status":"publish","type":"product","link":"https:\/\/qelizaesthetics.com\/de\/produkt\/acetyl-l-carnitin-1000-mg-60-kapseln\/","title":{"rendered":"Acetyl-L-Carnitin 1000 mg (60 Kapseln)"},"content":{"rendered":"","protected":false},"excerpt":{"rendered":"<p>Acetyl-L-Carnitin (ALCAR) ist eine bioaktive Form von L-Carnitin, einem Aminos\u00e4urederivat, das eine wichtige Rolle bei der zellul\u00e4ren Energieproduktion spielt. Durch den Transport von Fetts\u00e4uren in die Mitochondrien - die Kraftwerke Ihrer Zellen - hilft ALCAR, gespeichertes Fett in saubere, nutzbare Energie umzuwandeln.<\/p>\n<p>Das Besondere an ALCAR ist seine F\u00e4higkeit, die Blut-Hirn-Schranke zu \u00fcberwinden, wo es die kognitive Funktion, die Konzentration und das Ged\u00e4chtnis unterst\u00fctzt. Studien zeigen auch Vorteile f\u00fcr die Stimmung, die Stressresistenz und den Neuroschutz, was es zu einem Favoriten f\u00fcr die geistige und k\u00f6rperliche Leistungsf\u00e4higkeit macht.<\/p>","protected":false},"featured_media":3929,"comment_status":"open","ping_status":"closed","template":"","meta":[],"product_brand":[],"product_cat":[29],"product_tag":[],"class_list":{"0":"post-4511","1":"product","2":"type-product","3":"status-publish","4":"has-post-thumbnail","6":"product_cat-supplements","8":"first","9":"instock","10":"shipping-taxable","11":"purchasable","12":"product-type-simple"},"_links":{"self":[{"href":"https:\/\/qelizaesthetics.com\/de\/wp-json\/wp\/v2\/product\/4511","targetHints":{"allow":["GET"]}}],"collection":[{"href":"https:\/\/qelizaesthetics.com\/de\/wp-json\/wp\/v2\/product"}],"about":[{"href":"https:\/\/qelizaesthetics.com\/de\/wp-json\/wp\/v2\/types\/product"}],"replies":[{"embeddable":true,"href":"https:\/\/qelizaesthetics.com\/de\/wp-json\/wp\/v2\/comments?post=4511"}],"wp:featuredmedia":[{"embeddable":true,"href":"https:\/\/qelizaesthetics.com\/de\/wp-json\/wp\/v2\/media\/3929"}],"wp:attachment":[{"href":"https:\/\/qelizaesthetics.com\/de\/wp-json\/wp\/v2\/media?parent=4511"}],"wp:term":[{"taxonomy":"product_brand","embeddable":true,"href":"https:\/\/qelizaesthetics.com\/de\/wp-json\/wp\/v2\/product_brand?post=4511"},{"taxonomy":"product_cat","embeddable":true,"href":"https:\/\/qelizaesthetics.com\/de\/wp-json\/wp\/v2\/product_cat?post=4511"},{"taxonomy":"product_tag","embeddable":true,"href":"https:\/\/qelizaesthetics.com\/de\/wp-json\/wp\/v2\/product_tag?post=4511"}],"curies":[{"name":"wp","href":"https:\/\/api.w.org\/{rel}","templated":true}]}}