{"id":4120,"date":"2025-07-09T15:15:30","date_gmt":"2025-07-09T15:15:30","guid":{"rendered":"https:\/\/qelizaesthetics.com\/?post_type=product&#038;p=4120"},"modified":"2025-09-02T15:45:09","modified_gmt":"2025-09-02T15:45:09","slug":"tumeric-curcumin-hinnao","status":"publish","type":"product","link":"https:\/\/qelizaesthetics.com\/de\/produkt\/kurkuma-kurkumin-hinnao\/","title":{"rendered":"Kurkuma Kurkumin - HiNNAO"},"content":{"rendered":"<div id=\"div_block-434-19\" class=\"ct-div-block\">\n<h2 id=\"text_block-435-19\" class=\"ct-text-block\"><b>Warum HINNAO Kurkuma-Curcumin w\u00e4hlen<\/b><\/h2>\n<p class=\"ct-text-block\">Curcumin ist der Hauptwirkstoff der Kurkumawurzel. Seit Tausenden von Jahren wird Kurkuma in der ayurvedischen Medizin zur Behandlung von chronischen Schmerzen, Verdauungsproblemen, Herzerkrankungen, Krebs, Leberfunktion und Entz\u00fcndungen empfohlen.<\/p>\n<\/div>\n<div >\n<div >\n<p>Es gibt \u00fcber 25.000 wissenschaftliche Studien und Forschungsartikel \u00fcber Curcumin, die seine erstaunlichen antioxidativen und entz\u00fcndungshemmenden Eigenschaften best\u00e4tigen.<\/p>\n<p>*Kurkuma tr\u00e4gt zu einer normalen Funktion des Immunsystems und zur Erhaltung der Gesundheit von Gelenken und Knochen bei.<\/p>\n<\/div>\n<div>\n<p>Als starkes Antioxidans tr\u00e4gt Curcumin dazu bei, unsere Gelenke gesund und schmerzfrei zu halten.<\/p>\n<h2>Absorption in Sekundenschnelle<\/h2>\n<p>Unsere patentierte HINNAO-Technologie erm\u00f6glicht es uns, Lipidpartikel zur Absorption \u00fcber die Schleimhaut zu verwenden, was bedeutet, dass 85% jeder Dosis innerhalb von 60 Sekunden absorbiert werden.<\/p>\n<h2>Kurkuma Curcumin Inhaltsstoffe<\/h2>\n<p>S\u00fc\u00dfmandel\u00f6l, Kurkumaextraktpulver (Curcuma Longa), S\u00fc\u00dfstoff: Steviolglykoside, Aromastoffe: Zitronen\u00f6l Allergene siehe fett gedruckte Zutaten.<\/p>\n<div class=\"wp-block-group alignfull absorption-statement has-tertiary-background-color has-background has-global-padding is-layout-constrained wp-block-group-is-layout-constrained\">\n<h2 style=\"text-align: center;\">Wie wird HINNAO eingenommen?<\/h2>\n<\/div>\n<h3>SCHRITT 1<\/h3>\n<p>Kr\u00e4ftig sch\u00fctteln und 30 Sekunden lang gut mischen, um eine gleichm\u00e4\u00dfige Dosis zu erhalten.<\/p>\n<h3>SCHRITT 2<\/h3>\n<p>Dr\u00fccken Sie die Pipette zusammen, um die empfohlene Dosis aufzusaugen.<\/p>\n<h3>SCHRITT 3<\/h3>\n<p>Nehmen Sie das Produkt in den Mund.<\/p>\n<h3>SCHRITT 4<\/h3>\n<p>60-90 Sekunden im Mund behalten, dann schlucken.<\/p>\n<\/div>\n<\/div>","protected":false},"excerpt":{"rendered":"<p>Why Choose HINNAO Turmeric Curcumin Curcumin is the main active ingredient found in the turmeric root. A powerful Anti-Inflammatory and Antioxidant.For thousands of years Ayurvedic medicine has recommended turmeric for health conditions, such as; chronic pain, digestive issues, heart health, cancer, liver function, and inflammation. There are over 25,000 scientific studies and research articles published [&hellip;]<\/p>","protected":false},"featured_media":4122,"comment_status":"open","ping_status":"closed","template":"","meta":[],"product_brand":[],"product_cat":[31],"product_tag":[],"class_list":{"0":"post-4120","1":"product","2":"type-product","3":"status-publish","4":"has-post-thumbnail","6":"product_cat-hinnao","8":"first","9":"instock","10":"shipping-taxable","11":"purchasable","12":"product-type-simple"},"_links":{"self":[{"href":"https:\/\/qelizaesthetics.com\/de\/wp-json\/wp\/v2\/product\/4120","targetHints":{"allow":["GET"]}}],"collection":[{"href":"https:\/\/qelizaesthetics.com\/de\/wp-json\/wp\/v2\/product"}],"about":[{"href":"https:\/\/qelizaesthetics.com\/de\/wp-json\/wp\/v2\/types\/product"}],"replies":[{"embeddable":true,"href":"https:\/\/qelizaesthetics.com\/de\/wp-json\/wp\/v2\/comments?post=4120"}],"wp:featuredmedia":[{"embeddable":true,"href":"https:\/\/qelizaesthetics.com\/de\/wp-json\/wp\/v2\/media\/4122"}],"wp:attachment":[{"href":"https:\/\/qelizaesthetics.com\/de\/wp-json\/wp\/v2\/media?parent=4120"}],"wp:term":[{"taxonomy":"product_brand","embeddable":true,"href":"https:\/\/qelizaesthetics.com\/de\/wp-json\/wp\/v2\/product_brand?post=4120"},{"taxonomy":"product_cat","embeddable":true,"href":"https:\/\/qelizaesthetics.com\/de\/wp-json\/wp\/v2\/product_cat?post=4120"},{"taxonomy":"product_tag","embeddable":true,"href":"https:\/\/qelizaesthetics.com\/de\/wp-json\/wp\/v2\/product_tag?post=4120"}],"curies":[{"name":"wp","href":"https:\/\/api.w.org\/{rel}","templated":true}]}}