{"id":4117,"date":"2025-07-09T15:14:31","date_gmt":"2025-07-09T15:14:31","guid":{"rendered":"https:\/\/qelizaesthetics.com\/?post_type=product&#038;p=4117"},"modified":"2025-09-02T15:45:19","modified_gmt":"2025-09-02T15:45:19","slug":"glutathione-liposomal-hinnao","status":"publish","type":"product","link":"https:\/\/qelizaesthetics.com\/de\/produkt\/glutathion-liposomal-hinnao\/","title":{"rendered":"Glutathion liposomal - HiNNAO"},"content":{"rendered":"<p><b>Warum brauchen wir Glutathion?<\/b><br \/>\nGlutathion ist die Mutter aller Antioxidantien. Ein Molek\u00fcl, das unser K\u00f6rper auf nat\u00fcrliche Weise produziert, um freie Radikale und Giftstoffe aus unserem System zu entfernen. Ein Krankheitsbek\u00e4mpfer und Meisterentgifter, der f\u00fcr das Recycling und die Wiederaufladung aller Antioxidantien in unserem K\u00f6rper verantwortlich ist.<\/p>\n<p><b>Wenn unser K\u00f6rper Glutathion auf nat\u00fcrliche Weise produziert, warum sollte er es erg\u00e4nzen?<\/b><br \/>\nUnsere Welt ist voll von Giftstoffen. Alles, von der Nahrung, die wir essen, \u00fcber die Kleidung, die wir tragen, bis hin zur Luft, die wir atmen, l\u00e4sst unseren K\u00f6rper \u00dcberstunden machen, um Sch\u00e4den abzuwehren und unsere Zellen wieder aufzuf\u00fcllen. Erschwerend kommt hinzu, dass mit zunehmendem Alter unser Glutathionspiegel sinkt. Das macht unseren K\u00f6rper extrem anf\u00e4llig f\u00fcr Sch\u00e4den und Krankheiten. Der durchschnittliche 45-J\u00e4hrige hat bereits einen R\u00fcckgang des Glutathions um 50% zu verzeichnen.<\/p>\n<p><img fetchpriority=\"high\" decoding=\"async\" class=\"aligncenter wp-image-726 size-large\" src=\"https:\/\/hinnao.com\/wp-content\/uploads\/2023\/07\/Glutathione-Graph-1024x519.png\" sizes=\"(max-width: 1024px) 100vw, 1024px\" srcset=\"https:\/\/hinnao.com\/wp-content\/uploads\/2023\/07\/Glutathione-Graph-1024x519.png 1024w, https:\/\/hinnao.com\/wp-content\/uploads\/2023\/07\/Glutathione-Graph-300x152.png 300w, https:\/\/hinnao.com\/wp-content\/uploads\/2023\/07\/Glutathione-Graph-768x389.png 768w, https:\/\/hinnao.com\/wp-content\/uploads\/2023\/07\/Glutathione-Graph-1536x779.png 1536w, https:\/\/hinnao.com\/wp-content\/uploads\/2023\/07\/Glutathione-Graph.png 2048w\" alt=\"\" width=\"1024\" height=\"519\" \/><\/p>\n<p><a href=\"https:\/\/hinnao.com\/wp-content\/uploads\/2023\/07\/HINNAO-Glutathione-D50-Diffusion-Study.pdf?v=eabb18f0a40c\" target=\"_blank\" rel=\"noopener\">Die Studie ansehen<\/a><\/p>\n<p>Ein durchschnittlicher 45-J\u00e4hriger hat bereits eine Abnahme des Glutathions um 50% erfahren.<\/p>\n<h2>Absorption in Sekundenschnelle<\/h2>\n<p>Unsere patentierte HINNAO-Technologie erm\u00f6glicht es uns, Lipidpartikel zur Absorption \u00fcber die Schleimhaut zu verwenden, was bedeutet, dass 85% jeder Dosis innerhalb von 60 Sekunden absorbiert werden.<\/p>\n<h2>Glutathion Inhaltsstoffe<\/h2>\n<p>S\u00fc\u00dfmandel\u00f6l, L-Glutathion (reduziert), kaltgepresstes Orangen\u00f6l, S\u00fc\u00dfstoff: Steviolglykoside, Trennmittel: Siliciumdioxid<\/p>\n<div class=\"wp-block-group alignfull absorption-statement has-tertiary-background-color has-background has-global-padding is-layout-constrained wp-block-group-is-layout-constrained\">\n<h2 style=\"text-align: center;\">Wie wird HINNAO eingenommen?<\/h2>\n<\/div>\n<h3>SCHRITT 1<\/h3>\n<p>Kr\u00e4ftig sch\u00fctteln und 30 Sekunden lang gut mischen, um eine gleichm\u00e4\u00dfige Dosis zu erhalten.<\/p>\n<h3>SCHRITT 2<\/h3>\n<p>Dr\u00fccken Sie die Pipette zusammen, um die empfohlene Dosis aufzusaugen.<\/p>\n<h3>SCHRITT 3<\/h3>\n<p>Nehmen Sie das Produkt in den Mund.<\/p>\n<h3>SCHRITT 4<\/h3>\n<p>60-90 Sekunden im Mund behalten, dann schlucken.<\/p>","protected":false},"excerpt":{"rendered":"<p>Why do we need Glutathione? Glutathione is the mother of all antioxidants. A molecule our bodies produce naturally to cleanse free radicals and toxins from our system. A disease buster and master detoxifier responsible for recycling and recharging every antioxidant in our bodies. If our bodies produce Glutathione naturally, why supplement? Our world is filled [&hellip;]<\/p>","protected":false},"featured_media":4119,"comment_status":"open","ping_status":"closed","template":"","meta":[],"product_brand":[],"product_cat":[31],"product_tag":[],"class_list":{"0":"post-4117","1":"product","2":"type-product","3":"status-publish","4":"has-post-thumbnail","6":"product_cat-hinnao","8":"first","9":"instock","10":"shipping-taxable","11":"purchasable","12":"product-type-simple"},"_links":{"self":[{"href":"https:\/\/qelizaesthetics.com\/de\/wp-json\/wp\/v2\/product\/4117","targetHints":{"allow":["GET"]}}],"collection":[{"href":"https:\/\/qelizaesthetics.com\/de\/wp-json\/wp\/v2\/product"}],"about":[{"href":"https:\/\/qelizaesthetics.com\/de\/wp-json\/wp\/v2\/types\/product"}],"replies":[{"embeddable":true,"href":"https:\/\/qelizaesthetics.com\/de\/wp-json\/wp\/v2\/comments?post=4117"}],"wp:featuredmedia":[{"embeddable":true,"href":"https:\/\/qelizaesthetics.com\/de\/wp-json\/wp\/v2\/media\/4119"}],"wp:attachment":[{"href":"https:\/\/qelizaesthetics.com\/de\/wp-json\/wp\/v2\/media?parent=4117"}],"wp:term":[{"taxonomy":"product_brand","embeddable":true,"href":"https:\/\/qelizaesthetics.com\/de\/wp-json\/wp\/v2\/product_brand?post=4117"},{"taxonomy":"product_cat","embeddable":true,"href":"https:\/\/qelizaesthetics.com\/de\/wp-json\/wp\/v2\/product_cat?post=4117"},{"taxonomy":"product_tag","embeddable":true,"href":"https:\/\/qelizaesthetics.com\/de\/wp-json\/wp\/v2\/product_tag?post=4117"}],"curies":[{"name":"wp","href":"https:\/\/api.w.org\/{rel}","templated":true}]}}