{"id":4114,"date":"2025-07-09T15:10:18","date_gmt":"2025-07-09T15:10:18","guid":{"rendered":"https:\/\/qelizaesthetics.com\/?post_type=product&#038;p=4114"},"modified":"2025-09-02T15:45:30","modified_gmt":"2025-09-02T15:45:30","slug":"methylcobalamin-liposomal-hinnao","status":"publish","type":"product","link":"https:\/\/qelizaesthetics.com\/de\/produkt\/methylcobalamin-liposomal-hinnao\/","title":{"rendered":"Methylcobalamin liposomal - HiNNAO"},"content":{"rendered":"<p><b>Warum HINNAO Methyl B12 w\u00e4hlen?<\/b><br \/>\nMethylcobalamin, die am besten bioverf\u00fcgbare und aktive Form von B12. Es hat sich gezeigt, dass es starke neuroprotektive und lebensverl\u00e4ngernde Eigenschaften besitzt und die Immunit\u00e4t, die Stimmung, das Ged\u00e4chtnis und die Energie steigert... Wie die meisten Vitamine kann Ihr K\u00f6rper B12 nicht selbst herstellen... Also tun wir das f\u00fcr Sie.<\/p>\n<p><b>HINNAO Methyl-B12 ist 3rd Party getestet<\/b><br \/>\nUnser HINNAO Methyl-B12 wurde von Dritten getestet und hat bewiesen, dass es innerhalb von Sekunden in Ihren Blutkreislauf gelangt.<\/p>\n<p><img fetchpriority=\"high\" decoding=\"async\" class=\"alignnone wp-image-727 size-large\" src=\"https:\/\/hinnao.com\/wp-content\/uploads\/2023\/07\/Methyl-B12-Graph-1024x519.png\" sizes=\"(max-width: 1024px) 100vw, 1024px\" srcset=\"https:\/\/hinnao.com\/wp-content\/uploads\/2023\/07\/Methyl-B12-Graph-1024x519.png 1024w, https:\/\/hinnao.com\/wp-content\/uploads\/2023\/07\/Methyl-B12-Graph-300x152.png 300w, https:\/\/hinnao.com\/wp-content\/uploads\/2023\/07\/Methyl-B12-Graph-768x389.png 768w, https:\/\/hinnao.com\/wp-content\/uploads\/2023\/07\/Methyl-B12-Graph-1536x778.png 1536w, https:\/\/hinnao.com\/wp-content\/uploads\/2023\/07\/Methyl-B12-Graph.png 2048w\" alt=\"\" width=\"1024\" height=\"519\" \/><\/p>\n<p><a href=\"https:\/\/hinnao.com\/wp-content\/uploads\/2023\/07\/HINNAO-Methyl-B12-Diffusion-Study.pdf?v=eabb18f0a40c\" target=\"_blank\" rel=\"noopener\">Die Studie ansehen<\/a><\/p>\n<p>&nbsp;<\/p>\n<p>Unser HINNAO Hochstabiles Liposomales Resveratrol ist eine der am besten bioverf\u00fcgbaren Formen des Resveratrols auf dem Markt.<\/p>\n<p>&nbsp;<\/p>\n<h2>Absorption in Sekundenschnelle<\/h2>\n<p>Unsere patentierte HINNAO-Technologie erm\u00f6glicht es uns, Lipidpartikel zur Absorption \u00fcber die Schleimhaut zu verwenden, was bedeutet, dass 85% jeder Dosis innerhalb von 60 Sekunden absorbiert werden.<\/p>\n<p>&nbsp;<\/p>\n<div class=\"wp-block-group is-content-justification-center is-nowrap is-layout-flex wp-block-group-is-layout-flex\">\n<h2>Resveratrol Inhaltsstoffe<\/h2>\n<p>MCT (mittelkettige Triglyceride [gewonnen aus Kokosnuss- und Palmkern\u00f6l]), Resveratrol, S\u00fc\u00dfstoff: Steviolglykoside, Butter-Vanille-Aroma<\/p>\n<\/div>\n<div class=\"wp-block-group alignfull absorption-statement has-tertiary-background-color has-background has-global-padding is-layout-constrained wp-block-group-is-layout-constrained\">\n<h2 style=\"text-align: center;\">Wie wird HINNAO eingenommen?<\/h2>\n<\/div>\n<h3>SCHRITT 1<\/h3>\n<p>Kr\u00e4ftig sch\u00fctteln und 30 Sekunden lang gut mischen, um eine gleichm\u00e4\u00dfige Dosis zu erhalten.<\/p>\n<h3>SCHRITT 2<\/h3>\n<p>Dr\u00fccken Sie die Pipette zusammen, um die empfohlene Dosis aufzusaugen.<\/p>\n<h3>SCHRITT 3<\/h3>\n<p>Nehmen Sie das Produkt in den Mund.<\/p>\n<h3>SCHRITT 4<\/h3>\n<p>60-90 Sekunden im Mund behalten, dann schlucken.<\/p>","protected":false},"excerpt":{"rendered":"<p>Why Choose HINNAO Methyl B12 Methylcobalamin, the most bioavailable and active form of B12. It has been found to possess strong neuro-protective and longevity properties, boosting immunity, mood, memory, and energy\u2026 Like most vitamins, your body can\u2019t make B12\u2026 So we do it for you. HINNAO Methyl-B12 is 3rd Party Tested Our HINNAO Methyl-B12 is [&hellip;]<\/p>","protected":false},"featured_media":4116,"comment_status":"open","ping_status":"closed","template":"","meta":[],"product_brand":[],"product_cat":[31],"product_tag":[],"class_list":{"0":"post-4114","1":"product","2":"type-product","3":"status-publish","4":"has-post-thumbnail","6":"product_cat-hinnao","8":"first","9":"instock","10":"shipping-taxable","11":"purchasable","12":"product-type-simple"},"_links":{"self":[{"href":"https:\/\/qelizaesthetics.com\/de\/wp-json\/wp\/v2\/product\/4114","targetHints":{"allow":["GET"]}}],"collection":[{"href":"https:\/\/qelizaesthetics.com\/de\/wp-json\/wp\/v2\/product"}],"about":[{"href":"https:\/\/qelizaesthetics.com\/de\/wp-json\/wp\/v2\/types\/product"}],"replies":[{"embeddable":true,"href":"https:\/\/qelizaesthetics.com\/de\/wp-json\/wp\/v2\/comments?post=4114"}],"wp:featuredmedia":[{"embeddable":true,"href":"https:\/\/qelizaesthetics.com\/de\/wp-json\/wp\/v2\/media\/4116"}],"wp:attachment":[{"href":"https:\/\/qelizaesthetics.com\/de\/wp-json\/wp\/v2\/media?parent=4114"}],"wp:term":[{"taxonomy":"product_brand","embeddable":true,"href":"https:\/\/qelizaesthetics.com\/de\/wp-json\/wp\/v2\/product_brand?post=4114"},{"taxonomy":"product_cat","embeddable":true,"href":"https:\/\/qelizaesthetics.com\/de\/wp-json\/wp\/v2\/product_cat?post=4114"},{"taxonomy":"product_tag","embeddable":true,"href":"https:\/\/qelizaesthetics.com\/de\/wp-json\/wp\/v2\/product_tag?post=4114"}],"curies":[{"name":"wp","href":"https:\/\/api.w.org\/{rel}","templated":true}]}}