{"id":4110,"date":"2025-07-09T15:07:41","date_gmt":"2025-07-09T15:07:41","guid":{"rendered":"https:\/\/qelizaesthetics.com\/?post_type=product&#038;p=4110"},"modified":"2025-09-02T15:45:39","modified_gmt":"2025-09-02T15:45:39","slug":"resveratrol-liposomal-hinnao","status":"publish","type":"product","link":"https:\/\/qelizaesthetics.com\/de\/produkt\/resveratrol-liposomal-hinnao\/","title":{"rendered":"Liposomales Resveratrol - HiNNAO"},"content":{"rendered":"<div id=\"div_block-233-19\" class=\"ct-div-block\">\n<div id=\"text_block-234-19\" class=\"ct-text-block\">\n<p><b>Warum das HINNAO-Resveratrol besser ist als Pulver und andere orale Standarderg\u00e4nzungen.<\/b><\/p>\n<p>HINNAO High Stability Liposomal Liquid Drops werden \u00fcber die Schleimhaut absorbiert und erreichen sofort die volle Absorption in 60-90 Sekunden. Patentierte hochstabile liposomale Technologie.<\/p>\n<p>GLEICHM\u00c4SSIG VERTEILT<br \/>\nIN DER PARTIKELGR\u00d6SSE REDUZIERT<\/p>\n<\/div>\n<\/div>\n<div id=\"div_block-236-19\" class=\"ct-div-block\">\n<div id=\"text_block-237-19\" class=\"ct-text-block\">\n<p>Die HINNAO\u2122-Technologie verwendet ein Verfahren mit hoher Scherkraft, bei dem die Partikel einem Druck von 40.000 psi ausgesetzt werden, wodurch die Partikel gleichm\u00e4\u00dfig eingekapselt werden. Die Phospholipid-MCT-Basis stellt sicher, dass das Produkt nicht herausfallen kann, wodurch hochstabile Liposomen f\u00fcr eine erh\u00f6hte Bioverf\u00fcgbarkeit entstehen.<\/p>\n<p>HINNAO Hochstabile Liposomen-Tropfen werden sublingual unter der Zunge eingenommen und enthalten eine wohlschmeckende, nat\u00fcrliche Rezeptur aus Mandel\u00f6l, Stevia und Orangen\u00f6l. Sie sind in blauen Premium-Glasflaschen verpackt, um sie vor Oxidation zu sch\u00fctzen, und in Kartons verpackt, um Br\u00fcche zu vermeiden.<\/p>\n<p><span style=\"text-align: center;\">Unser HINNAO Hochstabiles Liposomales Resveratrol ist eine der am besten bioverf\u00fcgbaren Formen des Resveratrols auf dem Markt.<\/span><\/p>\n<div class=\"wp-block-group alignfull absorption-statement has-tertiary-background-color has-background has-global-padding is-layout-constrained wp-block-group-is-layout-constrained\">\n<h2 class=\"wp-block-heading has-text-align-center has-primary-color has-text-color has-link-color wp-elements-7c162e003255bcacd68fa0c1cba86fa8\">Absorption in Sekundenschnelle<\/h2>\n<p class=\"wp-block-heading has-text-align-center has-primary-color has-text-color has-link-color wp-elements-7c162e003255bcacd68fa0c1cba86fa8\">Unsere patentierte HINNAO-Technologie erm\u00f6glicht es uns, Lipidpartikel zur Absorption \u00fcber die Schleimhaut zu verwenden, was bedeutet, dass 85% jeder Dosis innerhalb von 60 Sekunden absorbiert werden.<\/p>\n<h2 style=\"text-align: center;\">Inhaltsstoffe von Resveratrol<\/h2>\n<p style=\"text-align: center;\">MCT (mittelkettige Triglyceride [gewonnen aus Kokosnuss- und Palmkern\u00f6l]), Resveratrol, S\u00fc\u00dfstoff: Steviolglykoside, Butter-Vanille-Aroma<\/p>\n<h2 style=\"text-align: center;\">Wie wird HINNAO eingenommen?<\/h2>\n<\/div>\n<h3>SCHRITT 1<\/h3>\n<p>Kr\u00e4ftig sch\u00fctteln und 30 Sekunden lang gut mischen, um eine gleichm\u00e4\u00dfige Dosis zu erhalten.<\/p>\n<h3>SCHRITT 2<\/h3>\n<p>Dr\u00fccken Sie die Pipette zusammen, um die empfohlene Dosis aufzusaugen.<\/p>\n<h3>SCHRITT 3<\/h3>\n<p>Nehmen Sie das Produkt in den Mund.<\/p>\n<h3>SCHRITT 4<\/h3>\n<p>60-90 Sekunden im Mund behalten, dann schlucken.<\/p>\n<\/div>\n<\/div>","protected":false},"excerpt":{"rendered":"<p>Why HINNAO Resveratrol is better than powder and other standard oral supplements. HINNAO High Stability Liposomal liquid drops absorb via the mucus membrane instantly reaching full absorption 60-90 Secs. Patented high stability liposomal technology. UNIFORMLY DISPERSED REDUCED IN PARTICLE SIZE HINNAO\u2122 Technology uses a high shear process subjecting the particles to 40,000 psi encapsulating the [&hellip;]<\/p>","protected":false},"featured_media":4113,"comment_status":"open","ping_status":"closed","template":"","meta":[],"product_brand":[],"product_cat":[31],"product_tag":[],"class_list":{"0":"post-4110","1":"product","2":"type-product","3":"status-publish","4":"has-post-thumbnail","6":"product_cat-hinnao","8":"first","9":"instock","10":"shipping-taxable","11":"purchasable","12":"product-type-simple"},"_links":{"self":[{"href":"https:\/\/qelizaesthetics.com\/de\/wp-json\/wp\/v2\/product\/4110","targetHints":{"allow":["GET"]}}],"collection":[{"href":"https:\/\/qelizaesthetics.com\/de\/wp-json\/wp\/v2\/product"}],"about":[{"href":"https:\/\/qelizaesthetics.com\/de\/wp-json\/wp\/v2\/types\/product"}],"replies":[{"embeddable":true,"href":"https:\/\/qelizaesthetics.com\/de\/wp-json\/wp\/v2\/comments?post=4110"}],"wp:featuredmedia":[{"embeddable":true,"href":"https:\/\/qelizaesthetics.com\/de\/wp-json\/wp\/v2\/media\/4113"}],"wp:attachment":[{"href":"https:\/\/qelizaesthetics.com\/de\/wp-json\/wp\/v2\/media?parent=4110"}],"wp:term":[{"taxonomy":"product_brand","embeddable":true,"href":"https:\/\/qelizaesthetics.com\/de\/wp-json\/wp\/v2\/product_brand?post=4110"},{"taxonomy":"product_cat","embeddable":true,"href":"https:\/\/qelizaesthetics.com\/de\/wp-json\/wp\/v2\/product_cat?post=4110"},{"taxonomy":"product_tag","embeddable":true,"href":"https:\/\/qelizaesthetics.com\/de\/wp-json\/wp\/v2\/product_tag?post=4110"}],"curies":[{"name":"wp","href":"https:\/\/api.w.org\/{rel}","templated":true}]}}