{"id":4107,"date":"2025-07-09T15:05:42","date_gmt":"2025-07-09T15:05:42","guid":{"rendered":"https:\/\/qelizaesthetics.com\/?post_type=product&#038;p=4107"},"modified":"2025-09-02T15:45:48","modified_gmt":"2025-09-02T15:45:48","slug":"nmn-nicotinamide-mononucleotide-liposomal-hinnao","status":"publish","type":"product","link":"https:\/\/qelizaesthetics.com\/de\/produkt\/nmn-nikotinamid-mononukleotid-liposomal-hinnao\/","title":{"rendered":"NMN (Nikotinamid-Mononukleotid - liposomal) HiNNAO"},"content":{"rendered":"<div id=\"text_block-896-19\" class=\"ct-text-block\"><b>HINNAO Technology hat ein propriet\u00e4res Verfahren entwickelt, das es erm\u00f6glicht, Molek\u00fcle in lipidgro\u00dfe Partikel zu zerkleinern und als (Smart Spheres) zu stabilisieren, die \u00fcber die Schleimh\u00e4ute direkt in die Blutbahn aufgenommen werden.<br \/>\n<\/b><br \/>\n<b>Reine und hochwertige Qualit\u00e4t\u00a0<\/b>HINNAO NMN verwendet die revolution\u00e4re Smart Spheres Technologie, um NMM direkt in Ihren Blutkreislauf zu bringen. Durch die Verwendung von Inhaltsstoffen in pharmazeutischer Qualit\u00e4t und Stabilit\u00e4tstests garantiert HINNAO Smart Spheres, dass Sie 100% des Wirkstoffs erhalten.<b>Revitalisieren Sie Ihre Zellen<br \/>\n<\/b>NMN ist eine nat\u00fcrlich vorkommende Verbindung, die eine entscheidende Rolle bei der Produktion von NAD+ (Nicotinamid-Adenin-Dinukleotid) spielt, einem Coenzym, das f\u00fcr die Zellenergie und die Zellreparatur unerl\u00e4sslich ist. Mit zunehmendem Alter sinkt der NAD+-Spiegel, was zu einer Verringerung der F\u00e4higkeit unseres K\u00f6rpers f\u00fchrt, sich selbst zu reparieren und zu verj\u00fcngen. Eine NMN-Erg\u00e4nzung hilft, den NAD+-Spiegel wieder aufzuf\u00fcllen, die Zellen zu revitalisieren und jugendliche Energie zu f\u00f6rdern.<b>Steigern Sie Ihre k\u00f6rperliche Leistungsf\u00e4higkeit:\u00a0<\/b>Sind Sie ein Sportler, der seine Ausdauer und Erholung verbessern m\u00f6chte? NMN kann Ihre sportlichen Ziele unterst\u00fctzen, indem es eine effiziente Energieproduktion und Muskelfunktion f\u00f6rdert. Sp\u00fcren Sie den Unterschied in Ihrer Leistung und Ausdauer.<\/div>\n<div id=\"text_block-898-19\" class=\"ct-text-block\">\n<p><b><\/b><b>Verbesserung der kognitiven Funktion<\/b>\u00a0Bewahren Sie Ihr Leben lang geistige Klarheit und Sch\u00e4rfe. Die Erh\u00f6hung des NAD+-Spiegels hat ein vielversprechendes Potenzial zur Unterst\u00fctzung der Gesundheit des Gehirns gezeigt, indem die kognitive Funktion, das Ged\u00e4chtnis und das allgemeine geistige Wohlbefinden verbessert werden.<\/p>\n<p><b>Zellul\u00e4re Abwehr unterst\u00fctzen st\u00e4rken<\/b>\u00a0die k\u00f6rpereigenen Abwehrkr\u00e4fte gegen die Auswirkungen von Alterung und Umweltbelastungen. NMN wirkt als starkes Antioxidans und hilft, oxidativen Stress und Entz\u00fcndungen zu bek\u00e4mpfen, zwei Schl\u00fcsselfaktoren des Alterungsprozesses.<\/p>\n<p><b>Optimierung des Stoffwechsels<\/b>\u00a0NMN wird mit einer verbesserten Stoffwechselfunktion in Verbindung gebracht, die das Gewichtsmanagement und die allgemeine Stoffwechselgesundheit unterst\u00fctzen kann. Erreichen Sie Ihre Fitness- und Wellness-Ziele mit der Unterst\u00fctzung von NMN.<\/p>\n<p><b>Anwendung und empfohlene Dosierung<br \/>\n<\/b>Sch\u00fctteln Sie die Flasche gut und dr\u00fccken Sie den Gummitropfen zusammen, um 1 ml des Produkts aufzusaugen. Geben Sie 1 ml des Produkts in den Mund und halten Sie es f\u00fcr 60 bis 90 Sekunden, dann schlucken Sie es. Jede vordosierte Tropfdosis (1 ml) liefert eine hochresorbierbare und aktive Quelle von NMN<\/p>\n<h2 class=\"wp-block-heading has-text-align-center has-primary-color has-text-color has-link-color wp-elements-7c162e003255bcacd68fa0c1cba86fa8\">Absorption in Sekundenschnelle<\/h2>\n<p class=\"has-text-align-center has-primary-color has-text-color has-link-color wp-elements-6ea19151869af7b15effdb8e09a24835\">Unsere patentierte HINNAO-Technologie erm\u00f6glicht es uns, Lipidpartikel zur Absorption \u00fcber die Schleimhaut zu verwenden, was bedeutet, dass 85% jeder Dosis innerhalb von 60 Sekunden absorbiert werden.<\/p>\n<div class=\"wp-block-group how-to-take-hinnao has-global-padding is-layout-constrained wp-block-group-is-layout-constrained\">\n<div class=\"wp-block-group alignwide is-nowrap is-layout-flex wp-block-group-is-layout-flex\">\n<h2>Wie wird HINNAO eingenommen?<\/h2>\n<h3>SCHRITT 1<\/h3>\n<p>Kr\u00e4ftig sch\u00fctteln und 30 Sekunden lang gut mischen, um eine gleichm\u00e4\u00dfige Dosis zu erhalten.<\/p>\n<h3>SCHRITT 2<\/h3>\n<p>Dr\u00fccken Sie die Pipette zusammen, um die empfohlene Dosis aufzusaugen.<\/p>\n<h3>SCHRITT 3<\/h3>\n<p>Nehmen Sie das Produkt in den Mund.<\/p>\n<h3>SCHRITT 4<\/h3>\n<p>60-90 Sekunden im Mund behalten, dann schlucken.<\/p>\n<\/div>\n<\/div>\n<\/div>","protected":false},"excerpt":{"rendered":"<p>HINNAO Technology has developed a proprietary process that enables molecules to be reduced into lipid sized particles and stabilised as (Smart Spheres) absorbed directly into the bloodstream via mucous membrane. Pure and Premium Quality\u00a0HINNAO NMN uses revolutionary smart spheres technology to deliver NMM straight into your bloodstream. Using pharm quality ingredients and stability testing HINNAO [&hellip;]<\/p>","protected":false},"featured_media":4109,"comment_status":"open","ping_status":"closed","template":"","meta":[],"product_brand":[],"product_cat":[31],"product_tag":[],"class_list":{"0":"post-4107","1":"product","2":"type-product","3":"status-publish","4":"has-post-thumbnail","6":"product_cat-hinnao","8":"first","9":"instock","10":"shipping-taxable","11":"purchasable","12":"product-type-simple"},"_links":{"self":[{"href":"https:\/\/qelizaesthetics.com\/de\/wp-json\/wp\/v2\/product\/4107","targetHints":{"allow":["GET"]}}],"collection":[{"href":"https:\/\/qelizaesthetics.com\/de\/wp-json\/wp\/v2\/product"}],"about":[{"href":"https:\/\/qelizaesthetics.com\/de\/wp-json\/wp\/v2\/types\/product"}],"replies":[{"embeddable":true,"href":"https:\/\/qelizaesthetics.com\/de\/wp-json\/wp\/v2\/comments?post=4107"}],"wp:featuredmedia":[{"embeddable":true,"href":"https:\/\/qelizaesthetics.com\/de\/wp-json\/wp\/v2\/media\/4109"}],"wp:attachment":[{"href":"https:\/\/qelizaesthetics.com\/de\/wp-json\/wp\/v2\/media?parent=4107"}],"wp:term":[{"taxonomy":"product_brand","embeddable":true,"href":"https:\/\/qelizaesthetics.com\/de\/wp-json\/wp\/v2\/product_brand?post=4107"},{"taxonomy":"product_cat","embeddable":true,"href":"https:\/\/qelizaesthetics.com\/de\/wp-json\/wp\/v2\/product_cat?post=4107"},{"taxonomy":"product_tag","embeddable":true,"href":"https:\/\/qelizaesthetics.com\/de\/wp-json\/wp\/v2\/product_tag?post=4107"}],"curies":[{"name":"wp","href":"https:\/\/api.w.org\/{rel}","templated":true}]}}