{"id":4104,"date":"2025-07-09T15:00:15","date_gmt":"2025-07-09T15:00:15","guid":{"rendered":"https:\/\/qelizaesthetics.com\/?post_type=product&#038;p=4104"},"modified":"2025-09-02T15:45:57","modified_gmt":"2025-09-02T15:45:57","slug":"vit-d3-4000-iu-k2-liposomal-hinnao","status":"publish","type":"product","link":"https:\/\/qelizaesthetics.com\/de\/produkt\/vit-d3-4000-iu-k2-liposomal-hinnao\/","title":{"rendered":"Vit D3 4000 IU + K2 (liposomal) HiNNAO"},"content":{"rendered":"<p><b>Warum HINNAO Vitamin D3 und K2 w\u00e4hlen?<\/b><br \/>\nVitamin D ist technisch gesehen kein Vitamin, sondern eines der st\u00e4rksten Hormone in Ihrem K\u00f6rper, das mehr als 2.000 Gene und K\u00f6rperfunktionen reguliert. Es bewirkt mehr als jedes andere Hormon.<\/p>\n<p>Noch erstaunlicher ist, dass Vitamin D eines der wenigen Vitamine ist, die der K\u00f6rper mit ein wenig Hilfe des Sonnenlichts selbst herstellen kann. Leider reicht die Sonneneinstrahlung f\u00fcr die meisten von uns nur selten aus, um gen\u00fcgend Vitamin D zu bilden; die meisten von uns haben sogar einen Vitamin-D-Mangel, so dass eine Supplementierung notwendig ist.<\/p>\n<p>*Vitamin D tr\u00e4gt zur normalen Funktion des Immunsystems und zur Erhaltung normaler Knochen bei<\/p>\n<p><b>HINNAO Vitamin D3 und K2 ist von Dritten getestet<\/b><br \/>\nUnser HINNAO Vitamin D3 ist von Dritten getestet worden und gelangt nachweislich innerhalb von Sekunden in Ihren Blutkreislauf.<\/p>\n<p><img fetchpriority=\"high\" decoding=\"async\" class=\"alignnone wp-image-873 size-full\" src=\"https:\/\/hinnao.com\/wp-content\/uploads\/2022\/10\/Hinnao-Vitamin-D3-K2-Graph.png\" sizes=\"(max-width: 551px) 100vw, 551px\" srcset=\"https:\/\/hinnao.com\/wp-content\/uploads\/2022\/10\/Hinnao-Vitamin-D3-K2-Graph.png 551w, https:\/\/hinnao.com\/wp-content\/uploads\/2022\/10\/Hinnao-Vitamin-D3-K2-Graph-300x143.png 300w\" alt=\"\" width=\"551\" height=\"263\" \/><\/p>\n<p><a href=\"https:\/\/hinnao.com\/wp-content\/uploads\/2023\/07\/HINNAO-VIitamin-D3-Diffusion-Study.pdf?v=eabb18f0a40c\" target=\"_blank\" rel=\"noopener\">Die Studie ansehen<\/a><\/p>\n<p>Vitamin D ist lebenswichtig f\u00fcr die Gesundheit, aber \u00fcber 75% der Menschen im Vereinigten K\u00f6nigreich haben einen Mangel.<\/p>\n<h2 class=\"wp-block-heading has-text-align-center has-primary-color has-text-color has-link-color wp-elements-7c162e003255bcacd68fa0c1cba86fa8\">Absorption in Sekundenschnelle<\/h2>\n<p class=\"has-text-align-center has-primary-color has-text-color has-link-color wp-elements-6ea19151869af7b15effdb8e09a24835\">Unsere patentierte HINNAO-Technologie erm\u00f6glicht es uns, Lipidpartikel zur Absorption \u00fcber die Schleimhaut zu verwenden, was bedeutet, dass 85% jeder Dosis innerhalb von 60 Sekunden absorbiert werden.<\/p>\n<div class=\"wp-block-group is-content-justification-center is-nowrap is-layout-flex wp-block-group-is-layout-flex\">\n<h2>Vitamin D3 + K2 Inhaltsstoffe<\/h2>\n<\/div>\n<div class=\"ingredients-list\">\n<p>S\u00fc\u00dfmandel\u00f6l, Vitamin D (als Cholecalciferol), Vitamin K2, Menachinon 7, S\u00fc\u00dfstoff: Steviolglykoside, Orangen- und Ananas\u00f6l-Aroma, Trennmittel: Siliciumdioxid<\/p>\n<\/div>","protected":false},"excerpt":{"rendered":"<p>Why Choose HINNAO Vitamin D3 and K2 Vitamin D is technically not a vitamin \u2013 it is actually one of the most potent hormones in your body that regulates more than 2,000 genes and bodily function. It does more than any other hormone. What is even more amazing is that Vitamin D is one of [&hellip;]<\/p>","protected":false},"featured_media":4106,"comment_status":"open","ping_status":"closed","template":"","meta":[],"product_brand":[],"product_cat":[31],"product_tag":[],"class_list":{"0":"post-4104","1":"product","2":"type-product","3":"status-publish","4":"has-post-thumbnail","6":"product_cat-hinnao","8":"first","9":"instock","10":"shipping-taxable","11":"purchasable","12":"product-type-simple"},"_links":{"self":[{"href":"https:\/\/qelizaesthetics.com\/de\/wp-json\/wp\/v2\/product\/4104","targetHints":{"allow":["GET"]}}],"collection":[{"href":"https:\/\/qelizaesthetics.com\/de\/wp-json\/wp\/v2\/product"}],"about":[{"href":"https:\/\/qelizaesthetics.com\/de\/wp-json\/wp\/v2\/types\/product"}],"replies":[{"embeddable":true,"href":"https:\/\/qelizaesthetics.com\/de\/wp-json\/wp\/v2\/comments?post=4104"}],"wp:featuredmedia":[{"embeddable":true,"href":"https:\/\/qelizaesthetics.com\/de\/wp-json\/wp\/v2\/media\/4106"}],"wp:attachment":[{"href":"https:\/\/qelizaesthetics.com\/de\/wp-json\/wp\/v2\/media?parent=4104"}],"wp:term":[{"taxonomy":"product_brand","embeddable":true,"href":"https:\/\/qelizaesthetics.com\/de\/wp-json\/wp\/v2\/product_brand?post=4104"},{"taxonomy":"product_cat","embeddable":true,"href":"https:\/\/qelizaesthetics.com\/de\/wp-json\/wp\/v2\/product_cat?post=4104"},{"taxonomy":"product_tag","embeddable":true,"href":"https:\/\/qelizaesthetics.com\/de\/wp-json\/wp\/v2\/product_tag?post=4104"}],"curies":[{"name":"wp","href":"https:\/\/api.w.org\/{rel}","templated":true}]}}