{"id":4096,"date":"2025-07-09T14:22:58","date_gmt":"2025-07-09T14:22:58","guid":{"rendered":"https:\/\/qelizaesthetics.com\/?post_type=product&#038;p=4096"},"modified":"2025-09-02T15:46:20","modified_gmt":"2025-09-02T15:46:20","slug":"radiantly-body-cream","status":"publish","type":"product","link":"https:\/\/qelizaesthetics.com\/de\/produkt\/strahlende-korpercreme\/","title":{"rendered":"Radiantly K\u00f6rpercreme"},"content":{"rendered":"<p>Eine K\u00f6rperlotion zur Verbesserung der Integrit\u00e4t und des Aussehens von Hautton und -textur. Erzielt schnelle und langfristige Ergebnisse. Erneuert die Haut mit der ultimativen straffenden und feuchtigkeitsspendenden Pflege. Ceramide sorgen f\u00fcr eine erh\u00f6hte Hautfeuchtigkeit und gl\u00e4ttende und aufpolsternde Effekte. Koffein sorgt f\u00fcr eine glatte, straffe und weniger holprige Hautoberfl\u00e4che. Reich an hochentwickelten Antioxidantien, die den Schutz der Haut unterst\u00fctzen. Nat\u00fcrliche pflanzliche Quellen beleben die Erneuerung der Haut. Reduziert das Erscheinungsbild von Linien und Falten. N\u00fctzlich f\u00fcr alle Hauttypen, besonders aber f\u00fcr diejenigen, die unter Alterserscheinungen leiden.<\/p>\n<p><strong>Wegbeschreibung:<\/strong>\u00a0Glatt auf den K\u00f6rper auftragen. Kann 1-2 Mal t\u00e4glich angewendet werden.<\/p>\n<p><strong>Hauttyp:<\/strong>\u00a0Gut f\u00fcr alle Hauttypen.<\/p>\n<p><strong>Gr\u00f6\u00dfe:<\/strong>\u00a08oz<\/p>\n<p><strong>Vorteile:<\/strong><\/p>\n<ul>\n<li>N\u00e4hrt und hydratisiert die Haut<\/li>\n<li>Ceramide f\u00fcr erh\u00f6hte Hautfeuchtigkeit, gl\u00e4ttende und aufpolsternde Wirkung<\/li>\n<li>Koffein sorgt f\u00fcr eine glattere, straffere und weniger holprige Hautoberfl\u00e4che<\/li>\n<li>Reich an hochentwickelten Antioxidantien, die den Schutz der Haut unterst\u00fctzen<\/li>\n<li>Nat\u00fcrliche pflanzliche Quellen beleben die Erneuerung der Haut<\/li>\n<\/ul>\n<ul>\n<li>Reduziert das Erscheinungsbild von Linien und Falten<\/li>\n<\/ul>\n<p><strong>Zutaten:<\/strong>\u00a0DI Wasser, Lauryl Lactate, Ethyl Macadamiate, Cocoglyceride, Stearic Acid, Cetearyl Alcohol, Glycerin, Glyceryl Stearate SE, Propanediol, Theobroma Cacao (Cocoa) Seed Butter, Phospholipide, Tocopheryl Linoleate, Hyalurons\u00e4ure, Phenylethyl Resorcinol, Hydroxy-Phenoxy Propionic Acid, Cholecalciferol, Koffein, Retinyl Linoleate, Sodium Hyaluronate, Ascorbyl Linoleate, Ceramide NP, Myristoyl Nonapeptide-3, Ceramide AP, Ceramide EOP, Phytosphinogosine, Citrus Aurantium Bergamia (Bergamotte) Peel Oil, Lavandula Hybrida Oil, Lavandula Angustifolia (Lavender) Oil, Plankton-Extrakt, Dimethicone, Glyceryl Stearate Citrate, Hydroxyethyl Cellulose, Disodium EDTA, Cholestrol, Sodium Lauroyl Lactylate, Carbomer, 1-2 Hexanediol, Xanthan Gum, Caprylyl Glycol.<\/p>","protected":false},"excerpt":{"rendered":"<p>Eine K\u00f6rperlotion zur Verbesserung der Integrit\u00e4t und des Aussehens von Hautton und -textur. Erzielt schnelle und langfristige Ergebnisse. Erneuert die Haut mit der ultimativen straffenden und feuchtigkeitsspendenden Pflege. Ceramide sorgen f\u00fcr eine erh\u00f6hte Hautfeuchtigkeit und gl\u00e4ttende und aufpolsternde Effekte. Koffein sorgt f\u00fcr eine glatte, straffe und weniger holprige Hautoberfl\u00e4che. Reich an fortschrittlichen Antioxidantien, die die [...]<\/p>","protected":false},"featured_media":4098,"comment_status":"open","ping_status":"closed","template":"","meta":[],"product_brand":[],"product_cat":[30,34],"product_tag":[],"class_list":{"0":"post-4096","1":"product","2":"type-product","3":"status-publish","4":"has-post-thumbnail","6":"product_cat-societe","7":"product_cat-skincare","9":"first","10":"instock","11":"shipping-taxable","12":"purchasable","13":"product-type-simple"},"_links":{"self":[{"href":"https:\/\/qelizaesthetics.com\/de\/wp-json\/wp\/v2\/product\/4096","targetHints":{"allow":["GET"]}}],"collection":[{"href":"https:\/\/qelizaesthetics.com\/de\/wp-json\/wp\/v2\/product"}],"about":[{"href":"https:\/\/qelizaesthetics.com\/de\/wp-json\/wp\/v2\/types\/product"}],"replies":[{"embeddable":true,"href":"https:\/\/qelizaesthetics.com\/de\/wp-json\/wp\/v2\/comments?post=4096"}],"wp:featuredmedia":[{"embeddable":true,"href":"https:\/\/qelizaesthetics.com\/de\/wp-json\/wp\/v2\/media\/4098"}],"wp:attachment":[{"href":"https:\/\/qelizaesthetics.com\/de\/wp-json\/wp\/v2\/media?parent=4096"}],"wp:term":[{"taxonomy":"product_brand","embeddable":true,"href":"https:\/\/qelizaesthetics.com\/de\/wp-json\/wp\/v2\/product_brand?post=4096"},{"taxonomy":"product_cat","embeddable":true,"href":"https:\/\/qelizaesthetics.com\/de\/wp-json\/wp\/v2\/product_cat?post=4096"},{"taxonomy":"product_tag","embeddable":true,"href":"https:\/\/qelizaesthetics.com\/de\/wp-json\/wp\/v2\/product_tag?post=4096"}],"curies":[{"name":"wp","href":"https:\/\/api.w.org\/{rel}","templated":true}]}}