{"id":4093,"date":"2025-07-09T13:07:52","date_gmt":"2025-07-09T13:07:52","guid":{"rendered":"https:\/\/qelizaesthetics.com\/?post_type=product&#038;p=4093"},"modified":"2025-09-02T15:46:29","modified_gmt":"2025-09-02T15:46:29","slug":"societe-covershield-spf-27","status":"publish","type":"product","link":"https:\/\/qelizaesthetics.com\/de\/produkt\/societe-covershield-spf-27\/","title":{"rendered":"Societe Covershield SPF 27"},"content":{"rendered":"<p><strong>Eine ultra-cremige SPF-Feuchtigkeitscreme, die mit einem physikalischen SPF 27-Sonnenschutz einen umfassenden Schutz bietet, der die Haut sch\u00fctzt und gl\u00e4ttet. Hervorragend geeignet f\u00fcr empfindliche, reaktive, Rosazea- und Akne-Hauttypen sowie f\u00fcr Patienten nach Laser-, Peeling- und chirurgischen Eingriffen.\u00a0<\/strong><\/p>\n<p>&nbsp;<\/p>\n<p><strong>Wegbeschreibung:<br \/>\n<\/strong>Nach der Reinigung, der Vorbereitungsl\u00f6sung und der t\u00e4glichen Behandlung auftragen. Je nach Bedarf f\u00fcr zus\u00e4tzliche Feuchtigkeit verwenden.<\/p>\n<p><strong>Hauttyp:<\/strong>\u00a0Gut f\u00fcr alle Hauttypen.<\/p>\n<p><strong>pH-Wert:<\/strong>\u00a0Neutral<\/p>\n<p><strong>Gr\u00f6\u00dfe:<\/strong>\u00a02.1oz<\/p>\n<p><strong>Vorteile:<\/strong><\/p>\n<ul>\n<li>Breites Spektrum UVA\/UVB<\/li>\n<li>Bek\u00e4mpft und sch\u00fctzt vor freien Radikalen<\/li>\n<li>Wirksames Umweltschutzmittel<\/li>\n<li>H\u00e4lt Umweltschadstoffe fern<\/li>\n<li>Leicht get\u00f6nt\/trocken klar<\/li>\n<li>Feuchtigkeitsspendend, nicht reizend und hautgl\u00e4ttend<\/li>\n<\/ul>\n<p><strong>Zutaten:\u00a0<\/strong>Titandioxid, Zinkoxid, Wasser, Cyclopentasiloxan, Cyclomethicone, Dimethicone Crosspolymer, Caprylyl Methicone, Butylene Glycol, Glycerin, Methicone, Dimethicone, Cetyl Alcohol, Dimethicone\/Vinyl Dimethicone Crosspolymer, Glyceryl Stearate, PEG-75 Stearate, Ceteth-20, Tocopheryl Linoleate\/Oleate, Myristoyl Pentapeptide-17, Myristoyl Nonapeptide-3, Ascorbyl Linoleate, Eisenoxide, Polyhydroxystearic Acid, Acrylates\/C10-30 Alkyl Acrylate Crosspolymer, Sodium Hyaluronate, Camellia Sinensis Leaf Extract, Silica, Steareth-20, Phenoxyethanol, Ethylhexylglycerin<\/p>","protected":false},"excerpt":{"rendered":"<p>Eine ultra-cremige SPF-Feuchtigkeitscreme, die mit einem physikalischen SPF 27-Sonnenschutz einen umfassenden Schutz bietet, der die Haut sch\u00fctzt und gl\u00e4ttet. Hervorragend geeignet f\u00fcr empfindliche, reaktive, Rosazea- und Akne-Hauttypen sowie f\u00fcr Patienten nach Laser-, Peeling- und chirurgischen Eingriffen.    Anwendung: Nach der Reinigung, der Vorbereitungsl\u00f6sung und der t\u00e4glichen Behandlung auftragen. Je nach Bedarf f\u00fcr zus\u00e4tzliche Feuchtigkeit verwenden. Haut [...]<\/p>","protected":false},"featured_media":4095,"comment_status":"open","ping_status":"closed","template":"","meta":[],"product_brand":[],"product_cat":[30,34],"product_tag":[],"class_list":{"0":"post-4093","1":"product","2":"type-product","3":"status-publish","4":"has-post-thumbnail","6":"product_cat-societe","7":"product_cat-skincare","9":"first","10":"instock","11":"shipping-taxable","12":"purchasable","13":"product-type-simple"},"_links":{"self":[{"href":"https:\/\/qelizaesthetics.com\/de\/wp-json\/wp\/v2\/product\/4093","targetHints":{"allow":["GET"]}}],"collection":[{"href":"https:\/\/qelizaesthetics.com\/de\/wp-json\/wp\/v2\/product"}],"about":[{"href":"https:\/\/qelizaesthetics.com\/de\/wp-json\/wp\/v2\/types\/product"}],"replies":[{"embeddable":true,"href":"https:\/\/qelizaesthetics.com\/de\/wp-json\/wp\/v2\/comments?post=4093"}],"wp:featuredmedia":[{"embeddable":true,"href":"https:\/\/qelizaesthetics.com\/de\/wp-json\/wp\/v2\/media\/4095"}],"wp:attachment":[{"href":"https:\/\/qelizaesthetics.com\/de\/wp-json\/wp\/v2\/media?parent=4093"}],"wp:term":[{"taxonomy":"product_brand","embeddable":true,"href":"https:\/\/qelizaesthetics.com\/de\/wp-json\/wp\/v2\/product_brand?post=4093"},{"taxonomy":"product_cat","embeddable":true,"href":"https:\/\/qelizaesthetics.com\/de\/wp-json\/wp\/v2\/product_cat?post=4093"},{"taxonomy":"product_tag","embeddable":true,"href":"https:\/\/qelizaesthetics.com\/de\/wp-json\/wp\/v2\/product_tag?post=4093"}],"curies":[{"name":"wp","href":"https:\/\/api.w.org\/{rel}","templated":true}]}}